{"id":3144,"date":"2021-09-21T09:29:29","date_gmt":"2021-09-21T09:29:29","guid":{"rendered":"http:\/\/amesagilezero.webprobak.com\/?page_id=3144"},"modified":"2021-09-21T09:29:29","modified_gmt":"2021-09-21T09:29:29","slug":"informacion-util-y-envios","status":"publish","type":"page","link":"https:\/\/amesgile.com\/es\/informacion-util-y-envios\/","title":{"rendered":"Informaci\u00f3n \u00fatil y env\u00edos"},"content":{"rendered":"<div class=\"container section-title-container\" ><h1 class=\"section-title section-title-center\"><b><\/b><span class=\"section-title-main\" >ENVIOS E INFORMACI\u00d3N \u00daTIL<\/span><b><\/b><\/h1><\/div>\n<div class=\"row\"  id=\"row-1487748853\">\n\n\t<div id=\"col-264269057\" class=\"col medium-4 small-12 large-4\"  >\n\t\t\t\t<div class=\"col-inner text-center\"  >\n\t\t\t\n\t\t\t\n\t<div class=\"img has-hover x md-x lg-x y md-y lg-y\" id=\"image_1658016982\">\n\t\t\t\t\t\t\t\t<div class=\"img-inner dark\" >\n\t\t\t<img width=\"500\" height=\"500\" src=\"https:\/\/amesgile.com\/wp-content\/uploads\/2021\/09\/fakturea.png\" class=\"attachment-large size-large\" alt=\"\" decoding=\"async\" loading=\"lazy\" srcset=\"https:\/\/amesgile.com\/wp-content\/uploads\/2021\/09\/fakturea.png 500w, https:\/\/amesgile.com\/wp-content\/uploads\/2021\/09\/fakturea-300x300.png 300w, https:\/\/amesgile.com\/wp-content\/uploads\/2021\/09\/fakturea-150x150.png 150w, https:\/\/amesgile.com\/wp-content\/uploads\/2021\/09\/fakturea-100x100.png 100w\" sizes=\"(max-width: 500px) 100vw, 500px\" \/>\t\t\t\t\t\t\n\t\t\t\t\t<\/div>\n\t\t\t\t\t\t\t\t\n<style>\n#image_1658016982 {\n  width: 49%;\n}\n<\/style>\n\t<\/div>\n\t\n<div class=\"container section-title-container\" style=\"margin-bottom:-8px;\"><h3 class=\"section-title section-title-center\"><b><\/b><span class=\"section-title-main\" >FACTURACI\u00d3N<\/span><b><\/b><\/h3><\/div>\n<p><span style=\"font-size: 95%;\"><span lang=\"eu-ES\">Si necesita factura, escribanos a <a href=\"mailto:info@amesgile.com-era\">info@amesgile.com<\/a> y se lo enviaremos por correo electr\u00f3nico.<br \/>\n<\/span><\/span><\/p>\n\t\t<\/div>\n\t\t\t\t\t<\/div>\n\n\t\n\n\t<div id=\"col-371792894\" class=\"col medium-4 small-12 large-4\"  >\n\t\t\t\t<div class=\"col-inner text-center\"  >\n\t\t\t\n\t\t\t\n\t<div class=\"img has-hover x md-x lg-x y md-y lg-y\" id=\"image_1959522422\">\n\t\t\t\t\t\t\t\t<div class=\"img-inner dark\" >\n\t\t\t<img width=\"500\" height=\"500\" src=\"https:\/\/amesgile.com\/wp-content\/uploads\/2021\/09\/ordainketa.png\" class=\"attachment-large size-large\" alt=\"\" decoding=\"async\" loading=\"lazy\" srcset=\"https:\/\/amesgile.com\/wp-content\/uploads\/2021\/09\/ordainketa.png 500w, https:\/\/amesgile.com\/wp-content\/uploads\/2021\/09\/ordainketa-300x300.png 300w, https:\/\/amesgile.com\/wp-content\/uploads\/2021\/09\/ordainketa-150x150.png 150w, https:\/\/amesgile.com\/wp-content\/uploads\/2021\/09\/ordainketa-100x100.png 100w\" sizes=\"(max-width: 500px) 100vw, 500px\" \/>\t\t\t\t\t\t\n\t\t\t\t\t<\/div>\n\t\t\t\t\t\t\t\t\n<style>\n#image_1959522422 {\n  width: 49%;\n}\n<\/style>\n\t<\/div>\n\t\n<div class=\"container section-title-container\" style=\"margin-bottom:-8px;\"><h3 class=\"section-title section-title-center\"><b><\/b><span class=\"section-title-main\" >MODO DE PAGO<\/span><b><\/b><\/h3><\/div>\n<p>Puedes hacerlo v\u00eda Paypal o con tarjeta de cr\u00e9dito. La web Amesgile dispone de certificado SLL y usa el sistema Redsys para realizar compras seguras. El titular de la tarjeta ser\u00e1 el \u00faltimo responsable de la transacci\u00f3n. Amesgile no fija un limite de edad para comprar.<\/p>\n\t\t<\/div>\n\t\t\t\t\t<\/div>\n\n\t\n\n\t<div id=\"col-1101012163\" class=\"col medium-4 small-12 large-4\"  >\n\t\t\t\t<div class=\"col-inner text-center\"  >\n\t\t\t\n\t\t\t\n\t<div class=\"img has-hover x md-x lg-x y md-y lg-y\" id=\"image_978456906\">\n\t\t\t\t\t\t\t\t<div class=\"img-inner dark\" >\n\t\t\t<img width=\"500\" height=\"500\" src=\"https:\/\/amesgile.com\/wp-content\/uploads\/2021\/09\/bidalketa.png\" class=\"attachment-large size-large\" alt=\"\" decoding=\"async\" loading=\"lazy\" srcset=\"https:\/\/amesgile.com\/wp-content\/uploads\/2021\/09\/bidalketa.png 500w, https:\/\/amesgile.com\/wp-content\/uploads\/2021\/09\/bidalketa-300x300.png 300w, https:\/\/amesgile.com\/wp-content\/uploads\/2021\/09\/bidalketa-150x150.png 150w, https:\/\/amesgile.com\/wp-content\/uploads\/2021\/09\/bidalketa-100x100.png 100w\" sizes=\"(max-width: 500px) 100vw, 500px\" \/>\t\t\t\t\t\t\n\t\t\t\t\t<\/div>\n\t\t\t\t\t\t\t\t\n<style>\n#image_978456906 {\n  width: 49%;\n}\n<\/style>\n\t<\/div>\n\t\n<div class=\"container section-title-container\" style=\"margin-bottom:-8px;\"><h3 class=\"section-title section-title-center\"><b><\/b><span class=\"section-title-main\" >ENVIOS<\/span><b><\/b><\/h3><\/div>\n<p>Necesitaremos un d\u00eda para preparar su pedido y procesaremos los env\u00edos dentro de las 24 a 28 horas. As\u00ed podr\u00e1s recibir tu pedido en la pen\u00ednsula espa\u00f1ola en un plazo de 3-5 d\u00edas. En el extranjero en un plazo de 5-15 d\u00edas, seg\u00fan el pa\u00eds y el tr\u00e1fico. \u00a1Recuerda que los fines de semana tambi\u00e9n son festivos para nosotros!<\/p>\n\t\t<\/div>\n\t\t\t\t\t<\/div>\n\n\t\n<\/div>\n<div class=\"row\"  id=\"row-1145234003\">\n\n\t<div id=\"col-248056409\" class=\"col medium-4 small-12 large-4\"  >\n\t\t\t\t<div class=\"col-inner text-center\"  >\n\t\t\t\n\t\t\t\n\t<div class=\"img has-hover x md-x lg-x y md-y lg-y\" id=\"image_1700410398\">\n\t\t\t\t\t\t\t\t<div class=\"img-inner dark\" >\n\t\t\t<img width=\"500\" height=\"500\" src=\"https:\/\/amesgile.com\/wp-content\/uploads\/2021\/09\/eskuz_egina.png\" class=\"attachment-large size-large\" alt=\"\" decoding=\"async\" loading=\"lazy\" srcset=\"https:\/\/amesgile.com\/wp-content\/uploads\/2021\/09\/eskuz_egina.png 500w, https:\/\/amesgile.com\/wp-content\/uploads\/2021\/09\/eskuz_egina-300x300.png 300w, https:\/\/amesgile.com\/wp-content\/uploads\/2021\/09\/eskuz_egina-150x150.png 150w, https:\/\/amesgile.com\/wp-content\/uploads\/2021\/09\/eskuz_egina-100x100.png 100w\" sizes=\"(max-width: 500px) 100vw, 500px\" \/>\t\t\t\t\t\t\n\t\t\t\t\t<\/div>\n\t\t\t\t\t\t\t\t\n<style>\n#image_1700410398 {\n  width: 49%;\n}\n<\/style>\n\t<\/div>\n\t\n<div class=\"container section-title-container\" style=\"margin-bottom:-8px;\"><h3 class=\"section-title section-title-center\"><b><\/b><span class=\"section-title-main\" >RECUERDOS FABRICADOS A MANO<\/span><b><\/b><\/h3><\/div>\n<p>Si nos quedamos sin recuerdos hechos a mano, ten en cuenta que lleva tiempo crearlos. Aunque intentaremos hacerlos en el menor tiempo posible. Apreciamos su comprensi\u00f3n.<\/p>\n\t\t<\/div>\n\t\t\t\t\t<\/div>\n\n\t\n\n\t<div id=\"col-1388089141\" class=\"col medium-4 small-12 large-4\"  >\n\t\t\t\t<div class=\"col-inner text-center\"  >\n\t\t\t\n\t\t\t\n\t<div class=\"img has-hover x md-x lg-x y md-y lg-y\" id=\"image_1089574503\">\n\t\t\t\t\t\t\t\t<div class=\"img-inner dark\" >\n\t\t\t<img width=\"500\" height=\"500\" src=\"https:\/\/amesgile.com\/wp-content\/uploads\/2021\/09\/bidalketa_kostua.png\" class=\"attachment-large size-large\" alt=\"\" decoding=\"async\" loading=\"lazy\" srcset=\"https:\/\/amesgile.com\/wp-content\/uploads\/2021\/09\/bidalketa_kostua.png 500w, https:\/\/amesgile.com\/wp-content\/uploads\/2021\/09\/bidalketa_kostua-300x300.png 300w, https:\/\/amesgile.com\/wp-content\/uploads\/2021\/09\/bidalketa_kostua-150x150.png 150w, https:\/\/amesgile.com\/wp-content\/uploads\/2021\/09\/bidalketa_kostua-100x100.png 100w\" sizes=\"(max-width: 500px) 100vw, 500px\" \/>\t\t\t\t\t\t\n\t\t\t\t\t<\/div>\n\t\t\t\t\t\t\t\t\n<style>\n#image_1089574503 {\n  width: 49%;\n}\n<\/style>\n\t<\/div>\n\t\n<div class=\"container section-title-container\" style=\"margin-bottom:-8px;\"><h3 class=\"section-title section-title-center\"><b><\/b><span class=\"section-title-main\" >GASTOS DE ENVIO<\/span><b><\/b><\/h3><\/div>\n<p>El coste del env\u00edo ser\u00e1 de 5 euros en Espa\u00f1a y Portugal. 10 euros para Europa, 15 euros para Am\u00e9rica y 20 euros en el resto del mundo. Los env\u00edos superiores a 50 euros ser\u00e1n gratuitos en Espa\u00f1a y Portugal, y los superiores a 60 euros en el exterior.<\/p>\n\t\t<\/div>\n\t\t\t\t\t<\/div>\n\n\t\n\n\t<div id=\"col-998624308\" class=\"col medium-4 small-12 large-4\"  >\n\t\t\t\t<div class=\"col-inner text-center\"  >\n\t\t\t\n\t\t\t\n\t<div class=\"img has-hover x md-x lg-x y md-y lg-y\" id=\"image_508154413\">\n\t\t\t\t\t\t\t\t<div class=\"img-inner dark\" >\n\t\t\t<img width=\"800\" height=\"800\" src=\"https:\/\/amesgile.com\/wp-content\/uploads\/2021\/09\/itzulketak.png\" class=\"attachment-large size-large\" alt=\"\" decoding=\"async\" loading=\"lazy\" srcset=\"https:\/\/amesgile.com\/wp-content\/uploads\/2021\/09\/itzulketak.png 800w, https:\/\/amesgile.com\/wp-content\/uploads\/2021\/09\/itzulketak-300x300.png 300w, https:\/\/amesgile.com\/wp-content\/uploads\/2021\/09\/itzulketak-150x150.png 150w, https:\/\/amesgile.com\/wp-content\/uploads\/2021\/09\/itzulketak-768x768.png 768w, https:\/\/amesgile.com\/wp-content\/uploads\/2021\/09\/itzulketak-500x500.png 500w, https:\/\/amesgile.com\/wp-content\/uploads\/2021\/09\/itzulketak-700x700.png 700w, https:\/\/amesgile.com\/wp-content\/uploads\/2021\/09\/itzulketak-100x100.png 100w\" sizes=\"(max-width: 800px) 100vw, 800px\" \/>\t\t\t\t\t\t\n\t\t\t\t\t<\/div>\n\t\t\t\t\t\t\t\t\n<style>\n#image_508154413 {\n  width: 49%;\n}\n<\/style>\n\t<\/div>\n\t\n<div class=\"container section-title-container\" style=\"margin-bottom:-8px;\"><h3 class=\"section-title section-title-center\"><b><\/b><span class=\"section-title-main\" >DEVOLUCIONES<\/span><b><\/b><\/h3><\/div>\n<p>Sentimos las molestias, pero no se admiten devoluciones de ning\u00fan tipo. Existe la posibilidad de cancelar el pedido, siempre y cuando se cancele antes del env\u00edo. Para ello, habr\u00e1 que enviar un email con la petici\u00f3n al correo: info@amesgile.com.<\/p>\n\t\t<\/div>\n\t\t\t\t\t<\/div>\n\n\t\n<\/div>\n","protected":false},"excerpt":{"rendered":"","protected":false},"author":1,"featured_media":0,"parent":0,"menu_order":0,"comment_status":"closed","ping_status":"closed","template":"","meta":{"footnotes":""},"_links":{"self":[{"href":"https:\/\/amesgile.com\/es\/wp-json\/wp\/v2\/pages\/3144"}],"collection":[{"href":"https:\/\/amesgile.com\/es\/wp-json\/wp\/v2\/pages"}],"about":[{"href":"https:\/\/amesgile.com\/es\/wp-json\/wp\/v2\/types\/page"}],"author":[{"embeddable":true,"href":"https:\/\/amesgile.com\/es\/wp-json\/wp\/v2\/users\/1"}],"replies":[{"embeddable":true,"href":"https:\/\/amesgile.com\/es\/wp-json\/wp\/v2\/comments?post=3144"}],"version-history":[{"count":2,"href":"https:\/\/amesgile.com\/es\/wp-json\/wp\/v2\/pages\/3144\/revisions"}],"predecessor-version":[{"id":3146,"href":"https:\/\/amesgile.com\/es\/wp-json\/wp\/v2\/pages\/3144\/revisions\/3146"}],"wp:attachment":[{"href":"https:\/\/amesgile.com\/es\/wp-json\/wp\/v2\/media?parent=3144"}],"curies":[{"name":"wp","href":"https:\/\/api.w.org\/{rel}","templated":true}]}}