{"id":3573,"date":"2021-09-27T12:01:26","date_gmt":"2021-09-27T12:01:26","guid":{"rendered":"http:\/\/amesagilezero.webprobak.com\/?post_type=product&#038;p=3573"},"modified":"2025-12-11T19:52:46","modified_gmt":"2025-12-11T17:52:46","slug":"maisha","status":"publish","type":"product","link":"https:\/\/amesgile.com\/es\/produktua\/maisha\/","title":{"rendered":"MAISHA"},"content":{"rendered":"","protected":false},"excerpt":{"rendered":"<p>MAISHA es una historia de tres generaciones contada por la \u00faltima. De mujeres trabajadoras, luchadoras, sufridoras y revolucionarias a su modo. Una vida que podr\u00eda haber sido tuya.<\/p>\n<p>La escritora se desnuda mental, emocional y desgarradoramente, para contar en primera persona su vida y parte de su matriarcado. Como ella bien expone, &#8220;Con esta historia no quiero tratar a algunos como salvadores y a otros como castigadores. Ni poner medallas ni repartir sermones. Solo expresarme, hacer reflexi\u00f3n y contar mi versi\u00f3n de los hechos por si puede servir de ayuda a alguien&#8221;.<\/p>\n<p>Una novela biogr\u00e1fica que tiene todo en su interior para bullir y cambiar tu vida. Como la vida misma est\u00e1 llena de altibajos, aqu\u00ed no lo es menos. Una lecci\u00f3n de vida para la protagonista, que sencillamente va dando pautas y aprendizajes al lector, y que contiene poso y final positivo.<\/p>\n<p>Al fin y al cabo tambi\u00e9n es un peque\u00f1o homenaje a nuestros ancianos, a su deterioro mental y sobre todo un halo de esperanza y fuerza para los cuidadores.<\/p>\n<p>*Novela en castellano<\/p>\n<p>*Tama\u00f1o: 15x21cm<\/p>\n<p>*Tapa blanda con solapas y portada barnizada<\/p>\n","protected":false},"featured_media":2991,"template":"","meta":[],"product_cat":[62,66],"product_tag":[],"_links":{"self":[{"href":"https:\/\/amesgile.com\/es\/wp-json\/wp\/v2\/product\/3573"}],"collection":[{"href":"https:\/\/amesgile.com\/es\/wp-json\/wp\/v2\/product"}],"about":[{"href":"https:\/\/amesgile.com\/es\/wp-json\/wp\/v2\/types\/product"}],"wp:featuredmedia":[{"embeddable":true,"href":"https:\/\/amesgile.com\/es\/wp-json\/wp\/v2\/media\/2991"}],"wp:attachment":[{"href":"https:\/\/amesgile.com\/es\/wp-json\/wp\/v2\/media?parent=3573"}],"wp:term":[{"taxonomy":"product_cat","embeddable":true,"href":"https:\/\/amesgile.com\/es\/wp-json\/wp\/v2\/product_cat?post=3573"},{"taxonomy":"product_tag","embeddable":true,"href":"https:\/\/amesgile.com\/es\/wp-json\/wp\/v2\/product_tag?post=3573"}],"curies":[{"name":"wp","href":"https:\/\/api.w.org\/{rel}","templated":true}]}}