{"id":3655,"date":"2021-12-31T12:26:16","date_gmt":"2021-12-31T12:26:16","guid":{"rendered":"https:\/\/amesgile.com\/produktua\/malen-eta-itsas-izarra\/"},"modified":"2023-02-02T06:39:37","modified_gmt":"2023-02-02T06:39:37","slug":"malen-eta-itsas-izarra","status":"publish","type":"product","link":"https:\/\/amesgile.com\/es\/produktua\/malen-eta-itsas-izarra\/","title":{"rendered":"Malen y la estrella de mar"},"content":{"rendered":"<p>Abre este precioso cuento y a ver cu\u00e1ntas cosas encuentras en la playa de Itzurun.<\/p>\n<p>Aprende con Malen a cuidar la naturaleza.<\/p>\n<p>Un cuento muy colorido y lleno de empat\u00eda, para que los m\u00e1s peque\u00f1os aprendan a cuidar y respetar los animales.<\/p>\n<p>&nbsp;<\/p>\n<p>*Libro ilustrado en castellano<\/p>\n<p>*Tama\u00f1o: 29x25cm<\/p>\n<p>*Tapa blanda<\/p>\n<p>*Impreso 100% en el Pa\u00eds Vasco (kilometro 0)<\/p>\n","protected":false},"excerpt":{"rendered":"<p>Abre este precioso cuento y a ver cu\u00e1ntas cosas encuentras en la playa de Itzurun.<\/p>\n<p>Aprende con Malen a cuidar la naturaleza.<\/p>\n<p>Un cuento muy colorido y lleno de empat\u00eda, para que los m\u00e1s peque\u00f1os aprendan a cuidar y respetar los animales.<\/p>\n<p>&nbsp;<\/p>\n<p>*Libro ilustrado en castellano<\/p>\n<p>*Tama\u00f1o: 29x25cm<\/p>\n<p>*Tapa blanda<\/p>\n<p>*Impreso 100% en el Pa\u00eds Vasco (kilometro 0)<\/p>\n","protected":false},"featured_media":3657,"template":"","meta":[],"product_cat":[65,62,63],"product_tag":[],"_links":{"self":[{"href":"https:\/\/amesgile.com\/es\/wp-json\/wp\/v2\/product\/3655"}],"collection":[{"href":"https:\/\/amesgile.com\/es\/wp-json\/wp\/v2\/product"}],"about":[{"href":"https:\/\/amesgile.com\/es\/wp-json\/wp\/v2\/types\/product"}],"wp:featuredmedia":[{"embeddable":true,"href":"https:\/\/amesgile.com\/es\/wp-json\/wp\/v2\/media\/3657"}],"wp:attachment":[{"href":"https:\/\/amesgile.com\/es\/wp-json\/wp\/v2\/media?parent=3655"}],"wp:term":[{"taxonomy":"product_cat","embeddable":true,"href":"https:\/\/amesgile.com\/es\/wp-json\/wp\/v2\/product_cat?post=3655"},{"taxonomy":"product_tag","embeddable":true,"href":"https:\/\/amesgile.com\/es\/wp-json\/wp\/v2\/product_tag?post=3655"}],"curies":[{"name":"wp","href":"https:\/\/api.w.org\/{rel}","templated":true}]}}