{"id":4101,"date":"2022-06-22T15:59:36","date_gmt":"2022-06-22T15:59:36","guid":{"rendered":"https:\/\/amesgile.com\/produktua\/no-mas-plastico\/"},"modified":"2023-02-02T06:28:27","modified_gmt":"2023-02-02T06:28:27","slug":"no-mas-plastico","status":"publish","type":"product","link":"https:\/\/amesgile.com\/es\/produktua\/no-mas-plastico\/","title":{"rendered":"\u00a1NO M\u00c1S PL\u00c1STICO!"},"content":{"rendered":"<p>\u00bfTE GUSTAN EL MAR Y LOS ANIMALES ACU\u00c1TICOS?<\/p>\n<p>ZAMB\u00daLLETE EN EL MAR CON LEA Y A VER QU\u00c9 ENCUENTRAS.<\/p>\n<p>UN LIBRO PARA NI\u00d1OS Y NI\u00d1AS VALIENTES.<\/p>\n<p>Un libro para ense\u00f1ar el da\u00f1o del pl\u00e1stico y que con perseverancia, haciendo, es como se consiguen las cosas.<\/p>\n<p>&nbsp;<\/p>\n<p>&nbsp;<\/p>\n<p>*Libro ilustrado en castellano<\/p>\n<p>*Escrito en letra may\u00fascula<\/p>\n<p>*Contiene una doble ilustraci\u00f3n para colorear<\/p>\n<p>*Tama\u00f1o: 29x25cm<\/p>\n<p>*Tapa blanda<\/p>\n<p>*Impreso 100% en el Pa\u00eds Vasco (kilometro 0)<\/p>\n","protected":false},"excerpt":{"rendered":"<p>\u00bfTE GUSTAN EL MAR Y LOS ANIMALES ACU\u00c1TICOS?<\/p>\n<p>ZAMB\u00daLLETE EN EL MAR CON LEA Y A VER QU\u00c9 ENCUENTRAS.<\/p>\n<p>UN LIBRO PARA NI\u00d1OS Y NI\u00d1AS VALIENTES.<\/p>\n<p>Un libro para ense\u00f1ar el da\u00f1o del pl\u00e1stico y que con perseverancia, haciendo, es como se consiguen las cosas.<\/p>\n<p>&nbsp;<\/p>\n<p>&nbsp;<\/p>\n<p>*Libro ilustrado en castellano<\/p>\n<p>*Escrito en letra may\u00fascula<\/p>\n<p>*Contiene una doble ilustraci\u00f3n para colorear<\/p>\n<p>*Tama\u00f1o: 29x25cm<\/p>\n<p>*Tapa blanda<\/p>\n<p>*Impreso 100% en el Pa\u00eds Vasco (kilometro 0)<\/p>\n","protected":false},"featured_media":4102,"template":"","meta":[],"product_cat":[65,62,63],"product_tag":[],"_links":{"self":[{"href":"https:\/\/amesgile.com\/es\/wp-json\/wp\/v2\/product\/4101"}],"collection":[{"href":"https:\/\/amesgile.com\/es\/wp-json\/wp\/v2\/product"}],"about":[{"href":"https:\/\/amesgile.com\/es\/wp-json\/wp\/v2\/types\/product"}],"wp:featuredmedia":[{"embeddable":true,"href":"https:\/\/amesgile.com\/es\/wp-json\/wp\/v2\/media\/4102"}],"wp:attachment":[{"href":"https:\/\/amesgile.com\/es\/wp-json\/wp\/v2\/media?parent=4101"}],"wp:term":[{"taxonomy":"product_cat","embeddable":true,"href":"https:\/\/amesgile.com\/es\/wp-json\/wp\/v2\/product_cat?post=4101"},{"taxonomy":"product_tag","embeddable":true,"href":"https:\/\/amesgile.com\/es\/wp-json\/wp\/v2\/product_tag?post=4101"}],"curies":[{"name":"wp","href":"https:\/\/api.w.org\/{rel}","templated":true}]}}