{"id":4159,"date":"2022-07-03T13:50:52","date_gmt":"2022-07-03T13:50:52","guid":{"rendered":"https:\/\/amesgile.com\/produktua\/nudos\/"},"modified":"2023-02-02T06:28:03","modified_gmt":"2023-02-02T06:28:03","slug":"nudos","status":"publish","type":"product","link":"https:\/\/amesgile.com\/es\/produktua\/nudos\/","title":{"rendered":"Nudos"},"content":{"rendered":"<p>Este libro, compuesto por seis historias vivas, es un caldo en ebullici\u00f3n.<\/p>\n<p>En ellas se dan a conocer temas tab\u00faes, de vital importancia y que est\u00e1n en auge a nuestro alrededor.<\/p>\n<p>Para que vean la luz, tratemos de normalizarlos y sanarlos, pues cada uno somos un mundo bien diferente, \u00fanico y bello; y como tal hay que respetarlo.<\/p>\n<p>Una novela id\u00f3nea tanto para adolescentes como para adultos.<\/p>\n<p>Al fin y al cabo es un libro para leer, reflexionar y aprender.<\/p>\n<p>Cada uno nos tenemos que querer tal y como somos, e intentar inculcar esa semillita, junto con la tolerancia, para que brote de una forma feliz y segura en los ni\u00f1os y ni\u00f1as, que ser\u00e1n los futuros adultos.<\/p>\n<p>*Novela en castellano<br \/>\n*Contiene un c\u00f3digo QR para poder escuchar las historias con las voces de los escritores<br \/>\n*Tama\u00f1o: 15x21cm<br \/>\n*Tapa blanda con solapas y portada barnizada<br \/>\n*Libro hecho \u00edntegramente en Euskadi (Kilometro 0)<\/p>\n","protected":false},"excerpt":{"rendered":"<p>Este libro, compuesto por seis historias vivas, es un caldo en ebullici\u00f3n.<\/p>\n<p>En ellas se dan a conocer temas tab\u00faes, de vital importancia y que est\u00e1n en auge a nuestro alrededor.<\/p>\n<p>Para que vean la luz, tratemos de normalizarlos y sanarlos, pues cada uno somos un mundo bien diferente, \u00fanico y bello; y como tal hay que respetarlo.<\/p>\n<p>Una novela id\u00f3nea tanto para adolescentes como para adultos.<\/p>\n<p>Al fin y al cabo es un libro para leer, reflexionar y aprender.<\/p>\n<p>Cada uno nos tenemos que querer tal y como somos, e intentar inculcar esa semillita, junto con la tolerancia, para que brote de una forma feliz y segura en los ni\u00f1os y ni\u00f1as, que ser\u00e1n los futuros adultos.<\/p>\n<p>*Novela en castellano<br \/>\n*Contiene un c\u00f3digo QR para poder escuchar las historias con las voces de los escritores<br \/>\n*Tama\u00f1o: 15x21cm<br \/>\n*Tapa blanda con solapas y portada barnizada<br \/>\n*Libro hecho \u00edntegramente en Euskadi (Kilometro 0)<\/p>\n","protected":false},"featured_media":4160,"template":"","meta":[],"product_cat":[62,66,118],"product_tag":[],"_links":{"self":[{"href":"https:\/\/amesgile.com\/es\/wp-json\/wp\/v2\/product\/4159"}],"collection":[{"href":"https:\/\/amesgile.com\/es\/wp-json\/wp\/v2\/product"}],"about":[{"href":"https:\/\/amesgile.com\/es\/wp-json\/wp\/v2\/types\/product"}],"wp:featuredmedia":[{"embeddable":true,"href":"https:\/\/amesgile.com\/es\/wp-json\/wp\/v2\/media\/4160"}],"wp:attachment":[{"href":"https:\/\/amesgile.com\/es\/wp-json\/wp\/v2\/media?parent=4159"}],"wp:term":[{"taxonomy":"product_cat","embeddable":true,"href":"https:\/\/amesgile.com\/es\/wp-json\/wp\/v2\/product_cat?post=4159"},{"taxonomy":"product_tag","embeddable":true,"href":"https:\/\/amesgile.com\/es\/wp-json\/wp\/v2\/product_tag?post=4159"}],"curies":[{"name":"wp","href":"https:\/\/api.w.org\/{rel}","templated":true}]}}