{"id":4232,"date":"2022-10-20T10:42:34","date_gmt":"2022-10-20T10:42:34","guid":{"rendered":"https:\/\/amesgile.com\/?post_type=product&#038;p=4232"},"modified":"2023-02-02T06:26:27","modified_gmt":"2023-02-02T06:26:27","slug":"amalia-y-el-viaje-al-espacio","status":"publish","type":"product","link":"https:\/\/amesgile.com\/es\/produktua\/amalia-y-el-viaje-al-espacio\/","title":{"rendered":"Amalia y el viaje al espacio"},"content":{"rendered":"","protected":false},"excerpt":{"rendered":"<p>Un libro con mucho color, fantas\u00eda y alegr\u00eda. Acompa\u00f1a a nuestra protagonista Amalia y su perro Malis en est\u00e1 aventura espacial llena de imaginaci\u00f3n. Este cuento esta lleno de sorpresas, con una ilustraci\u00f3n para que los m\u00e1s peque\u00f1os de casa lo coloreen.<\/p>\n<p style=\"text-align: left;\"><em>* Libro ilustrado en castellano<br \/>\n* Tama\u00f1o: 29&#215;24 cm<br \/>\n* Tapa blanda<\/em><\/p>\n","protected":false},"featured_media":3041,"template":"","meta":[],"product_cat":[65,63],"product_tag":[68],"_links":{"self":[{"href":"https:\/\/amesgile.com\/es\/wp-json\/wp\/v2\/product\/4232"}],"collection":[{"href":"https:\/\/amesgile.com\/es\/wp-json\/wp\/v2\/product"}],"about":[{"href":"https:\/\/amesgile.com\/es\/wp-json\/wp\/v2\/types\/product"}],"wp:featuredmedia":[{"embeddable":true,"href":"https:\/\/amesgile.com\/es\/wp-json\/wp\/v2\/media\/3041"}],"wp:attachment":[{"href":"https:\/\/amesgile.com\/es\/wp-json\/wp\/v2\/media?parent=4232"}],"wp:term":[{"taxonomy":"product_cat","embeddable":true,"href":"https:\/\/amesgile.com\/es\/wp-json\/wp\/v2\/product_cat?post=4232"},{"taxonomy":"product_tag","embeddable":true,"href":"https:\/\/amesgile.com\/es\/wp-json\/wp\/v2\/product_tag?post=4232"}],"curies":[{"name":"wp","href":"https:\/\/api.w.org\/{rel}","templated":true}]}}