{"id":4457,"date":"2023-05-23T18:39:13","date_gmt":"2023-05-23T18:39:13","guid":{"rendered":"https:\/\/amesgile.com\/?post_type=product&#038;p=4457"},"modified":"2023-12-12T16:44:12","modified_gmt":"2023-12-12T14:44:12","slug":"las-hermanas-braveness-y-el-tesoro","status":"publish","type":"product","link":"https:\/\/amesgile.com\/es\/produktua\/las-hermanas-braveness-y-el-tesoro\/","title":{"rendered":"Las hermanas Braveness y el tesoro"},"content":{"rendered":"<p>\u00bfConoces a las hermanas Braveness?<br \/>\n\u00bfTe gustan las aventuras?<br \/>\nAbre este libro tan bonito y colorido y ve a encontrar el tesoro con las hermanas Braveness.<br \/>\n\u00bfQu\u00e9 les suceder\u00e1?<br \/>\n\u00bfQu\u00e9 es lo que encontraran?<\/p>\n<p>Un libro lleno de aventuras y amistad. Adem\u00e1s contiene ejercicios para trabajar la comprensi\u00f3n y la imaginaci\u00f3n. <\/p>\n<p>*Libro en castellano<br \/>\n*Contiene ejercicios<br \/>\n*Tama\u00f1o: 19x15cm<br \/>\n*N\u00famero de p\u00e1ginas: 45<br \/>\n*Tapa blanda y consistente<br \/>\n*Impreso 100% en el Pa\u00eds Vasco (kilometro 0)<\/p>\n","protected":false},"excerpt":{"rendered":"<p>\u00bfConoces a las hermanas Braveness?<br \/>\n\u00bfTe gustan las aventuras?<br \/>\nAbre este libro tan bonito y colorido y ve a encontrar el tesoro con las hermanas Braveness.<br \/>\n\u00bfQu\u00e9 les suceder\u00e1?<br \/>\n\u00bfQu\u00e9 es lo que encontraran?<\/p>\n<p>Un libro lleno de aventuras y amistad. Adem\u00e1s contiene ejercicios para trabajar la comprensi\u00f3n y la imaginaci\u00f3n. <\/p>\n<p>*Libro en castellano<br \/>\n*Contiene ejercicios<br \/>\n*Tama\u00f1o: 19x15cm<br \/>\n*N\u00famero de p\u00e1ginas: 45<br \/>\n*Tapa blanda y consistente<br \/>\n*Impreso 100% en el Pa\u00eds Vasco (kilometro 0)<\/p>\n","protected":false},"featured_media":4458,"template":"","meta":[],"product_cat":[65,63],"product_tag":[],"_links":{"self":[{"href":"https:\/\/amesgile.com\/es\/wp-json\/wp\/v2\/product\/4457"}],"collection":[{"href":"https:\/\/amesgile.com\/es\/wp-json\/wp\/v2\/product"}],"about":[{"href":"https:\/\/amesgile.com\/es\/wp-json\/wp\/v2\/types\/product"}],"wp:featuredmedia":[{"embeddable":true,"href":"https:\/\/amesgile.com\/es\/wp-json\/wp\/v2\/media\/4458"}],"wp:attachment":[{"href":"https:\/\/amesgile.com\/es\/wp-json\/wp\/v2\/media?parent=4457"}],"wp:term":[{"taxonomy":"product_cat","embeddable":true,"href":"https:\/\/amesgile.com\/es\/wp-json\/wp\/v2\/product_cat?post=4457"},{"taxonomy":"product_tag","embeddable":true,"href":"https:\/\/amesgile.com\/es\/wp-json\/wp\/v2\/product_tag?post=4457"}],"curies":[{"name":"wp","href":"https:\/\/api.w.org\/{rel}","templated":true}]}}