{"id":4550,"date":"2023-05-26T07:37:31","date_gmt":"2023-05-26T07:37:31","guid":{"rendered":"https:\/\/amesgile.com\/?post_type=product&#038;p=4550"},"modified":"2023-05-26T07:38:37","modified_gmt":"2023-05-26T07:38:37","slug":"besos-y-abrazos-magicos","status":"publish","type":"product","link":"https:\/\/amesgile.com\/es\/produktua\/besos-y-abrazos-magicos\/","title":{"rendered":"BESOS Y ABRAZOS M\u00c1GICOS"},"content":{"rendered":"<p>\u00bfTE ACUERDAS DE UXUE?<br \/>\n\u00bfTE GUSTAN LOS BESOS Y ABRAZOS?<br \/>\nABR\u00c9 ESTE BONITO LIBRO Y DISFRUTA DE LA MAGIA.<\/p>\n<p>La segunda parte del libro &#8220;Besos y abrazos&#8221;, pero esta vez con seres m\u00e1gicos. Un libro ideal para aprender diferentes formas de darse cari\u00f1o y como hay que acercarse a los animales.<\/p>\n<p>*Libro ilustrado en castellano<br \/>\n*Audiocuento a trav\u00e9s de un c\u00f3digo QR (con m\u00fasica y todo)<br \/>\n*El texto esta en may\u00fascula<br \/>\n*Tama\u00f1o: 29x25cm<br \/>\n*Tapa blanda<br \/>\n*Impreso en Euskadi (kilometro 0)<\/p>\n","protected":false},"excerpt":{"rendered":"<p>\u00bfTE ACUERDAS DE UXUE?<br \/>\n\u00bfTE GUSTAN LOS BESOS Y ABRAZOS?<br \/>\nABR\u00c9 ESTE BONITO LIBRO Y DISFRUTA DE LA MAGIA.<\/p>\n<p>La segunda parte del libro &#8220;Besos y abrazos&#8221;, pero esta vez con seres m\u00e1gicos. Un libro ideal para aprender diferentes formas de darse cari\u00f1o y como hay que acercarse a los animales.<\/p>\n<p>*Libro ilustrado en castellano<br \/>\n*Audiocuento a trav\u00e9s de un c\u00f3digo QR (con m\u00fasica y todo)<br \/>\n*El texto esta en may\u00fascula<br \/>\n*Tama\u00f1o: 29x25cm<br \/>\n*Tapa blanda<br \/>\n*Impreso en Euskadi (kilometro 0)<\/p>\n","protected":false},"featured_media":4556,"template":"","meta":[],"product_cat":[65,62,63],"product_tag":[],"_links":{"self":[{"href":"https:\/\/amesgile.com\/es\/wp-json\/wp\/v2\/product\/4550"}],"collection":[{"href":"https:\/\/amesgile.com\/es\/wp-json\/wp\/v2\/product"}],"about":[{"href":"https:\/\/amesgile.com\/es\/wp-json\/wp\/v2\/types\/product"}],"wp:featuredmedia":[{"embeddable":true,"href":"https:\/\/amesgile.com\/es\/wp-json\/wp\/v2\/media\/4556"}],"wp:attachment":[{"href":"https:\/\/amesgile.com\/es\/wp-json\/wp\/v2\/media?parent=4550"}],"wp:term":[{"taxonomy":"product_cat","embeddable":true,"href":"https:\/\/amesgile.com\/es\/wp-json\/wp\/v2\/product_cat?post=4550"},{"taxonomy":"product_tag","embeddable":true,"href":"https:\/\/amesgile.com\/es\/wp-json\/wp\/v2\/product_tag?post=4550"}],"curies":[{"name":"wp","href":"https:\/\/api.w.org\/{rel}","templated":true}]}}