{"id":4566,"date":"2023-05-26T07:40:47","date_gmt":"2023-05-26T07:40:47","guid":{"rendered":"https:\/\/amesgile.com\/?post_type=product&#038;p=4566"},"modified":"2023-05-26T07:40:47","modified_gmt":"2023-05-26T07:40:47","slug":"musu-eta-besarkada-magikoak-besos-y-abrazos-magicos","status":"publish","type":"product","link":"https:\/\/amesgile.com\/es\/produktua\/musu-eta-besarkada-magikoak-besos-y-abrazos-magicos\/","title":{"rendered":"MUSU ETA BESARKADA MAGIKOAK\/BESOS Y ABRAZOS M\u00c1GICOS"},"content":{"rendered":"<p>UXUETAZ OROITZEN ZARETE?<br \/>\nMUXUAK ETA BESARKADAK GUSTATZEN ZAIZKIZUE?<br \/>\nIREKI LIBURU EDER HAU ETA GOZATU MAGIAZ.<\/p>\n<p>&#8220;Musuak eta besarkadak&#8221; ipuinaren bigarren zatia, baina oraingoan izaki magikoekin. Haurrak musukatzeko eta besarkatzeko modu ezberdin eta politak ikas dezaten, eta bide batez, animaliengana nola hurbildu behar diren ere jakin dezaten.<\/p>\n<p>\u00bfTE ACUERDAS DE UXUE?<br \/>\n\u00bfTE GUSTAN LOS BESOS Y ABRAZOS?<br \/>\nABR\u00c9 ESTE BONITO LIBRO Y DISFRUTA DE LA MAGIA.<\/p>\n<p>La segunda parte del libro &#8220;Besos y abrazos&#8221;, pero esta vez con seres m\u00e1gicos. Un libro ideal para aprender diferentes formas de darse cari\u00f1o y como hay que acercarse a los animales.<\/p>\n<p>*Liburu elebiduna (euskara + gaztelania)\/Libro biling\u00fce (euskera + castellano)<br \/>\n*QR baten bitartez ipuina entzungai (musika eta guzti)\/Audiocuento a trav\u00e9s de un c\u00f3digo QR (con m\u00fasica y todo)<br \/>\n*Letra larriz idatzia\/El texto esta en may\u00fascula<br \/>\n*Neurria\/Tama\u00f1o: 29x25cm<br \/>\n*Estalki biguina\/Tapa blanda<br \/>\n*Euskal Herrian inprimatua (berta-bertakoa)\/Impreso en Euskadi (kilometro 0)<\/p>\n","protected":false},"excerpt":{"rendered":"<p>UXUETAZ OROITZEN ZARETE?<br \/>\nMUXUAK ETA BESARKADAK GUSTATZEN ZAIZKIZUE?<br \/>\nIREKI LIBURU EDER HAU ETA GOZATU MAGIAZ.<\/p>\n<p>&#8220;Musuak eta besarkadak&#8221; ipuinaren bigarren zatia, baina oraingoan izaki magikoekin. Haurrak musukatzeko eta besarkatzeko modu ezberdin eta politak ikas dezaten, eta bide batez, animaliengana nola hurbildu behar diren ere jakin dezaten.<\/p>\n<p>\u00bfTE ACUERDAS DE UXUE?<br \/>\n\u00bfTE GUSTAN LOS BESOS Y ABRAZOS?<br \/>\nABR\u00c9 ESTE BONITO LIBRO Y DISFRUTA DE LA MAGIA.<\/p>\n<p>La segunda parte del libro &#8220;Besos y abrazos&#8221;, pero esta vez con seres m\u00e1gicos. Un libro ideal para aprender diferentes formas de darse cari\u00f1o y como hay que acercarse a los animales.<\/p>\n<p>*Liburu elebiduna (euskara + gaztelania)\/Libro biling\u00fce (euskera + castellano)<br \/>\n*QR baten bitartez ipuina entzungai (musika eta guzti)\/Audiocuento a trav\u00e9s de un c\u00f3digo QR (con m\u00fasica y todo)<br \/>\n*Letra larriz idatzia\/El texto esta en may\u00fascula<br \/>\n*Neurria\/Tama\u00f1o: 29x25cm<br \/>\n*Estalki biguina\/Tapa blanda<br \/>\n*Euskal Herrian inprimatua (berta-bertakoa)\/Impreso en Euskadi (kilometro 0)<\/p>\n","protected":false},"featured_media":4507,"template":"","meta":[],"product_cat":[65,62,63],"product_tag":[],"_links":{"self":[{"href":"https:\/\/amesgile.com\/es\/wp-json\/wp\/v2\/product\/4566"}],"collection":[{"href":"https:\/\/amesgile.com\/es\/wp-json\/wp\/v2\/product"}],"about":[{"href":"https:\/\/amesgile.com\/es\/wp-json\/wp\/v2\/types\/product"}],"wp:featuredmedia":[{"embeddable":true,"href":"https:\/\/amesgile.com\/es\/wp-json\/wp\/v2\/media\/4507"}],"wp:attachment":[{"href":"https:\/\/amesgile.com\/es\/wp-json\/wp\/v2\/media?parent=4566"}],"wp:term":[{"taxonomy":"product_cat","embeddable":true,"href":"https:\/\/amesgile.com\/es\/wp-json\/wp\/v2\/product_cat?post=4566"},{"taxonomy":"product_tag","embeddable":true,"href":"https:\/\/amesgile.com\/es\/wp-json\/wp\/v2\/product_tag?post=4566"}],"curies":[{"name":"wp","href":"https:\/\/api.w.org\/{rel}","templated":true}]}}