{"id":4567,"date":"2023-05-26T08:20:46","date_gmt":"2023-05-26T08:20:46","guid":{"rendered":"https:\/\/amesgile.com\/?post_type=product&#038;p=4567"},"modified":"2023-05-26T08:21:35","modified_gmt":"2023-05-26T08:21:35","slug":"besos-y-abrazos-magicos-magical-hugs-and-kisses","status":"publish","type":"product","link":"https:\/\/amesgile.com\/es\/produktua\/besos-y-abrazos-magicos-magical-hugs-and-kisses\/","title":{"rendered":"BESOS Y ABRAZOS M\u00c1GICOS\/Magical hugs and kisses"},"content":{"rendered":"<p>\u00bfTE ACUERDAS DE UXUE?<br \/>\n\u00bfTE GUSTAN LOS BESOS Y ABRAZOS?<br \/>\nABR\u00c9 ESTE BONITO LIBRO Y DISFRUTA DE LA MAGIA.<\/p>\n<p>La segunda parte del libro &#8220;Besos y abrazos&#8221;, pero esta vez con seres m\u00e1gicos. Un libro ideal para aprender diferentes formas de darse cari\u00f1o y como hay que acercarse a los animales.<\/p>\n<p>Do you remember Uxue?<br \/>\nDo you like hugs and kisses?<br \/>\nOpen this beautiful book and enjoy the magic.<\/p>\n<p>The second part of the book &#8220;Kisses and hugs&#8221;, but this time with magical beings. An ideal book to learn different ways of giving affection and how to approach animals.<\/p>\n<p>*Libro biling\u00fce (euskera + castellano)\/Bilingual book (basque + english)<br \/>\n*Audiocuento a trav\u00e9s de un c\u00f3digo QR (con m\u00fasica y todo)\/Audio book via QR code (with music)<br \/>\n*El texto esta en may\u00fascula<br \/>\n*Tama\u00f1o\/Size: 29x25cm<br \/>\n*Tapa blanda\/Soft cover<br \/>\n*Impreso en Euskadi (kilometro 0)\/Printed in the Basque Country<br \/>\n\u2003<\/p>\n","protected":false},"excerpt":{"rendered":"<p>\u00bfTE ACUERDAS DE UXUE?<br \/>\n\u00bfTE GUSTAN LOS BESOS Y ABRAZOS?<br \/>\nABR\u00c9 ESTE BONITO LIBRO Y DISFRUTA DE LA MAGIA.<\/p>\n<p>La segunda parte del libro &#8220;Besos y abrazos&#8221;, pero esta vez con seres m\u00e1gicos. Un libro ideal para aprender diferentes formas de darse cari\u00f1o y como hay que acercarse a los animales.<\/p>\n<p>Do you remember Uxue?<br \/>\nDo you like hugs and kisses?<br \/>\nOpen this beautiful book and enjoy the magic.<\/p>\n<p>The second part of the book &#8220;Kisses and hugs&#8221;, but this time with magical beings. An ideal book to learn different ways of giving affection and how to approach animals.<\/p>\n<p>*Libro biling\u00fce (euskera + castellano)\/Bilingual book (basque + english)<br \/>\n*Audiocuento a trav\u00e9s de un c\u00f3digo QR (con m\u00fasica y todo)\/Audio book via QR code (with music)<br \/>\n*El texto esta en may\u00fascula<br \/>\n*Tama\u00f1o\/Size: 29x25cm<br \/>\n*Tapa blanda\/Soft cover<br \/>\n*Impreso en Euskadi (kilometro 0)\/Printed in the Basque Country<\/p>\n","protected":false},"featured_media":4568,"template":"","meta":[],"product_cat":[65,62,63],"product_tag":[],"_links":{"self":[{"href":"https:\/\/amesgile.com\/es\/wp-json\/wp\/v2\/product\/4567"}],"collection":[{"href":"https:\/\/amesgile.com\/es\/wp-json\/wp\/v2\/product"}],"about":[{"href":"https:\/\/amesgile.com\/es\/wp-json\/wp\/v2\/types\/product"}],"wp:featuredmedia":[{"embeddable":true,"href":"https:\/\/amesgile.com\/es\/wp-json\/wp\/v2\/media\/4568"}],"wp:attachment":[{"href":"https:\/\/amesgile.com\/es\/wp-json\/wp\/v2\/media?parent=4567"}],"wp:term":[{"taxonomy":"product_cat","embeddable":true,"href":"https:\/\/amesgile.com\/es\/wp-json\/wp\/v2\/product_cat?post=4567"},{"taxonomy":"product_tag","embeddable":true,"href":"https:\/\/amesgile.com\/es\/wp-json\/wp\/v2\/product_tag?post=4567"}],"curies":[{"name":"wp","href":"https:\/\/api.w.org\/{rel}","templated":true}]}}