{"id":4638,"date":"2023-05-30T10:35:59","date_gmt":"2023-05-30T10:35:59","guid":{"rendered":"https:\/\/amesgile.com\/?post_type=product&#038;p=4638"},"modified":"2023-05-30T10:35:59","modified_gmt":"2023-05-30T10:35:59","slug":"el-enigmatico-mateo-las-sombras-ocultas-de-ana","status":"publish","type":"product","link":"https:\/\/amesgile.com\/es\/produktua\/el-enigmatico-mateo-las-sombras-ocultas-de-ana\/","title":{"rendered":"El enigm\u00e1tico Mateo (Las sombras ocultas de Ana)"},"content":{"rendered":"<p>Una historia que perfectamente puede ser la tuya, la m\u00eda, la de tu vecina o vecino, la de alguien que vayas a conocer en un futuro cercano&#8230; \u00bfQui\u00e9n sabe?<\/p>\n<p>Un libro bonito y rico. Lleno de vida, romanticismo, erotismo con pinceladas de color, sabor, textura, musicalidad y olor. <\/p>\n<p>Una novela para disfrutar, para que nuestros 5 sentidos se despierten y aflore el sexto.<\/p>\n<p>Ponle un poco de picante, dulce, salado&#8230; a tu existencia. Y si sientes que te falta pasi\u00f3n, romanticismo, vida o un poco de salsa en tu entorno, lee este romance y veras como ampl\u00eda y cambia tus horizontes. <\/p>\n<p>Entonces te recomiendo que te sientes c\u00f3modamente, te relajes con una taza de t\u00e9, caf\u00e9 o lo que m\u00e1s te apetezca, y saborees este hermoso libro. <\/p>\n<p>Viaja por el mundo de Ana y descubre al enigm\u00e1tico Mateo. \u00bfEst\u00e1s preparado o preparada?<\/p>\n<p>*Novela en castellano (se viaja por Euskadi y otros lugares super bonitos)<br \/>\n*Primera parte de una trilog\u00eda<br \/>\n*Tama\u00f1o: 15x21cm<br \/>\n*Tapa blanda con solapas y portada barnizada<br \/>\n*Libro impreso y hecho al 100% en Euskadi<\/p>\n","protected":false},"excerpt":{"rendered":"<p>Una historia que perfectamente puede ser la tuya, la m\u00eda, la de tu vecina o vecino, la de alguien que vayas a conocer en un futuro cercano&#8230; \u00bfQui\u00e9n sabe?<\/p>\n<p>Un libro bonito y rico. Lleno de vida, romanticismo, erotismo con pinceladas de color, sabor, textura, musicalidad y olor. <\/p>\n<p>Una novela para disfrutar, para que nuestros 5 sentidos se despierten y aflore el sexto.<\/p>\n<p>Ponle un poco de picante, dulce, salado&#8230; a tu existencia. Y si sientes que te falta pasi\u00f3n, romanticismo, vida o un poco de salsa en tu entorno, lee este romance y veras como ampl\u00eda y cambia tus horizontes. <\/p>\n<p>Entonces te recomiendo que te sientes c\u00f3modamente, te relajes con una taza de t\u00e9, caf\u00e9 o lo que m\u00e1s te apetezca, y saborees este hermoso libro. <\/p>\n<p>Viaja por el mundo de Ana y descubre al enigm\u00e1tico Mateo. \u00bfEst\u00e1s preparado o preparada?<\/p>\n<p>*Novela en castellano (se viaja por Euskadi y otros lugares super bonitos)<br \/>\n*Primera parte de una trilog\u00eda<br \/>\n*Tama\u00f1o: 15x21cm<br \/>\n*Tapa blanda con solapas y portada barnizada<br \/>\n*Libro impreso y hecho al 100% en Euskadi<\/p>\n","protected":false},"featured_media":4649,"template":"","meta":[],"product_cat":[62,66,118],"product_tag":[],"_links":{"self":[{"href":"https:\/\/amesgile.com\/es\/wp-json\/wp\/v2\/product\/4638"}],"collection":[{"href":"https:\/\/amesgile.com\/es\/wp-json\/wp\/v2\/product"}],"about":[{"href":"https:\/\/amesgile.com\/es\/wp-json\/wp\/v2\/types\/product"}],"wp:featuredmedia":[{"embeddable":true,"href":"https:\/\/amesgile.com\/es\/wp-json\/wp\/v2\/media\/4649"}],"wp:attachment":[{"href":"https:\/\/amesgile.com\/es\/wp-json\/wp\/v2\/media?parent=4638"}],"wp:term":[{"taxonomy":"product_cat","embeddable":true,"href":"https:\/\/amesgile.com\/es\/wp-json\/wp\/v2\/product_cat?post=4638"},{"taxonomy":"product_tag","embeddable":true,"href":"https:\/\/amesgile.com\/es\/wp-json\/wp\/v2\/product_tag?post=4638"}],"curies":[{"name":"wp","href":"https:\/\/api.w.org\/{rel}","templated":true}]}}