{"id":4912,"date":"2023-11-07T20:21:55","date_gmt":"2023-11-07T18:21:55","guid":{"rendered":"https:\/\/amesgile.com\/?post_type=product&#038;p=4912"},"modified":"2023-12-12T16:43:33","modified_gmt":"2023-12-12T14:43:33","slug":"persigue-siempre-tus-suenos","status":"publish","type":"product","link":"https:\/\/amesgile.com\/es\/produktua\/persigue-siempre-tus-suenos\/","title":{"rendered":"PERSIGUE SIEMPRE TUS SUE\u00d1OS"},"content":{"rendered":"<p>\u00bfSAB\u00c9IS CU\u00c1L ES VUESTRO VERDADERO SUE\u00d1O?<\/p>\n<p>ABRE ESTE LIBRO M\u00c1GICO, CONOCE A MAULE Y A SU VERDADERO DESEO.<\/p>\n<p>Un libro lleno de m\u00fasica, diversidad, sue\u00f1os y color. Para que aprendan que desde que estamos en el vientre materno ya somos un tesoro y somos seres preciosos. Luego, que f\u00edsicamente somos diferentes y diversos; y que cada uno tenemos nuestros propios sue\u00f1os o deseos.<\/p>\n<p>Adem\u00e1s, contiene algunas palabras m\u00e1gicas para hacer frente a la verg\u00fcenza y al miedo. <\/p>\n<p>*Libro ilustrado en castellano<\/p>\n<p>*Contiene letra en may\u00fascula<\/p>\n<p>*Audiocuento a trav\u00e9s de un c\u00f3digo QR (con mucha m\u00fasica)<\/p>\n<p>*Tama\u00f1o: 29x25cm<\/p>\n<p>*Impreso en Euskadi (kilometro 0)<\/p>\n","protected":false},"excerpt":{"rendered":"<p>\u00bfSAB\u00c9IS CU\u00c1L ES VUESTRO VERDADERO SUE\u00d1O?<\/p>\n<p>ABRE ESTE LIBRO M\u00c1GICO, CONOCE A MAULE Y A SU VERDADERO DESEO.<\/p>\n<p>Un libro lleno de m\u00fasica, diversidad, sue\u00f1os y color. Para que aprendan que desde que estamos en el vientre materno ya somos un tesoro y somos seres preciosos. Luego, que f\u00edsicamente somos diferentes y diversos; y que cada uno tenemos nuestros propios sue\u00f1os o deseos.<\/p>\n<p>Adem\u00e1s, contiene algunas palabras m\u00e1gicas para hacer frente a la verg\u00fcenza y al miedo. <\/p>\n<p>*Libro ilustrado en castellano<\/p>\n<p>*Contiene letra en may\u00fascula<\/p>\n<p>*Audiocuento a trav\u00e9s de un c\u00f3digo QR (con mucha m\u00fasica)<\/p>\n<p>*Tama\u00f1o: 29x25cm<\/p>\n","protected":false},"featured_media":4913,"template":"","meta":[],"product_cat":[65,62,63],"product_tag":[],"_links":{"self":[{"href":"https:\/\/amesgile.com\/es\/wp-json\/wp\/v2\/product\/4912"}],"collection":[{"href":"https:\/\/amesgile.com\/es\/wp-json\/wp\/v2\/product"}],"about":[{"href":"https:\/\/amesgile.com\/es\/wp-json\/wp\/v2\/types\/product"}],"wp:featuredmedia":[{"embeddable":true,"href":"https:\/\/amesgile.com\/es\/wp-json\/wp\/v2\/media\/4913"}],"wp:attachment":[{"href":"https:\/\/amesgile.com\/es\/wp-json\/wp\/v2\/media?parent=4912"}],"wp:term":[{"taxonomy":"product_cat","embeddable":true,"href":"https:\/\/amesgile.com\/es\/wp-json\/wp\/v2\/product_cat?post=4912"},{"taxonomy":"product_tag","embeddable":true,"href":"https:\/\/amesgile.com\/es\/wp-json\/wp\/v2\/product_tag?post=4912"}],"curies":[{"name":"wp","href":"https:\/\/api.w.org\/{rel}","templated":true}]}}