{"id":5169,"date":"2024-09-13T18:41:10","date_gmt":"2024-09-13T16:41:10","guid":{"rendered":"https:\/\/amesgile.com\/?post_type=product&#038;p=5169"},"modified":"2024-09-13T18:41:10","modified_gmt":"2024-09-13T16:41:10","slug":"hondartzan-en-la-playa","status":"publish","type":"product","link":"https:\/\/amesgile.com\/es\/produktua\/hondartzan-en-la-playa\/","title":{"rendered":"HONDARTZAN\/En la playa"},"content":{"rendered":"<p>IREKI LIBURU EDER ETA HANDI HAU.<br \/>\nURTAROAK ETA BEREBIZIKO GAIAK LANTZEN DIZTUZTEN LAU ISTORIO MOTZEZ, BAINA ESANGURATSUEZ BETEA. DONOSTIAKO ONDARRETA HONDARTZAN MURGILDU ETA EZAGUTU KATTALIN, NORA, LIHER, MATTIN ETA AIELEN. <\/p>\n<p>Urtaroak, naturaren zainketa, laguntasuna, aniztasuna, beldurra, familia, etab lantzen dituen liburua.<\/p>\n<p>ABRE ESTE GRAN Y PRECIOSO LIBRO.<br \/>\nCONTIENE CUATRO CUENTOS CORTOS PARA TRABAJAR LAS ESTACIONES DEL A\u00d1O Y TEMAS REALMENTE NECESARIOS COMO EL CUIDADO DE LA NATURALEZA, LA AMISTAD, LA DIVERSIDAD, ETC.<br \/>\nSUM\u00c9RGETE EN LA PLAYA ONDARRETA DE SAN SEBASTI\u00c1N Y CONOCE A CATALINA, NORA, LIHER, R\u00c1PIDO, MART\u00cdN Y AIELEN.<\/p>\n<p>*Liburu elebiduna (euskara + gaztelania)\/Libro biling\u00fce (euskera + castellano)<\/p>\n<p>*Hizki larriz (maiuskulaz) idatzia dago<\/p>\n<p>*QR baten bitartez ipuina entzungai (itsasoa protagonista handia delarik)\/Audiocuento a trav\u00e9s de un c\u00f3digo QR (el mar es un gran protagonista)<\/p>\n<p>*Neurria: 29x29cm\/Tama\u00f1o:29x29cm<\/p>\n<p>*Estalki biguina\/Tapa blanda<\/p>\n<p>*Liburua Euskal Herrian egina %100 (berta-bertakoa)\/Hecho al 100% en Euskadi (kilometro 0)<\/p>\n","protected":false},"excerpt":{"rendered":"<p>IREKI LIBURU EDER ETA HANDI HAU.<br \/>\nURTAROAK ETA BEREBIZIKO GAIAK LANTZEN DIZTUZTEN LAU ISTORIO MOTZEZ, BAINA ESANGURATSUEZ BETEA. DONOSTIAKO ONDARRETA HONDARTZAN MURGILDU ETA EZAGUTU KATTALIN, NORA, LIHER, MATTIN ETA AIELEN. <\/p>\n<p>Urtaroak, naturaren zainketa, laguntasuna, aniztasuna, beldurra, familia, etab lantzen dituen liburua.<\/p>\n<p>ABRE ESTE GRAN Y PRECIOSO LIBRO.<br \/>\nCONTIENE CUATRO CUENTOS CORTOS PARA TRABAJAR LAS ESTACIONES DEL A\u00d1O Y TEMAS REALMENTE NECESARIOS COMO EL CUIDADO DE LA NATURALEZA, LA AMISTAD, LA DIVERSIDAD, ETC.<br \/>\nSUM\u00c9RGETE EN LA PLAYA ONDARRETA DE SAN SEBASTI\u00c1N Y CONOCE A CATALINA, NORA, LIHER, R\u00c1PIDO, MART\u00cdN Y AIELEN.<\/p>\n<p>*Liburu elebiduna (euskara + gaztelania)\/Libro biling\u00fce (euskera + castellano)<\/p>\n<p>*Hizki larriz (maiuskulaz) idatzia dago<\/p>\n<p>*QR baten bitartez ipuina entzungai (itsasoa protagonista handia delarik)\/Audiocuento a trav\u00e9s de un c\u00f3digo QR (el mar es un gran protagonista)<\/p>\n<p>*Neurria: 29x29cm\/Tama\u00f1o:29x29cm<\/p>\n<p>*Estalki biguina\/Tapa blanda<\/p>\n<p>*Liburua Euskal Herrian egina %100 (berta-bertakoa)\/Hecho al 100% en Euskadi (kilometro 0)<\/p>\n","protected":false},"featured_media":5152,"template":"","meta":[],"product_cat":[65,62,63],"product_tag":[],"_links":{"self":[{"href":"https:\/\/amesgile.com\/es\/wp-json\/wp\/v2\/product\/5169"}],"collection":[{"href":"https:\/\/amesgile.com\/es\/wp-json\/wp\/v2\/product"}],"about":[{"href":"https:\/\/amesgile.com\/es\/wp-json\/wp\/v2\/types\/product"}],"wp:featuredmedia":[{"embeddable":true,"href":"https:\/\/amesgile.com\/es\/wp-json\/wp\/v2\/media\/5152"}],"wp:attachment":[{"href":"https:\/\/amesgile.com\/es\/wp-json\/wp\/v2\/media?parent=5169"}],"wp:term":[{"taxonomy":"product_cat","embeddable":true,"href":"https:\/\/amesgile.com\/es\/wp-json\/wp\/v2\/product_cat?post=5169"},{"taxonomy":"product_tag","embeddable":true,"href":"https:\/\/amesgile.com\/es\/wp-json\/wp\/v2\/product_tag?post=5169"}],"curies":[{"name":"wp","href":"https:\/\/api.w.org\/{rel}","templated":true}]}}