{"id":5200,"date":"2024-11-07T15:42:10","date_gmt":"2024-11-07T13:42:10","guid":{"rendered":"https:\/\/amesgile.com\/?post_type=product&#038;p=5200"},"modified":"2024-11-07T15:42:10","modified_gmt":"2024-11-07T13:42:10","slug":"en-la-playa","status":"publish","type":"product","link":"https:\/\/amesgile.com\/es\/produktua\/en-la-playa\/","title":{"rendered":"En la playa"},"content":{"rendered":"<p>ABRE ESTE GRAN Y PRECIOSO LIBRO.<br \/>\nCONTIENE CUATRO CUENTOS CORTOS PARA TRABAJAR LAS ESTACIONES DEL A\u00d1O Y TEMAS REALMENTE NECESARIOS COMO EL CUIDADO DE LA NATURALEZA, LA AMISTAD, LA DIVERSIDAD, ETC.<br \/>\nSUM\u00c9RGETE EN LA PLAYA ONDARRETA DE SAN SEBASTI\u00c1N Y CONOCE A CATALINA, NORA, LIHER, R\u00c1PIDO, MART\u00cdN Y AIELEN.<\/p>\n<p>*Libro en castellano<\/p>\n<p>*Audiocuento a trav\u00e9s de un c\u00f3digo QR (el mar es un gran protagonista)<\/p>\n<p>*Tama\u00f1o:29x29cm<\/p>\n<p>*Tapa blanda<\/p>\n<p>*Hecho al 100% en Euskadi (kilometro 0)<\/p>\n","protected":false},"excerpt":{"rendered":"<p>ABRE ESTE GRAN Y PRECIOSO LIBRO.<br \/>\nCONTIENE CUATRO CUENTOS CORTOS PARA TRABAJAR LAS ESTACIONES DEL A\u00d1O Y TEMAS REALMENTE NECESARIOS COMO EL CUIDADO DE LA NATURALEZA, LA AMISTAD, LA DIVERSIDAD, ETC.<br \/>\nSUM\u00c9RGETE EN LA PLAYA ONDARRETA DE SAN SEBASTI\u00c1N Y CONOCE A CATALINA, NORA, LIHER, R\u00c1PIDO, MART\u00cdN Y AIELEN.<\/p>\n<p>*Libro en castellano<\/p>\n<p>*Audiocuento a trav\u00e9s de un c\u00f3digo QR (el mar es un gran protagonista)<\/p>\n<p>*Tama\u00f1o:29x29cm<\/p>\n<p>*Tapa blanda<\/p>\n<p>*Hecho al 100% en Euskadi (kilometro 0)<\/p>\n","protected":false},"featured_media":5201,"template":"","meta":[],"product_cat":[65,62,63],"product_tag":[],"_links":{"self":[{"href":"https:\/\/amesgile.com\/es\/wp-json\/wp\/v2\/product\/5200"}],"collection":[{"href":"https:\/\/amesgile.com\/es\/wp-json\/wp\/v2\/product"}],"about":[{"href":"https:\/\/amesgile.com\/es\/wp-json\/wp\/v2\/types\/product"}],"wp:featuredmedia":[{"embeddable":true,"href":"https:\/\/amesgile.com\/es\/wp-json\/wp\/v2\/media\/5201"}],"wp:attachment":[{"href":"https:\/\/amesgile.com\/es\/wp-json\/wp\/v2\/media?parent=5200"}],"wp:term":[{"taxonomy":"product_cat","embeddable":true,"href":"https:\/\/amesgile.com\/es\/wp-json\/wp\/v2\/product_cat?post=5200"},{"taxonomy":"product_tag","embeddable":true,"href":"https:\/\/amesgile.com\/es\/wp-json\/wp\/v2\/product_tag?post=5200"}],"curies":[{"name":"wp","href":"https:\/\/api.w.org\/{rel}","templated":true}]}}