{"id":5463,"date":"2025-06-17T23:13:28","date_gmt":"2025-06-17T21:13:28","guid":{"rendered":"https:\/\/amesgile.com\/?post_type=product&#038;p=5463"},"modified":"2025-06-17T23:14:40","modified_gmt":"2025-06-17T21:14:40","slug":"imelda-y-el-dia-de-los-muertos","status":"publish","type":"product","link":"https:\/\/amesgile.com\/es\/produktua\/imelda-y-el-dia-de-los-muertos\/","title":{"rendered":"Imelda y &#8220;El d\u00eda de los muertos&#8221;"},"content":{"rendered":"<p style=\"text-align: center;\">Abre este hermoso y colorido cuento. A ver que fantasmas, monstruo o diablo encuentras.<\/p>\n<p style=\"text-align: center;\">Conoce a Imelda y a\u00a0 sus antepasados.<\/p>\n<p style=\"text-align: center;\">Viaja de M\u00e9xico a Euskal Herria.<\/p>\n<p>Trabaja temas importantes como la familia, la patria y la nostalgia, entre otras muchas. Mezcla &#8220;El d\u00eda de los muertos&#8221; de M\u00e9xico con la &#8220;Noche de las almas&#8221; o la &#8220;Noche negra&#8221; nuestra. Adem\u00e1s de mostrar que siempre van a estar vivos tanto en nuestros corazones como en nuestras memorias la gente que ya no esta con nosotros. Un cuento lleno de amor y color.<\/p>\n<p>&nbsp;<\/p>\n<p>*Libro ilustrado en castellano<\/p>\n<p>* Audiocuento a trav\u00e9s de un c\u00f3digo QR<\/p>\n<p>*Contiene una ilustraci\u00f3n doble para que los peques lo coloreen<\/p>\n<p>* Tama\u00f1o: 29x25cm<\/p>\n<p>* Tapa blanda<\/p>\n<p>* Impreso en Euskal Herria<\/p>\n","protected":false},"excerpt":{"rendered":"<p style=\"text-align: center;\">Abre este hermoso y colorido cuento. A ver que fantasmas, monstruo o diablo encuentras.<\/p>\n<p style=\"text-align: center;\">Conoce a Imelda y a\u00a0 sus antepasados.<\/p>\n<p style=\"text-align: center;\">Viaja de M\u00e9xico a Euskal Herria.<\/p>\n<p>Trabaja temas importantes como la familia, la patria y la nostalgia, entre otras muchas. Mezcla &#8220;El d\u00eda de los muertos&#8221; de M\u00e9xico con la &#8220;Noche de las almas&#8221; o la &#8220;Noche negra&#8221; nuestra. Adem\u00e1s de mostrar que siempre van a estar vivos tanto en nuestros corazones como en nuestras memorias la gente que ya no esta con nosotros. Un cuento lleno de amor y color.<\/p>\n<p>&nbsp;<\/p>\n<p>*Libro ilustrado en castellano<\/p>\n<p>* Audiocuento a trav\u00e9s de un c\u00f3digo QR<\/p>\n<p>*Contiene una ilustraci\u00f3n doble para que los peques lo coloreen<\/p>\n<p>* Tama\u00f1o: 29x25cm<\/p>\n<p>* Tapa blanda<\/p>\n<p>* Impreso en Euskal Herria<\/p>\n","protected":false},"featured_media":5474,"template":"","meta":[],"product_cat":[65,62,63],"product_tag":[],"_links":{"self":[{"href":"https:\/\/amesgile.com\/es\/wp-json\/wp\/v2\/product\/5463"}],"collection":[{"href":"https:\/\/amesgile.com\/es\/wp-json\/wp\/v2\/product"}],"about":[{"href":"https:\/\/amesgile.com\/es\/wp-json\/wp\/v2\/types\/product"}],"wp:featuredmedia":[{"embeddable":true,"href":"https:\/\/amesgile.com\/es\/wp-json\/wp\/v2\/media\/5474"}],"wp:attachment":[{"href":"https:\/\/amesgile.com\/es\/wp-json\/wp\/v2\/media?parent=5463"}],"wp:term":[{"taxonomy":"product_cat","embeddable":true,"href":"https:\/\/amesgile.com\/es\/wp-json\/wp\/v2\/product_cat?post=5463"},{"taxonomy":"product_tag","embeddable":true,"href":"https:\/\/amesgile.com\/es\/wp-json\/wp\/v2\/product_tag?post=5463"}],"curies":[{"name":"wp","href":"https:\/\/api.w.org\/{rel}","templated":true}]}}