{"id":5480,"date":"2025-06-17T23:19:05","date_gmt":"2025-06-17T21:19:05","guid":{"rendered":"https:\/\/amesgile.com\/?post_type=product&#038;p=5480"},"modified":"2025-06-17T23:19:06","modified_gmt":"2025-06-17T21:19:06","slug":"imelda-eta-arimen-gaua-imelda-y-el-dia-de-los-muertos","status":"publish","type":"product","link":"https:\/\/amesgile.com\/es\/produktua\/imelda-eta-arimen-gaua-imelda-y-el-dia-de-los-muertos\/","title":{"rendered":"IMELDA ETA &#8220;ARIMEN GAUA&#8221;\/ Imelda y &#8220;El d\u00eda de los muertos&#8221;"},"content":{"rendered":"<p style=\"text-align: center;\">IREKI IPUIN EDER ETA KOLORETSU HAU. EA ZER MAMU, MUNSTRO EDO DEABRU TOPATZEN DUZUN.<\/p>\n<p style=\"text-align: center;\">EZAGUTU IMELDA ETA HAREN ARBASOAK.<\/p>\n<p style=\"text-align: center;\">BIDAIATU MEXIKOTIK EUSKAL HERRIRA.<\/p>\n<p style=\"text-align: left;\">Familia, aberria eta herrimina lantzen du beste gai garrantzitsu batzuen artean. Mexikoko &#8220;El d\u00eda de los muertos&#8221; eta gurea dugun &#8220;Arimen gaua&#8221; edo &#8220;Gau beltza&#8221; uztartzen ditu. Erakusteko ere, iada gure artean ez daudenak beti gogoratu behar ditugula, gure bihotzetan eta oroitzapenetan bizirik baitaude.\u00a0Maitasunez eta kolorez beteriko ipuina.<\/p>\n<p>&nbsp;<\/p>\n<p style=\"text-align: center;\">Abre este hermoso y colorido cuento. A ver que fantasmas, monstruo o diablo encuentras.<\/p>\n<p style=\"text-align: center;\">Conoce a Imelda y a\u00a0 sus antepasados.<\/p>\n<p style=\"text-align: center;\">Viaja de M\u00e9xico a Euskal Herria.<\/p>\n<p>Trabaja temas importantes como la familia, la patria y la nostalgia, entre otras muchas. Mezcla &#8220;El d\u00eda de los muertos&#8221; de M\u00e9xico con la &#8220;Noche de las almas&#8221; o la &#8220;Noche negra&#8221; nuestra. Adem\u00e1s de mostrar que siempre van a estar vivos tanto en nuestros corazones como en nuestras memorias la gente que ya no esta con nosotros. Un cuento lleno de amor y color.<\/p>\n<p>&nbsp;<\/p>\n<p>*Liburu elebiduna (euskara + gaztelania)\/ Libro biling\u00fce (euskera + castellano)<\/p>\n<p>*Hizki larriz edo maiuskulaz idatzia<\/p>\n<p>*QR baten bitartez ipuina entzungai\/ Audiocuento a trav\u00e9s de un c\u00f3digo QR<\/p>\n<p>*Ilustrazio bikoitza haurrek marraztu dezaten\/ Contiene una ilustraci\u00f3n doble para que los peques lo coloreen<\/p>\n<p>*Neurria:29x25cm\/ Tama\u00f1o: 29x25cm<\/p>\n<p>*Estalki biguina\/ Tapa blanda<\/p>\n<p>*Euskal Herrian inprimitua\/ Impreso en Euskal Herria<\/p>\n","protected":false},"excerpt":{"rendered":"<p style=\"text-align: center;\">IREKI IPUIN EDER ETA KOLORETSU HAU. EA ZER MAMU, MUNSTRO EDO DEABRU TOPATZEN DUZUN.<\/p>\n<p style=\"text-align: center;\">EZAGUTU IMELDA ETA HAREN ARBASOAK.<\/p>\n<p style=\"text-align: center;\">BIDAIATU MEXIKOTIK EUSKAL HERRIRA.<\/p>\n<p style=\"text-align: left;\">Familia, aberria eta herrimina lantzen du beste gai garrantzitsu batzuen artean. Mexikoko &#8220;El d\u00eda de los muertos&#8221; eta gurea dugun &#8220;Arimen gaua&#8221; edo &#8220;Gau beltza&#8221; uztartzen ditu. Erakusteko ere, iada gure artean ez daudenak beti gogoratu behar ditugula, gure bihotzetan eta oroitzapenetan bizirik baitaude.\u00a0Maitasunez eta kolorez beteriko ipuina.<\/p>\n<p>&nbsp;<\/p>\n<p style=\"text-align: center;\">Abre este hermoso y colorido cuento. A ver que fantasmas, monstruo o diablo encuentras.<\/p>\n<p style=\"text-align: center;\">Conoce a Imelda y a\u00a0 sus antepasados.<\/p>\n<p style=\"text-align: center;\">Viaja de M\u00e9xico a Euskal Herria.<\/p>\n<p>Trabaja temas importantes como la familia, la patria y la nostalgia, entre otras muchas. Mezcla &#8220;El d\u00eda de los muertos&#8221; de M\u00e9xico con la &#8220;Noche de las almas&#8221; o la &#8220;Noche negra&#8221; nuestra. Adem\u00e1s de mostrar que siempre van a estar vivos tanto en nuestros corazones como en nuestras memorias la gente que ya no esta con nosotros. Un cuento lleno de amor y color.<\/p>\n<p>&nbsp;<\/p>\n<p>*Liburu elebiduna (euskara + gaztelania)\/ Libro biling\u00fce (euskera + castellano)<\/p>\n<p>*Hizki larriz edo maiuskulaz idatzia<\/p>\n<p>*QR baten bitartez ipuina entzungai\/ Audiocuento a trav\u00e9s de un c\u00f3digo QR<\/p>\n<p>*Ilustrazio bikoitza haurrek marraztu dezaten\/ Contiene una ilustraci\u00f3n doble para que los peques lo coloreen<\/p>\n<p>*Neurria:29x25cm\/ Tama\u00f1o: 29x25cm<\/p>\n<p>*Estalki biguina\/ Tapa blanda<\/p>\n<p>*Euskal Herrian inprimitua\/ Impreso en Euskal Herria<\/p>\n","protected":false},"featured_media":5461,"template":"","meta":[],"product_cat":[65,62,63],"product_tag":[],"_links":{"self":[{"href":"https:\/\/amesgile.com\/es\/wp-json\/wp\/v2\/product\/5480"}],"collection":[{"href":"https:\/\/amesgile.com\/es\/wp-json\/wp\/v2\/product"}],"about":[{"href":"https:\/\/amesgile.com\/es\/wp-json\/wp\/v2\/types\/product"}],"wp:featuredmedia":[{"embeddable":true,"href":"https:\/\/amesgile.com\/es\/wp-json\/wp\/v2\/media\/5461"}],"wp:attachment":[{"href":"https:\/\/amesgile.com\/es\/wp-json\/wp\/v2\/media?parent=5480"}],"wp:term":[{"taxonomy":"product_cat","embeddable":true,"href":"https:\/\/amesgile.com\/es\/wp-json\/wp\/v2\/product_cat?post=5480"},{"taxonomy":"product_tag","embeddable":true,"href":"https:\/\/amesgile.com\/es\/wp-json\/wp\/v2\/product_tag?post=5480"}],"curies":[{"name":"wp","href":"https:\/\/api.w.org\/{rel}","templated":true}]}}