{"id":5521,"date":"2025-09-03T16:12:06","date_gmt":"2025-09-03T14:12:06","guid":{"rendered":"https:\/\/amesgile.com\/?post_type=product&#038;p=5521"},"modified":"2025-09-03T16:12:07","modified_gmt":"2025-09-03T14:12:07","slug":"el-enigmatico-mateo-ii-las-sombras-ocultas-de-mateo","status":"publish","type":"product","link":"https:\/\/amesgile.com\/es\/produktua\/el-enigmatico-mateo-ii-las-sombras-ocultas-de-mateo\/","title":{"rendered":"El enigm\u00e1tico Mateo II (Las sombras ocultas de Mateo)"},"content":{"rendered":"<p>La segunda parte de una historia de amor, llena de dulce, picante, aventuras y mucho misterio. Si te quedaste con las ganas con la primera parte, no dudes en devorar este libro tan suculento, vivaz y sensual.<\/p>\n<p>Una historia que perfectamente puede ser la tuya, la de alguien que conoces o vayas a conocer. \u00bfQui\u00e9n sabe? Atr\u00e9vete a leer estas p\u00e1ginas y sum\u00e9rgete de lleno. Un libro lleno de frescura y magia, donde se entrelazan diferentes historias, en medio de la de nuestros protagonistas: Mateo y Ana.<\/p>\n<p>Un libro para saborear y avivar tanto nuestra mente, cuerpo y alma. Donde se viaja, se saborea y se impregna de algunos bonitos rincones, de la suculenta gastronom\u00eda y de pinceladas de la cultura vasca, como de otros pa\u00edses.<\/p>\n<p>Una novela no muy larga, pero llena de vida e intensidad, para disfrutar, para que nuestros 5 sentidos se despierten, aflorando el sexto, y para relajarnos en nuestro d\u00eda a d\u00eda.<\/p>\n<p>Para que aprendamos a vivir el momento y tomemos como referencia el Carpe Diem.<\/p>\n<p>&nbsp;<\/p>\n<p>*Novela en castellano (se viaja por Euskadi y otros lugares super bonitos)<br \/>\n*Tiene una primera parte<br \/>\n*Tama\u00f1o: 15x21cm<br \/>\n*Tapa blanda con solapas y portada barnizada<br \/>\n*Libro impreso y hecho al 100% en Euskadi<\/p>\n","protected":false},"excerpt":{"rendered":"<p>La segunda parte de una historia de amor, llena de dulce, picante, aventuras y mucho misterio. Si te quedaste con las ganas con la primera parte, no dudes en devorar este libro tan suculento, vivaz y sensual.<\/p>\n<p>Una historia que perfectamente puede ser la tuya, la de alguien que conoces o vayas a conocer. \u00bfQui\u00e9n sabe? Atr\u00e9vete a leer estas p\u00e1ginas y sum\u00e9rgete de lleno. Un libro lleno de frescura y magia, donde se entrelazan diferentes historias, en medio de la de nuestros protagonistas: Mateo y Ana.<\/p>\n<p>Un libro para saborear y avivar tanto nuestra mente, cuerpo y alma. Donde se viaja, se saborea y se impregna de algunos bonitos rincones, de la suculenta gastronom\u00eda y de pinceladas de la cultura vasca, como de otros pa\u00edses.<\/p>\n<p>Una novela no muy larga, pero llena de vida e intensidad, para disfrutar, para que nuestros 5 sentidos se despierten, aflorando el sexto, y para relajarnos en nuestro d\u00eda a d\u00eda.<\/p>\n<p>Para que aprendamos a vivir el momento y tomemos como referencia el Carpe Diem.<\/p>\n<p>&nbsp;<\/p>\n<p>*Novela en castellano (se viaja por Euskadi y otros lugares super bonitos)<br \/>\n*Tiene una primera parte<br \/>\n*Tama\u00f1o: 15x21cm<br \/>\n*Tapa blanda con solapas y portada barnizada<br \/>\n*Libro impreso y hecho al 100% en Euskadi<\/p>\n","protected":false},"featured_media":5509,"template":"","meta":[],"product_cat":[62,66,118],"product_tag":[],"_links":{"self":[{"href":"https:\/\/amesgile.com\/es\/wp-json\/wp\/v2\/product\/5521"}],"collection":[{"href":"https:\/\/amesgile.com\/es\/wp-json\/wp\/v2\/product"}],"about":[{"href":"https:\/\/amesgile.com\/es\/wp-json\/wp\/v2\/types\/product"}],"wp:featuredmedia":[{"embeddable":true,"href":"https:\/\/amesgile.com\/es\/wp-json\/wp\/v2\/media\/5509"}],"wp:attachment":[{"href":"https:\/\/amesgile.com\/es\/wp-json\/wp\/v2\/media?parent=5521"}],"wp:term":[{"taxonomy":"product_cat","embeddable":true,"href":"https:\/\/amesgile.com\/es\/wp-json\/wp\/v2\/product_cat?post=5521"},{"taxonomy":"product_tag","embeddable":true,"href":"https:\/\/amesgile.com\/es\/wp-json\/wp\/v2\/product_tag?post=5521"}],"curies":[{"name":"wp","href":"https:\/\/api.w.org\/{rel}","templated":true}]}}