{"id":3178,"date":"2021-09-21T10:02:33","date_gmt":"2021-09-21T10:02:33","guid":{"rendered":"http:\/\/amesagilezero.webprobak.com\/?page_id=3178"},"modified":"2021-09-21T10:02:33","modified_gmt":"2021-09-21T10:02:33","slug":"informations-utiles-et-expedition","status":"publish","type":"page","link":"https:\/\/amesgile.com\/fr\/informations-utiles-et-expedition\/","title":{"rendered":"INFORMATIONS UTILES ET EXP\u00c9DITION"},"content":{"rendered":"<div class=\"container section-title-container\" ><h1 class=\"section-title section-title-center\"><b><\/b><span class=\"section-title-main\" >INFORMATIONS UTILES ET EXP\u00c9DITION<\/span><b><\/b><\/h1><\/div>\n<div class=\"row\"  id=\"row-1806365672\">\n\n\t<div id=\"col-361917386\" class=\"col medium-4 small-12 large-4\"  >\n\t\t\t\t<div class=\"col-inner text-center\"  >\n\t\t\t\n\t\t\t\n\t<div class=\"img has-hover x md-x lg-x y md-y lg-y\" id=\"image_188442250\">\n\t\t\t\t\t\t\t\t<div class=\"img-inner dark\" >\n\t\t\t<img width=\"500\" height=\"500\" src=\"https:\/\/amesgile.com\/wp-content\/uploads\/2021\/09\/fakturea.png\" class=\"attachment-large size-large\" alt=\"\" decoding=\"async\" loading=\"lazy\" srcset=\"https:\/\/amesgile.com\/wp-content\/uploads\/2021\/09\/fakturea.png 500w, https:\/\/amesgile.com\/wp-content\/uploads\/2021\/09\/fakturea-300x300.png 300w, https:\/\/amesgile.com\/wp-content\/uploads\/2021\/09\/fakturea-150x150.png 150w, https:\/\/amesgile.com\/wp-content\/uploads\/2021\/09\/fakturea-100x100.png 100w\" sizes=\"(max-width: 500px) 100vw, 500px\" \/>\t\t\t\t\t\t\n\t\t\t\t\t<\/div>\n\t\t\t\t\t\t\t\t\n<style>\n#image_188442250 {\n  width: 49%;\n}\n<\/style>\n\t<\/div>\n\t\n<div class=\"container section-title-container\" style=\"margin-bottom:-8px;\"><h3 class=\"section-title section-title-center\"><b><\/b><span class=\"section-title-main\" >FACTURE<\/span><b><\/b><\/h3><\/div>\n<p><span style=\"font-size: 95%;\"><span lang=\"eu-ES\">Si vous avez besoin d\u00b4une facture, veuillez \u00e9crire \u00e0 <a href=\"mailto:info@amesgile.com-era\">info@amesgile.com<\/a> et nous vous l\u00b4enverrons par courrier \u00e9lectronique.<\/span><\/span><\/p>\n\t\t<\/div>\n\t\t\t\t\t<\/div>\n\n\t\n\n\t<div id=\"col-2025349789\" class=\"col medium-4 small-12 large-4\"  >\n\t\t\t\t<div class=\"col-inner text-center\"  >\n\t\t\t\n\t\t\t\n\t<div class=\"img has-hover x md-x lg-x y md-y lg-y\" id=\"image_5102029\">\n\t\t\t\t\t\t\t\t<div class=\"img-inner dark\" >\n\t\t\t<img width=\"500\" height=\"500\" src=\"https:\/\/amesgile.com\/wp-content\/uploads\/2021\/09\/ordainketa.png\" class=\"attachment-large size-large\" alt=\"\" decoding=\"async\" loading=\"lazy\" srcset=\"https:\/\/amesgile.com\/wp-content\/uploads\/2021\/09\/ordainketa.png 500w, https:\/\/amesgile.com\/wp-content\/uploads\/2021\/09\/ordainketa-300x300.png 300w, https:\/\/amesgile.com\/wp-content\/uploads\/2021\/09\/ordainketa-150x150.png 150w, https:\/\/amesgile.com\/wp-content\/uploads\/2021\/09\/ordainketa-100x100.png 100w\" sizes=\"(max-width: 500px) 100vw, 500px\" \/>\t\t\t\t\t\t\n\t\t\t\t\t<\/div>\n\t\t\t\t\t\t\t\t\n<style>\n#image_5102029 {\n  width: 49%;\n}\n<\/style>\n\t<\/div>\n\t\n<div class=\"container section-title-container\" style=\"margin-bottom:-8px;\"><h3 class=\"section-title section-title-center\"><b><\/b><span class=\"section-title-main\" >COMMENT PAYER<\/span><b><\/b><\/h3><\/div>\n<p><span style=\"font-size: 95%;\"><span lang=\"eu-ES\">Vous pouvez payer par Paypal ou par carte de c\u00e9dit. Le site a une certification SLL pour s\u00e9curiser l&#8217;achat. Il utilise le syst\u00e8me Redsys pour augmenter la s\u00e9curit\u00e9. C&#8217;est l&#8217;acheteur lui-m\u00eame qui est responsable de la transaction. Il n&#8217;y a pas d&#8217;\u00e2ge minimum pour les acheteurs.<\/span><\/span><\/p>\n\t\t<\/div>\n\t\t\t\t\t<\/div>\n\n\t\n\n\t<div id=\"col-62513413\" class=\"col medium-4 small-12 large-4\"  >\n\t\t\t\t<div class=\"col-inner text-center\"  >\n\t\t\t\n\t\t\t\n\t<div class=\"img has-hover x md-x lg-x y md-y lg-y\" id=\"image_1936217532\">\n\t\t\t\t\t\t\t\t<div class=\"img-inner dark\" >\n\t\t\t<img width=\"500\" height=\"500\" src=\"https:\/\/amesgile.com\/wp-content\/uploads\/2021\/09\/bidalketa.png\" class=\"attachment-large size-large\" alt=\"\" decoding=\"async\" loading=\"lazy\" srcset=\"https:\/\/amesgile.com\/wp-content\/uploads\/2021\/09\/bidalketa.png 500w, https:\/\/amesgile.com\/wp-content\/uploads\/2021\/09\/bidalketa-300x300.png 300w, https:\/\/amesgile.com\/wp-content\/uploads\/2021\/09\/bidalketa-150x150.png 150w, https:\/\/amesgile.com\/wp-content\/uploads\/2021\/09\/bidalketa-100x100.png 100w\" sizes=\"(max-width: 500px) 100vw, 500px\" \/>\t\t\t\t\t\t\n\t\t\t\t\t<\/div>\n\t\t\t\t\t\t\t\t\n<style>\n#image_1936217532 {\n  width: 49%;\n}\n<\/style>\n\t<\/div>\n\t\n<div class=\"container section-title-container\" style=\"margin-bottom:-8px;\"><h3 class=\"section-title section-title-center\"><b><\/b><span class=\"section-title-main\" >EXP\u00c9DITION<\/span><b><\/b><\/h3><\/div>\n<p><span style=\"font-size: 95%;\"><span lang=\"eu-ES\">Il nous faudra un jour pour pr\u00e9parer votre commande et nous traiterons les envois dans les 24-48 heures. Ainsi, vous recrevrez votre commande dans un d\u00e9lai de 3-5 jours dans la p\u00e9ninsule espagnole. \u00c0 l\u00b4\u00e9tranger, le d\u00e9lai est de 5-15 jours, en fonction du pays et du trafic. N\u00b4oubliez pas que les week-ends sont \u00e9galement des jours f\u00e9ri\u00e9s pour nous!<\/span><\/span><\/p>\n\t\t<\/div>\n\t\t\t\t\t<\/div>\n\n\t\n<\/div>\n<div class=\"row\"  id=\"row-1332594977\">\n\n\t<div id=\"col-1951764498\" class=\"col medium-4 small-12 large-4\"  >\n\t\t\t\t<div class=\"col-inner text-center\"  >\n\t\t\t\n\t\t\t\n\t<div class=\"img has-hover x md-x lg-x y md-y lg-y\" id=\"image_735664582\">\n\t\t\t\t\t\t\t\t<div class=\"img-inner dark\" >\n\t\t\t<img width=\"500\" height=\"500\" src=\"https:\/\/amesgile.com\/wp-content\/uploads\/2021\/09\/eskuz_egina.png\" class=\"attachment-large size-large\" alt=\"\" decoding=\"async\" loading=\"lazy\" srcset=\"https:\/\/amesgile.com\/wp-content\/uploads\/2021\/09\/eskuz_egina.png 500w, https:\/\/amesgile.com\/wp-content\/uploads\/2021\/09\/eskuz_egina-300x300.png 300w, https:\/\/amesgile.com\/wp-content\/uploads\/2021\/09\/eskuz_egina-150x150.png 150w, https:\/\/amesgile.com\/wp-content\/uploads\/2021\/09\/eskuz_egina-100x100.png 100w\" sizes=\"(max-width: 500px) 100vw, 500px\" \/>\t\t\t\t\t\t\n\t\t\t\t\t<\/div>\n\t\t\t\t\t\t\t\t\n<style>\n#image_735664582 {\n  width: 49%;\n}\n<\/style>\n\t<\/div>\n\t\n<div class=\"container section-title-container\" style=\"margin-bottom:-8px;\"><h3 class=\"section-title section-title-center\"><b><\/b><span class=\"section-title-main\" >SOUVENIRS FAITS \u00c0 LA MAIN<\/span><b><\/b><\/h3><\/div>\n<p><span style=\"font-size: 95%;\"><span lang=\"eu-ES\">Si nous sommes \u00e0 court de souvenirs faits \u00e0 la main, gardez \u00e0 l\u00b4esprit qu\u00b4il faut du temps pour les cr\u00e9er. Nous nous efforcerons toutefois de les r\u00e9aliser dans les plus brefs d\u00e9lais. Nous vous remercions de votre compr\u00e9hension. <\/span><\/span><\/p>\n\t\t<\/div>\n\t\t\t\t\t<\/div>\n\n\t\n\n\t<div id=\"col-255451837\" class=\"col medium-4 small-12 large-4\"  >\n\t\t\t\t<div class=\"col-inner text-center\"  >\n\t\t\t\n\t\t\t\n\t<div class=\"img has-hover x md-x lg-x y md-y lg-y\" id=\"image_532604164\">\n\t\t\t\t\t\t\t\t<div class=\"img-inner dark\" >\n\t\t\t<img width=\"500\" height=\"500\" src=\"https:\/\/amesgile.com\/wp-content\/uploads\/2021\/09\/bidalketa_kostua.png\" class=\"attachment-large size-large\" alt=\"\" decoding=\"async\" loading=\"lazy\" srcset=\"https:\/\/amesgile.com\/wp-content\/uploads\/2021\/09\/bidalketa_kostua.png 500w, https:\/\/amesgile.com\/wp-content\/uploads\/2021\/09\/bidalketa_kostua-300x300.png 300w, https:\/\/amesgile.com\/wp-content\/uploads\/2021\/09\/bidalketa_kostua-150x150.png 150w, https:\/\/amesgile.com\/wp-content\/uploads\/2021\/09\/bidalketa_kostua-100x100.png 100w\" sizes=\"(max-width: 500px) 100vw, 500px\" \/>\t\t\t\t\t\t\n\t\t\t\t\t<\/div>\n\t\t\t\t\t\t\t\t\n<style>\n#image_532604164 {\n  width: 49%;\n}\n<\/style>\n\t<\/div>\n\t\n<div class=\"container section-title-container\" style=\"margin-bottom:-8px;\"><h3 class=\"section-title section-title-center\"><b><\/b><span class=\"section-title-main\" >FRAIS D\u00b4EXP\u00c9DITION<\/span><b><\/b><\/h3><\/div>\n<p><span style=\"font-size: 95%;\"><span lang=\"eu-ES\">Les frais d\u00b4envoi seront de 5 euros en Espagne et au Portugal. De 10 euros en Europe, de 15 euros en Am\u00e9rique et de 20 euros dans le reste du monde. Les envois de plus de 50 euros seront gratuits en Espagne et au Portugal, et de plus de 60 euros \u00e0 l\u00b4\u00e9tranger.<\/span><\/span><\/p>\n\t\t<\/div>\n\t\t\t\t\t<\/div>\n\n\t\n\n\t<div id=\"col-1612047627\" class=\"col medium-4 small-12 large-4\"  >\n\t\t\t\t<div class=\"col-inner text-center\"  >\n\t\t\t\n\t\t\t\n\t<div class=\"img has-hover x md-x lg-x y md-y lg-y\" id=\"image_494973608\">\n\t\t\t\t\t\t\t\t<div class=\"img-inner dark\" >\n\t\t\t<img width=\"800\" height=\"800\" src=\"https:\/\/amesgile.com\/wp-content\/uploads\/2021\/09\/itzulketak.png\" class=\"attachment-large size-large\" alt=\"\" decoding=\"async\" loading=\"lazy\" srcset=\"https:\/\/amesgile.com\/wp-content\/uploads\/2021\/09\/itzulketak.png 800w, https:\/\/amesgile.com\/wp-content\/uploads\/2021\/09\/itzulketak-300x300.png 300w, https:\/\/amesgile.com\/wp-content\/uploads\/2021\/09\/itzulketak-150x150.png 150w, https:\/\/amesgile.com\/wp-content\/uploads\/2021\/09\/itzulketak-768x768.png 768w, https:\/\/amesgile.com\/wp-content\/uploads\/2021\/09\/itzulketak-500x500.png 500w, https:\/\/amesgile.com\/wp-content\/uploads\/2021\/09\/itzulketak-700x700.png 700w, https:\/\/amesgile.com\/wp-content\/uploads\/2021\/09\/itzulketak-100x100.png 100w\" sizes=\"(max-width: 800px) 100vw, 800px\" \/>\t\t\t\t\t\t\n\t\t\t\t\t<\/div>\n\t\t\t\t\t\t\t\t\n<style>\n#image_494973608 {\n  width: 49%;\n}\n<\/style>\n\t<\/div>\n\t\n<div class=\"container section-title-container\" style=\"margin-bottom:-8px;\"><h3 class=\"section-title section-title-center\"><b><\/b><span class=\"section-title-main\" >RETOURS<\/span><b><\/b><\/h3><\/div>\n<p><span style=\"font-size: 95%;\"><span lang=\"eu-ES\">Nous nous excusons pour ce d\u00e9sagr\u00e9ment, mais les retours ne sont pas accept\u00e9s. Vous pouvez annuler votre commande \u00e0 condition de le faire avant que l&#8217;envoi ne soit effectu\u00e9. Pour ce faire, veuillez \u00e9crire un courriel \u00e0 info@amesgile.com.<br \/>\n<\/span><\/span><\/p>\n\t\t<\/div>\n\t\t\t\t\t<\/div>\n\n\t\n<\/div>\n","protected":false},"excerpt":{"rendered":"","protected":false},"author":1,"featured_media":0,"parent":0,"menu_order":0,"comment_status":"closed","ping_status":"closed","template":"","meta":{"footnotes":""},"_links":{"self":[{"href":"https:\/\/amesgile.com\/fr\/wp-json\/wp\/v2\/pages\/3178"}],"collection":[{"href":"https:\/\/amesgile.com\/fr\/wp-json\/wp\/v2\/pages"}],"about":[{"href":"https:\/\/amesgile.com\/fr\/wp-json\/wp\/v2\/types\/page"}],"author":[{"embeddable":true,"href":"https:\/\/amesgile.com\/fr\/wp-json\/wp\/v2\/users\/1"}],"replies":[{"embeddable":true,"href":"https:\/\/amesgile.com\/fr\/wp-json\/wp\/v2\/comments?post=3178"}],"version-history":[{"count":2,"href":"https:\/\/amesgile.com\/fr\/wp-json\/wp\/v2\/pages\/3178\/revisions"}],"predecessor-version":[{"id":3180,"href":"https:\/\/amesgile.com\/fr\/wp-json\/wp\/v2\/pages\/3178\/revisions\/3180"}],"wp:attachment":[{"href":"https:\/\/amesgile.com\/fr\/wp-json\/wp\/v2\/media?parent=3178"}],"curies":[{"name":"wp","href":"https:\/\/api.w.org\/{rel}","templated":true}]}}