{"id":3184,"date":"2021-09-21T10:05:37","date_gmt":"2021-09-21T10:05:37","guid":{"rendered":"http:\/\/amesagilezero.webprobak.com\/?page_id=3184"},"modified":"2023-10-19T12:59:20","modified_gmt":"2023-10-19T10:59:20","slug":"amesgile","status":"publish","type":"page","link":"https:\/\/amesgile.com\/fr\/","title":{"rendered":"Amesgile"},"content":{"rendered":"\t<section class=\"section\" id=\"section_2134161994\">\n\t\t<div class=\"bg section-bg fill bg-fill  \" >\n\n\t\t\t\n\t\t\t\n\t\t\t\n\n\t\t<\/div>\n\n\t\t\n\n\t\t<div class=\"section-content relative\">\n\t\t\t\n<div class=\"container section-title-container\" style=\"margin-top:-100px;margin-bottom:-12px;\"><h1 class=\"section-title section-title-center\"><b><\/b><span class=\"section-title-main\" style=\"font-size:300%;color:rgb(0, 0, 0);\">Amesgile<\/span><b><\/b><\/h1><\/div>\n<div class=\"row align-center\"  id=\"row-2055097801\">\n\n\t<div id=\"col-1617006825\" class=\"col medium-6 small-12 large-6\"  >\n\t\t\t\t<div class=\"col-inner text-center\"  >\n\t\t\t\n\t\t\t\n<p>R\u00eavez et voyagez vers de nouveaux mondes. La maison d&#8217;\u00e9dition Amesgile est un r\u00eave n\u00e9 en 2020 avec beaucoup d&#8217;illusion pour le faire ensemble.<\/p>\n<a rel=\"noopener noreferrer\" href=\"https:\/\/amesgile.com\/fr\/litterature-pour-enfants\/\" target=\"_blank\" class=\"button white is-shade box-shadow-3 box-shadow-5-hover\"  style=\"border-radius:5px;\">\n    <span>LITT\u00c9RATURE POUR ENFANTS<\/span>\n  <\/a>\n\n<a rel=\"noopener noreferrer\" href=\"https:\/\/amesgile.com\/fr\/literatura\/\" target=\"_blank\" class=\"button white is-shade box-shadow-3 box-shadow-5-hover\"  style=\"border-radius:5px;\">\n    <span>LA LITT\u00c9RATURE<\/span>\n  <\/a>\n\n\t\t<\/div>\n\t\t\t\t\n<style>\n#col-1617006825 > .col-inner {\n  padding: 0px 0 0px 0px;\n  margin: 0px 0px 0px 0;\n}\n@media (min-width:550px) {\n  #col-1617006825 > .col-inner {\n    padding: 0px 200px 0px 0px;\n    margin: 0px 0px 0px 144px;\n  }\n}\n<\/style>\n\t<\/div>\n\n\t\n\n<style>\n#row-2055097801 > .col > .col-inner {\n  padding: 0px 0px 0px 0;\n}\n<\/style>\n<\/div>\n\t\t<\/div>\n\n\t\t\n<style>\n#section_2134161994 {\n  padding-top: 30px;\n  padding-bottom: 30px;\n  min-height: 1400px;\n}\n#section_2134161994 .section-bg.bg-loaded {\n  background-image: url(https:\/\/amesgile.com\/wp-content\/uploads\/2021\/09\/fondoa-1.png);\n}\n<\/style>\n\t<\/section>\n\t\n<div class=\"container section-title-container\" style=\"margin-top:62px;\"><h1 class=\"section-title section-title-bold\"><b><\/b><span class=\"section-title-main\" style=\"font-size:162%;\">NOS LIVRES<\/span><b><\/b><\/h1><\/div>\n\n  \n    <div id=\"product-grid-1923688696\" class=\"row  equalize-box large-columns-3 medium-columns- small-columns-1 row-small row-masonry\" data-packery-options='{\"itemSelector\": \".col\", \"gutter\": 0, \"presentageWidth\" : true}'>\n\n  \t\n\t     <div class=\"col\" >\n\t\t\t\t\t\t<div class=\"col-inner\">\n\t\t\t\t\t\t\n<div class=\"badge-container absolute left top z-1\">\n\n<div class=\"badge callout badge-circle\"><div class=\"badge-inner callout-new-bg is-small new-bubble\">EUSK + Fr<\/div><\/div><\/div>\n\t\t\t\t\t\t<div class=\"product-small box has-hover box-overlay dark box-text-bottom\">\n\t\t\t\t\t\t\t<div class=\"box-image\" >\n\t\t\t\t\t\t\t\t<div class=\"image-overlay-add\" >\n\t\t\t\t\t\t\t\t\t<a href=\"https:\/\/amesgile.com\/fr\/produktua\/musu-eta-besarkada-magikoak-baisers-et-calins-magiques\/\" aria-label=\"MUSU ETA BESARKADA MAGIKOAK\/Baisers et c\u00e2lins magiques\">\n\t\t\t\t\t\t\t\t\t\t<img width=\"500\" height=\"500\" src=\"https:\/\/amesgile.com\/wp-content\/uploads\/2023\/05\/Bilingue-euskfr-2-500x500.jpg\" class=\"show-on-hover absolute fill hide-for-small back-image\" alt=\"\" decoding=\"async\" loading=\"lazy\" srcset=\"https:\/\/amesgile.com\/wp-content\/uploads\/2023\/05\/Bilingue-euskfr-2-500x500.jpg 500w, https:\/\/amesgile.com\/wp-content\/uploads\/2023\/05\/Bilingue-euskfr-2-150x150.jpg 150w, https:\/\/amesgile.com\/wp-content\/uploads\/2023\/05\/Bilingue-euskfr-2-100x100.jpg 100w\" sizes=\"(max-width: 500px) 100vw, 500px\" \/><img width=\"2560\" height=\"2008\" src=\"https:\/\/amesgile.com\/wp-content\/uploads\/2023\/05\/Bilingue-euskfr-1-scaled.jpg\" class=\"attachment-original size-original\" alt=\"\" decoding=\"async\" loading=\"lazy\" srcset=\"https:\/\/amesgile.com\/wp-content\/uploads\/2023\/05\/Bilingue-euskfr-1-scaled.jpg 2560w, https:\/\/amesgile.com\/wp-content\/uploads\/2023\/05\/Bilingue-euskfr-1-300x235.jpg 300w, https:\/\/amesgile.com\/wp-content\/uploads\/2023\/05\/Bilingue-euskfr-1-1024x803.jpg 1024w, https:\/\/amesgile.com\/wp-content\/uploads\/2023\/05\/Bilingue-euskfr-1-768x602.jpg 768w, https:\/\/amesgile.com\/wp-content\/uploads\/2023\/05\/Bilingue-euskfr-1-1536x1205.jpg 1536w, https:\/\/amesgile.com\/wp-content\/uploads\/2023\/05\/Bilingue-euskfr-1-2048x1606.jpg 2048w, https:\/\/amesgile.com\/wp-content\/uploads\/2023\/05\/Bilingue-euskfr-1-700x549.jpg 700w\" sizes=\"(max-width: 2560px) 100vw, 2560px\" \/>\t\t\t\t\t\t\t\t\t<\/a>\n\t\t\t\t\t\t\t\t\t<div class=\"overlay fill\" style=\"background-color: 1\"><\/div>\t\t\t\t\t\t\t\t\t \t\t\t\t\t\t\t\t<\/div>\n\t\t\t\t\t\t\t\t<div class=\"image-tools top right show-on-hover\">\n\t\t\t\t\t\t\t\t\t\t\t\t\t\t\t\t\t<\/div>\n\t\t\t\t\t\t\t\t\t\t\t\t\t\t\t\t\t\t\t\t\t\t\t<\/div>\n\n\t\t\t\t\t\t\t<div class=\"box-text text-center\" style=\"background-color:rgba(0, 0, 0, 0.73);padding:15px 0px 16px 0px;\">\n\t\t\t\t\t\t\t\t<div class=\"title-wrapper\"><\/div><div class=\"price-wrapper\"><\/div><div class=\"overlay-tools\"><\/div>\t\t\t\t\t\t\t<\/div>\n\t\t\t\t\t\t<\/div>\n\t\t\t\t\t\t<\/div>\n\t\t\t\t\t<\/div><div class=\"col\" >\n\t\t\t\t\t\t<div class=\"col-inner\">\n\t\t\t\t\t\t\n<div class=\"badge-container absolute left top z-1\">\n\n<div class=\"badge callout badge-circle\"><div class=\"badge-inner callout-new-bg is-small new-bubble\">Fr<\/div><\/div><\/div>\n\t\t\t\t\t\t<div class=\"product-small box has-hover box-overlay dark box-text-bottom\">\n\t\t\t\t\t\t\t<div class=\"box-image\" >\n\t\t\t\t\t\t\t\t<div class=\"image-overlay-add\" >\n\t\t\t\t\t\t\t\t\t<a href=\"https:\/\/amesgile.com\/fr\/produktua\/baisers-et-calins-magiques\/\" aria-label=\"Baisers et c\u00e2lins magiques\">\n\t\t\t\t\t\t\t\t\t\t<img width=\"500\" height=\"500\" src=\"https:\/\/amesgile.com\/wp-content\/uploads\/2023\/05\/Magiques-fr-2-500x500.jpg\" class=\"show-on-hover absolute fill hide-for-small back-image\" alt=\"\" decoding=\"async\" loading=\"lazy\" srcset=\"https:\/\/amesgile.com\/wp-content\/uploads\/2023\/05\/Magiques-fr-2-500x500.jpg 500w, https:\/\/amesgile.com\/wp-content\/uploads\/2023\/05\/Magiques-fr-2-150x150.jpg 150w, https:\/\/amesgile.com\/wp-content\/uploads\/2023\/05\/Magiques-fr-2-100x100.jpg 100w\" sizes=\"(max-width: 500px) 100vw, 500px\" \/><img width=\"2560\" height=\"2146\" src=\"https:\/\/amesgile.com\/wp-content\/uploads\/2023\/05\/Magiques-fr-1-scaled.jpg\" class=\"attachment-original size-original\" alt=\"\" decoding=\"async\" loading=\"lazy\" srcset=\"https:\/\/amesgile.com\/wp-content\/uploads\/2023\/05\/Magiques-fr-1-scaled.jpg 2560w, https:\/\/amesgile.com\/wp-content\/uploads\/2023\/05\/Magiques-fr-1-300x251.jpg 300w, https:\/\/amesgile.com\/wp-content\/uploads\/2023\/05\/Magiques-fr-1-1024x858.jpg 1024w, https:\/\/amesgile.com\/wp-content\/uploads\/2023\/05\/Magiques-fr-1-768x644.jpg 768w, https:\/\/amesgile.com\/wp-content\/uploads\/2023\/05\/Magiques-fr-1-1536x1287.jpg 1536w, https:\/\/amesgile.com\/wp-content\/uploads\/2023\/05\/Magiques-fr-1-2048x1717.jpg 2048w, https:\/\/amesgile.com\/wp-content\/uploads\/2023\/05\/Magiques-fr-1-700x587.jpg 700w\" sizes=\"(max-width: 2560px) 100vw, 2560px\" \/>\t\t\t\t\t\t\t\t\t<\/a>\n\t\t\t\t\t\t\t\t\t<div class=\"overlay fill\" style=\"background-color: 1\"><\/div>\t\t\t\t\t\t\t\t\t \t\t\t\t\t\t\t\t<\/div>\n\t\t\t\t\t\t\t\t<div class=\"image-tools top right show-on-hover\">\n\t\t\t\t\t\t\t\t\t\t\t\t\t\t\t\t\t<\/div>\n\t\t\t\t\t\t\t\t\t\t\t\t\t\t\t\t\t\t\t\t\t\t\t<\/div>\n\n\t\t\t\t\t\t\t<div class=\"box-text text-center\" style=\"background-color:rgba(0, 0, 0, 0.73);padding:15px 0px 16px 0px;\">\n\t\t\t\t\t\t\t\t<div class=\"title-wrapper\"><\/div><div class=\"price-wrapper\"><\/div><div class=\"overlay-tools\"><\/div>\t\t\t\t\t\t\t<\/div>\n\t\t\t\t\t\t<\/div>\n\t\t\t\t\t\t<\/div>\n\t\t\t\t\t<\/div><div class=\"col\" >\n\t\t\t\t\t\t<div class=\"col-inner\">\n\t\t\t\t\t\t\n<div class=\"badge-container absolute left top z-1\">\n\n<div class=\"badge callout badge-circle\"><div class=\"badge-inner callout-new-bg is-small new-bubble\">Fr<\/div><\/div><\/div>\n\t\t\t\t\t\t<div class=\"product-small box has-hover box-overlay dark box-text-bottom\">\n\t\t\t\t\t\t\t<div class=\"box-image\" >\n\t\t\t\t\t\t\t\t<div class=\"image-overlay-add\" >\n\t\t\t\t\t\t\t\t\t<a href=\"https:\/\/amesgile.com\/fr\/produktua\/baisers-et-calins\/\" aria-label=\"Baisers et c\u00e2lins\">\n\t\t\t\t\t\t\t\t\t\t<img width=\"500\" height=\"500\" src=\"https:\/\/amesgile.com\/wp-content\/uploads\/2022\/01\/Baisers2-500x500.jpg\" class=\"show-on-hover absolute fill hide-for-small back-image\" alt=\"\" decoding=\"async\" loading=\"lazy\" srcset=\"https:\/\/amesgile.com\/wp-content\/uploads\/2022\/01\/Baisers2-500x500.jpg 500w, https:\/\/amesgile.com\/wp-content\/uploads\/2022\/01\/Baisers2-150x150.jpg 150w, https:\/\/amesgile.com\/wp-content\/uploads\/2022\/01\/Baisers2-100x100.jpg 100w\" sizes=\"(max-width: 500px) 100vw, 500px\" \/><img width=\"2304\" height=\"2256\" src=\"https:\/\/amesgile.com\/wp-content\/uploads\/2022\/01\/Baisers1.jpg\" class=\"attachment-original size-original\" alt=\"\" decoding=\"async\" loading=\"lazy\" srcset=\"https:\/\/amesgile.com\/wp-content\/uploads\/2022\/01\/Baisers1.jpg 2304w, https:\/\/amesgile.com\/wp-content\/uploads\/2022\/01\/Baisers1-300x294.jpg 300w, https:\/\/amesgile.com\/wp-content\/uploads\/2022\/01\/Baisers1-1024x1003.jpg 1024w, https:\/\/amesgile.com\/wp-content\/uploads\/2022\/01\/Baisers1-768x752.jpg 768w, https:\/\/amesgile.com\/wp-content\/uploads\/2022\/01\/Baisers1-1536x1504.jpg 1536w, https:\/\/amesgile.com\/wp-content\/uploads\/2022\/01\/Baisers1-2048x2005.jpg 2048w, https:\/\/amesgile.com\/wp-content\/uploads\/2022\/01\/Baisers1-700x685.jpg 700w\" sizes=\"(max-width: 2304px) 100vw, 2304px\" \/>\t\t\t\t\t\t\t\t\t<\/a>\n\t\t\t\t\t\t\t\t\t<div class=\"overlay fill\" style=\"background-color: 1\"><\/div>\t\t\t\t\t\t\t\t\t \t\t\t\t\t\t\t\t<\/div>\n\t\t\t\t\t\t\t\t<div class=\"image-tools top right show-on-hover\">\n\t\t\t\t\t\t\t\t\t\t\t\t\t\t\t\t\t<\/div>\n\t\t\t\t\t\t\t\t\t\t\t\t\t\t\t\t\t\t\t\t\t\t\t<\/div>\n\n\t\t\t\t\t\t\t<div class=\"box-text text-center\" style=\"background-color:rgba(0, 0, 0, 0.73);padding:15px 0px 16px 0px;\">\n\t\t\t\t\t\t\t\t<div class=\"title-wrapper\"><\/div><div class=\"price-wrapper\"><\/div><div class=\"overlay-tools\"><\/div>\t\t\t\t\t\t\t<\/div>\n\t\t\t\t\t\t<\/div>\n\t\t\t\t\t\t<\/div>\n\t\t\t\t\t<\/div><div class=\"col\" >\n\t\t\t\t\t\t<div class=\"col-inner\">\n\t\t\t\t\t\t\n<div class=\"badge-container absolute left top z-1\">\n\n<div class=\"badge callout badge-circle\"><div class=\"badge-inner callout-new-bg is-small new-bubble\">Fr<\/div><\/div><\/div>\n\t\t\t\t\t\t<div class=\"product-small box has-hover box-overlay dark box-text-bottom\">\n\t\t\t\t\t\t\t<div class=\"box-image\" >\n\t\t\t\t\t\t\t\t<div class=\"image-overlay-add\" >\n\t\t\t\t\t\t\t\t\t<a href=\"https:\/\/amesgile.com\/fr\/produktua\/malen-et-letoile-de-mer\/\" aria-label=\"Malen et l\u00b4\u00e9toile de mer\">\n\t\t\t\t\t\t\t\t\t\t<img width=\"500\" height=\"500\" src=\"https:\/\/amesgile.com\/wp-content\/uploads\/2022\/01\/Malen-fr3-500x500.jpg\" class=\"show-on-hover absolute fill hide-for-small back-image\" alt=\"\" decoding=\"async\" loading=\"lazy\" srcset=\"https:\/\/amesgile.com\/wp-content\/uploads\/2022\/01\/Malen-fr3-500x500.jpg 500w, https:\/\/amesgile.com\/wp-content\/uploads\/2022\/01\/Malen-fr3-150x150.jpg 150w, https:\/\/amesgile.com\/wp-content\/uploads\/2022\/01\/Malen-fr3-100x100.jpg 100w\" sizes=\"(max-width: 500px) 100vw, 500px\" \/><img width=\"2560\" height=\"2400\" src=\"https:\/\/amesgile.com\/wp-content\/uploads\/2022\/01\/Malen-fr1-scaled.jpg\" class=\"attachment-original size-original\" alt=\"\" decoding=\"async\" loading=\"lazy\" srcset=\"https:\/\/amesgile.com\/wp-content\/uploads\/2022\/01\/Malen-fr1-scaled.jpg 2560w, https:\/\/amesgile.com\/wp-content\/uploads\/2022\/01\/Malen-fr1-300x281.jpg 300w, https:\/\/amesgile.com\/wp-content\/uploads\/2022\/01\/Malen-fr1-1024x960.jpg 1024w, https:\/\/amesgile.com\/wp-content\/uploads\/2022\/01\/Malen-fr1-768x720.jpg 768w, https:\/\/amesgile.com\/wp-content\/uploads\/2022\/01\/Malen-fr1-1536x1440.jpg 1536w, https:\/\/amesgile.com\/wp-content\/uploads\/2022\/01\/Malen-fr1-2048x1920.jpg 2048w, https:\/\/amesgile.com\/wp-content\/uploads\/2022\/01\/Malen-fr1-700x656.jpg 700w\" sizes=\"(max-width: 2560px) 100vw, 2560px\" \/>\t\t\t\t\t\t\t\t\t<\/a>\n\t\t\t\t\t\t\t\t\t<div class=\"overlay fill\" style=\"background-color: 1\"><\/div>\t\t\t\t\t\t\t\t\t \t\t\t\t\t\t\t\t<\/div>\n\t\t\t\t\t\t\t\t<div class=\"image-tools top right show-on-hover\">\n\t\t\t\t\t\t\t\t\t\t\t\t\t\t\t\t\t<\/div>\n\t\t\t\t\t\t\t\t\t\t\t\t\t\t\t\t\t\t\t\t\t\t\t<\/div>\n\n\t\t\t\t\t\t\t<div class=\"box-text text-center\" style=\"background-color:rgba(0, 0, 0, 0.73);padding:15px 0px 16px 0px;\">\n\t\t\t\t\t\t\t\t<div class=\"title-wrapper\"><\/div><div class=\"price-wrapper\"><\/div><div class=\"overlay-tools\"><\/div>\t\t\t\t\t\t\t<\/div>\n\t\t\t\t\t\t<\/div>\n\t\t\t\t\t\t<\/div>\n\t\t\t\t\t<\/div><div class=\"col\" >\n\t\t\t\t\t\t<div class=\"col-inner\">\n\t\t\t\t\t\t\n<div class=\"badge-container absolute left top z-1\">\n\n<div class=\"badge callout badge-circle\"><div class=\"badge-inner callout-new-bg is-small new-bubble\">Fr<\/div><\/div><\/div>\n\t\t\t\t\t\t<div class=\"product-small box has-hover box-overlay dark box-text-bottom\">\n\t\t\t\t\t\t\t<div class=\"box-image\" >\n\t\t\t\t\t\t\t\t<div class=\"image-overlay-add\" >\n\t\t\t\t\t\t\t\t\t<a href=\"https:\/\/amesgile.com\/fr\/produktua\/nuit\/\" aria-label=\"NUIT\">\n\t\t\t\t\t\t\t\t\t\t<img width=\"500\" height=\"500\" src=\"https:\/\/amesgile.com\/wp-content\/uploads\/2021\/09\/FR2-500x500.jpg\" class=\"show-on-hover absolute fill hide-for-small back-image\" alt=\"\" decoding=\"async\" loading=\"lazy\" srcset=\"https:\/\/amesgile.com\/wp-content\/uploads\/2021\/09\/FR2-500x500.jpg 500w, https:\/\/amesgile.com\/wp-content\/uploads\/2021\/09\/FR2-150x150.jpg 150w, https:\/\/amesgile.com\/wp-content\/uploads\/2021\/09\/FR2-100x100.jpg 100w\" sizes=\"(max-width: 500px) 100vw, 500px\" \/><img width=\"1605\" height=\"1884\" src=\"https:\/\/amesgile.com\/wp-content\/uploads\/2021\/09\/FR1.jpg\" class=\"attachment-original size-original\" alt=\"\" decoding=\"async\" loading=\"lazy\" srcset=\"https:\/\/amesgile.com\/wp-content\/uploads\/2021\/09\/FR1.jpg 1605w, https:\/\/amesgile.com\/wp-content\/uploads\/2021\/09\/FR1-256x300.jpg 256w, https:\/\/amesgile.com\/wp-content\/uploads\/2021\/09\/FR1-872x1024.jpg 872w, https:\/\/amesgile.com\/wp-content\/uploads\/2021\/09\/FR1-768x902.jpg 768w, https:\/\/amesgile.com\/wp-content\/uploads\/2021\/09\/FR1-1309x1536.jpg 1309w, https:\/\/amesgile.com\/wp-content\/uploads\/2021\/09\/FR1-700x822.jpg 700w\" sizes=\"(max-width: 1605px) 100vw, 1605px\" \/>\t\t\t\t\t\t\t\t\t<\/a>\n\t\t\t\t\t\t\t\t\t<div class=\"overlay fill\" style=\"background-color: 1\"><\/div>\t\t\t\t\t\t\t\t\t \t\t\t\t\t\t\t\t<\/div>\n\t\t\t\t\t\t\t\t<div class=\"image-tools top right show-on-hover\">\n\t\t\t\t\t\t\t\t\t\t\t\t\t\t\t\t\t<\/div>\n\t\t\t\t\t\t\t\t\t\t\t\t\t\t\t\t\t\t\t\t\t\t\t<\/div>\n\n\t\t\t\t\t\t\t<div class=\"box-text text-center\" style=\"background-color:rgba(0, 0, 0, 0.73);padding:15px 0px 16px 0px;\">\n\t\t\t\t\t\t\t\t<div class=\"title-wrapper\"><\/div><div class=\"price-wrapper\"><\/div><div class=\"overlay-tools\"><\/div>\t\t\t\t\t\t\t<\/div>\n\t\t\t\t\t\t<\/div>\n\t\t\t\t\t\t<\/div>\n\t\t\t\t\t<\/div><div class=\"col\" >\n\t\t\t\t\t\t<div class=\"col-inner\">\n\t\t\t\t\t\t\n<div class=\"badge-container absolute left top z-1\">\n\n<div class=\"badge callout badge-circle\"><div class=\"badge-inner callout-new-bg is-small new-bubble\">Fr<\/div><\/div><\/div>\n\t\t\t\t\t\t<div class=\"product-small box has-hover box-overlay dark box-text-bottom\">\n\t\t\t\t\t\t\t<div class=\"box-image\" >\n\t\t\t\t\t\t\t\t<div class=\"image-overlay-add\" >\n\t\t\t\t\t\t\t\t\t<a href=\"https:\/\/amesgile.com\/fr\/produktua\/amalia-et-le-voyage-dans-lespace\/\" aria-label=\"Amalia et le voyage dans l\u00b4espace\">\n\t\t\t\t\t\t\t\t\t\t<img width=\"500\" height=\"500\" src=\"https:\/\/amesgile.com\/wp-content\/uploads\/2021\/09\/Frances-500x500.jpg\" class=\"show-on-hover absolute fill hide-for-small back-image\" alt=\"\" decoding=\"async\" loading=\"lazy\" srcset=\"https:\/\/amesgile.com\/wp-content\/uploads\/2021\/09\/Frances-500x500.jpg 500w, https:\/\/amesgile.com\/wp-content\/uploads\/2021\/09\/Frances-300x300.jpg 300w, https:\/\/amesgile.com\/wp-content\/uploads\/2021\/09\/Frances-1024x1024.jpg 1024w, https:\/\/amesgile.com\/wp-content\/uploads\/2021\/09\/Frances-150x150.jpg 150w, https:\/\/amesgile.com\/wp-content\/uploads\/2021\/09\/Frances-768x768.jpg 768w, https:\/\/amesgile.com\/wp-content\/uploads\/2021\/09\/Frances-1536x1536.jpg 1536w, https:\/\/amesgile.com\/wp-content\/uploads\/2021\/09\/Frances-2048x2048.jpg 2048w, https:\/\/amesgile.com\/wp-content\/uploads\/2021\/09\/Frances-700x700.jpg 700w, https:\/\/amesgile.com\/wp-content\/uploads\/2021\/09\/Frances-100x100.jpg 100w\" sizes=\"(max-width: 500px) 100vw, 500px\" \/><img width=\"2560\" height=\"2249\" src=\"https:\/\/amesgile.com\/wp-content\/uploads\/2021\/09\/IMG_20210524_084137-1-scaled.jpg\" class=\"attachment-original size-original\" alt=\"\" decoding=\"async\" loading=\"lazy\" srcset=\"https:\/\/amesgile.com\/wp-content\/uploads\/2021\/09\/IMG_20210524_084137-1-scaled.jpg 2560w, https:\/\/amesgile.com\/wp-content\/uploads\/2021\/09\/IMG_20210524_084137-1-300x264.jpg 300w, https:\/\/amesgile.com\/wp-content\/uploads\/2021\/09\/IMG_20210524_084137-1-1024x900.jpg 1024w, https:\/\/amesgile.com\/wp-content\/uploads\/2021\/09\/IMG_20210524_084137-1-768x675.jpg 768w, https:\/\/amesgile.com\/wp-content\/uploads\/2021\/09\/IMG_20210524_084137-1-1536x1349.jpg 1536w, https:\/\/amesgile.com\/wp-content\/uploads\/2021\/09\/IMG_20210524_084137-1-2048x1799.jpg 2048w, https:\/\/amesgile.com\/wp-content\/uploads\/2021\/09\/IMG_20210524_084137-1-700x615.jpg 700w\" sizes=\"(max-width: 2560px) 100vw, 2560px\" \/>\t\t\t\t\t\t\t\t\t<\/a>\n\t\t\t\t\t\t\t\t\t<div class=\"overlay fill\" style=\"background-color: 1\"><\/div>\t\t\t\t\t\t\t\t\t \t\t\t\t\t\t\t\t<\/div>\n\t\t\t\t\t\t\t\t<div class=\"image-tools top right show-on-hover\">\n\t\t\t\t\t\t\t\t\t\t\t\t\t\t\t\t\t<\/div>\n\t\t\t\t\t\t\t\t\t\t\t\t\t\t\t\t\t\t\t\t\t\t\t<\/div>\n\n\t\t\t\t\t\t\t<div class=\"box-text text-center\" style=\"background-color:rgba(0, 0, 0, 0.73);padding:15px 0px 16px 0px;\">\n\t\t\t\t\t\t\t\t<div class=\"title-wrapper\"><\/div><div class=\"price-wrapper\"><\/div><div class=\"overlay-tools\"><\/div>\t\t\t\t\t\t\t<\/div>\n\t\t\t\t\t\t<\/div>\n\t\t\t\t\t\t<\/div>\n\t\t\t\t\t<\/div><div class=\"col\" >\n\t\t\t\t\t\t<div class=\"col-inner\">\n\t\t\t\t\t\t\n<div class=\"badge-container absolute left top z-1\">\n\n<div class=\"badge callout badge-circle\"><div class=\"badge-inner callout-new-bg is-small new-bubble\">Fr<\/div><\/div><\/div>\n\t\t\t\t\t\t<div class=\"product-small box has-hover box-overlay dark box-text-bottom\">\n\t\t\t\t\t\t\t<div class=\"box-image\" >\n\t\t\t\t\t\t\t\t<div class=\"image-overlay-add\" >\n\t\t\t\t\t\t\t\t\t<a href=\"https:\/\/amesgile.com\/fr\/produktua\/mary-and-the-amazing-world-of-amla\/\" aria-label=\"Marie et le monde \u00e9tonnant d\u00b4 Amla\">\n\t\t\t\t\t\t\t\t\t\t<img width=\"500\" height=\"500\" src=\"https:\/\/amesgile.com\/wp-content\/uploads\/2021\/09\/Marie-Fr-2-1-500x500.jpg\" class=\"show-on-hover absolute fill hide-for-small back-image\" alt=\"\" decoding=\"async\" loading=\"lazy\" srcset=\"https:\/\/amesgile.com\/wp-content\/uploads\/2021\/09\/Marie-Fr-2-1-500x500.jpg 500w, https:\/\/amesgile.com\/wp-content\/uploads\/2021\/09\/Marie-Fr-2-1-300x300.jpg 300w, https:\/\/amesgile.com\/wp-content\/uploads\/2021\/09\/Marie-Fr-2-1-1024x1024.jpg 1024w, https:\/\/amesgile.com\/wp-content\/uploads\/2021\/09\/Marie-Fr-2-1-150x150.jpg 150w, https:\/\/amesgile.com\/wp-content\/uploads\/2021\/09\/Marie-Fr-2-1-768x768.jpg 768w, https:\/\/amesgile.com\/wp-content\/uploads\/2021\/09\/Marie-Fr-2-1-1536x1536.jpg 1536w, https:\/\/amesgile.com\/wp-content\/uploads\/2021\/09\/Marie-Fr-2-1-2048x2048.jpg 2048w, https:\/\/amesgile.com\/wp-content\/uploads\/2021\/09\/Marie-Fr-2-1-700x700.jpg 700w, https:\/\/amesgile.com\/wp-content\/uploads\/2021\/09\/Marie-Fr-2-1-100x100.jpg 100w\" sizes=\"(max-width: 500px) 100vw, 500px\" \/><img width=\"2560\" height=\"2560\" src=\"https:\/\/amesgile.com\/wp-content\/uploads\/2021\/09\/Marie-Fr-1-1-scaled.jpg\" class=\"attachment-original size-original\" alt=\"\" decoding=\"async\" loading=\"lazy\" srcset=\"https:\/\/amesgile.com\/wp-content\/uploads\/2021\/09\/Marie-Fr-1-1-scaled.jpg 2560w, https:\/\/amesgile.com\/wp-content\/uploads\/2021\/09\/Marie-Fr-1-1-300x300.jpg 300w, https:\/\/amesgile.com\/wp-content\/uploads\/2021\/09\/Marie-Fr-1-1-1024x1024.jpg 1024w, https:\/\/amesgile.com\/wp-content\/uploads\/2021\/09\/Marie-Fr-1-1-150x150.jpg 150w, https:\/\/amesgile.com\/wp-content\/uploads\/2021\/09\/Marie-Fr-1-1-768x768.jpg 768w, https:\/\/amesgile.com\/wp-content\/uploads\/2021\/09\/Marie-Fr-1-1-1536x1536.jpg 1536w, https:\/\/amesgile.com\/wp-content\/uploads\/2021\/09\/Marie-Fr-1-1-2048x2048.jpg 2048w, https:\/\/amesgile.com\/wp-content\/uploads\/2021\/09\/Marie-Fr-1-1-500x500.jpg 500w, https:\/\/amesgile.com\/wp-content\/uploads\/2021\/09\/Marie-Fr-1-1-700x700.jpg 700w, https:\/\/amesgile.com\/wp-content\/uploads\/2021\/09\/Marie-Fr-1-1-100x100.jpg 100w\" sizes=\"(max-width: 2560px) 100vw, 2560px\" \/>\t\t\t\t\t\t\t\t\t<\/a>\n\t\t\t\t\t\t\t\t\t<div class=\"overlay fill\" style=\"background-color: 1\"><\/div>\t\t\t\t\t\t\t\t\t \t\t\t\t\t\t\t\t<\/div>\n\t\t\t\t\t\t\t\t<div class=\"image-tools top right show-on-hover\">\n\t\t\t\t\t\t\t\t\t\t\t\t\t\t\t\t\t<\/div>\n\t\t\t\t\t\t\t\t\t\t\t\t\t\t\t\t\t\t\t\t\t\t\t<\/div>\n\n\t\t\t\t\t\t\t<div class=\"box-text text-center\" style=\"background-color:rgba(0, 0, 0, 0.73);padding:15px 0px 16px 0px;\">\n\t\t\t\t\t\t\t\t<div class=\"title-wrapper\"><\/div><div class=\"price-wrapper\"><\/div><div class=\"overlay-tools\"><\/div>\t\t\t\t\t\t\t<\/div>\n\t\t\t\t\t\t<\/div>\n\t\t\t\t\t\t<\/div>\n\t\t\t\t\t<\/div><\/div>\n\t<div id=\"gap-1033149541\" class=\"gap-element clearfix\" style=\"display:block; height:auto;\">\n\t\t\n<style>\n#gap-1033149541 {\n  padding-top: 150px;\n}\n<\/style>\n\t<\/div>\n\t\n","protected":false},"excerpt":{"rendered":"","protected":false},"author":1,"featured_media":0,"parent":0,"menu_order":0,"comment_status":"closed","ping_status":"closed","template":"page-transparent-header-light.php","meta":{"footnotes":""},"_links":{"self":[{"href":"https:\/\/amesgile.com\/fr\/wp-json\/wp\/v2\/pages\/3184"}],"collection":[{"href":"https:\/\/amesgile.com\/fr\/wp-json\/wp\/v2\/pages"}],"about":[{"href":"https:\/\/amesgile.com\/fr\/wp-json\/wp\/v2\/types\/page"}],"author":[{"embeddable":true,"href":"https:\/\/amesgile.com\/fr\/wp-json\/wp\/v2\/users\/1"}],"replies":[{"embeddable":true,"href":"https:\/\/amesgile.com\/fr\/wp-json\/wp\/v2\/comments?post=3184"}],"version-history":[{"count":5,"href":"https:\/\/amesgile.com\/fr\/wp-json\/wp\/v2\/pages\/3184\/revisions"}],"predecessor-version":[{"id":4877,"href":"https:\/\/amesgile.com\/fr\/wp-json\/wp\/v2\/pages\/3184\/revisions\/4877"}],"wp:attachment":[{"href":"https:\/\/amesgile.com\/fr\/wp-json\/wp\/v2\/media?parent=3184"}],"curies":[{"name":"wp","href":"https:\/\/api.w.org\/{rel}","templated":true}]}}