{"id":3203,"date":"2021-09-21T10:23:30","date_gmt":"2021-09-21T10:23:30","guid":{"rendered":"http:\/\/amesagilezero.webprobak.com\/?page_id=3203"},"modified":"2021-09-27T10:49:58","modified_gmt":"2021-09-27T10:49:58","slug":"la-litterature","status":"publish","type":"page","link":"https:\/\/amesgile.com\/fr\/la-litterature\/","title":{"rendered":"La Litt\u00e9rature"},"content":{"rendered":"\t<section class=\"section\" id=\"section_1655108141\">\n\t\t<div class=\"bg section-bg fill bg-fill  \" >\n\n\t\t\t\n\t\t\t\n\t\t\t\n\n\t\t<\/div>\n\n\t\t\n\n\t\t<div class=\"section-content relative\">\n\t\t\t\n<div class=\"container section-title-container\" style=\"margin-top:-14px;\"><h3 class=\"section-title section-title-center\"><b><\/b><span class=\"section-title-main\" style=\"font-size:300%;color:rgb(255, 255, 255);\">La Litt\u00e9rature<\/span><b><\/b><\/h3><\/div>\n\t<div id=\"gap-319853315\" class=\"gap-element clearfix\" style=\"display:block; height:auto;\">\n\t\t\n<style>\n#gap-319853315 {\n  padding-top: 202px;\n}\n<\/style>\n\t<\/div>\n\t\n\t\t<\/div>\n\n\t\t\n<style>\n#section_1655108141 {\n  padding-top: 33px;\n  padding-bottom: 33px;\n  min-height: 613px;\n}\n#section_1655108141 .section-bg.bg-loaded {\n  background-image: url(https:\/\/amesgile.com\/wp-content\/uploads\/2021\/09\/helduak-goiburua-tx-1.png);\n}\n@media (min-width:550px) {\n  #section_1655108141 {\n    padding-top: 145px;\n    padding-bottom: 145px;\n    min-height: 1000px;\n  }\n}\n<\/style>\n\t<\/section>\n\t\n<div class=\"row\"  id=\"row-1400323847\">\n\n\t<div id=\"col-1189238199\" class=\"col small-12 large-12\"  >\n\t\t\t\t<div class=\"col-inner\"  >\n\t\t\t\n\t\t\t\n\n  \n    <div class=\"row large-columns-3 medium-columns- small-columns-2 row-normal slider row-slider slider-nav-reveal slider-nav-push\"  data-flickity-options='{\"imagesLoaded\": true, \"groupCells\": \"100%\", \"dragThreshold\" : 5, \"cellAlign\": \"left\",\"wrapAround\": true,\"prevNextButtons\": true,\"percentPosition\": true,\"pageDots\": false, \"rightToLeft\": false, \"autoPlay\" : false}' >\n\n  \t\n\t     <div class=\"col\" >\n\t\t\t\t\t\t<div class=\"col-inner\">\n\t\t\t\t\t\t\n<div class=\"badge-container absolute left top z-1\">\n\n<div class=\"badge callout badge-circle\"><div class=\"badge-inner callout-new-bg is-small new-bubble\">Fr<\/div><\/div><\/div>\n\t\t\t\t\t\t<div class=\"product-small box has-hover box-normal box-text-bottom\">\n\t\t\t\t\t\t\t<div class=\"box-image\" >\n\t\t\t\t\t\t\t\t<div class=\"\" >\n\t\t\t\t\t\t\t\t\t<a href=\"https:\/\/amesgile.com\/fr\/produktua\/nuit\/\" aria-label=\"NUIT\">\n\t\t\t\t\t\t\t\t\t\t<img width=\"500\" height=\"500\" src=\"https:\/\/amesgile.com\/wp-content\/uploads\/2021\/09\/FR2-500x500.jpg\" class=\"show-on-hover absolute fill hide-for-small back-image\" alt=\"\" decoding=\"async\" loading=\"lazy\" srcset=\"https:\/\/amesgile.com\/wp-content\/uploads\/2021\/09\/FR2-500x500.jpg 500w, https:\/\/amesgile.com\/wp-content\/uploads\/2021\/09\/FR2-150x150.jpg 150w, https:\/\/amesgile.com\/wp-content\/uploads\/2021\/09\/FR2-100x100.jpg 100w\" sizes=\"(max-width: 500px) 100vw, 500px\" \/><img width=\"500\" height=\"500\" src=\"https:\/\/amesgile.com\/wp-content\/uploads\/2021\/09\/FR1-500x500.jpg\" class=\"attachment-woocommerce_thumbnail size-woocommerce_thumbnail\" alt=\"\" decoding=\"async\" loading=\"lazy\" srcset=\"https:\/\/amesgile.com\/wp-content\/uploads\/2021\/09\/FR1-500x500.jpg 500w, https:\/\/amesgile.com\/wp-content\/uploads\/2021\/09\/FR1-150x150.jpg 150w, https:\/\/amesgile.com\/wp-content\/uploads\/2021\/09\/FR1-100x100.jpg 100w\" sizes=\"(max-width: 500px) 100vw, 500px\" \/>\t\t\t\t\t\t\t\t\t<\/a>\n\t\t\t\t\t\t\t\t\t\t\t\t\t\t\t\t\t\t \t\t\t\t\t\t\t\t<\/div>\n\t\t\t\t\t\t\t\t<div class=\"image-tools top right show-on-hover\">\n\t\t\t\t\t\t\t\t\t\t\t\t\t\t\t\t\t<\/div>\n\t\t\t\t\t\t\t\t\t\t\t\t\t\t\t\t\t<div class=\"image-tools grid-tools text-center hide-for-small bottom hover-slide-in show-on-hover\">\n\t\t\t\t\t\t\t\t\t\t\t\t\t\t\t\t\t\t\t<\/div>\n\t\t\t\t\t\t\t\t\t\t\t\t\t\t\t\t\t\t\t\t\t\t\t<\/div>\n\n\t\t\t\t\t\t\t<div class=\"box-text text-center\" >\n\t\t\t\t\t\t\t\t<div class=\"title-wrapper\"><\/div><div class=\"price-wrapper\"><\/div>\t\t\t\t\t\t\t<\/div>\n\t\t\t\t\t\t<\/div>\n\t\t\t\t\t\t<\/div>\n\t\t\t\t\t<\/div><\/div>\n\t\t<\/div>\n\t\t\t\t\t<\/div>\n\n\t\n\n<style>\n#row-1400323847 > .col > .col-inner {\n  padding: 100px 0px 0px 0px;\n}\n<\/style>\n<\/div>\n\t<section class=\"section\" id=\"section_187761952\">\n\t\t<div class=\"bg section-bg fill bg-fill  \" >\n\n\t\t\t\n\t\t\t\n\t\t\t\n\n\t\t<\/div>\n\n\t\t\n\n\t\t<div class=\"section-content relative\">\n\t\t\t\n<div class=\"row\"  id=\"row-168533886\">\n\n\t<div id=\"col-424538309\" class=\"col medium-6 small-12 large-6\"  >\n\t\t\t\t<div class=\"col-inner\"  >\n\t\t\t\n\t\t\t\n<h3><span style=\"color: #ffffff; font-size: 110%;\">Fermez les yeux et r\u00eavez<br \/>\n\u00c9veillez vos cinq sens pour vibrer<br \/>\nPour ploger dans une mar\u00e9e pleine de vagues \u00e9toil\u00e9es<br \/>\nDes lucioles qui brillent<br \/>\nDes arcs-en-ciel \u00e9manant du bonheur<br \/>\nEt des mondes merveilleux sur le point d\u00b4\u00eatre d\u00e9couverts<\/span><\/h3>\n<p>&nbsp;<\/p>\n<p><span style=\"color: #ffffff;\">Lua Hidalga Unzueta<\/span><\/p>\n\t\t<\/div>\n\t\t\t\t\n<style>\n#col-424538309 > .col-inner {\n  padding: 0px 0px 0px 0px;\n  margin: -22px 0px 0px 0px;\n}\n@media (min-width:550px) {\n  #col-424538309 > .col-inner {\n    padding: 37px 0px 0px 0px;\n    margin: 200px 0px 0px -66px;\n  }\n}\n<\/style>\n\t<\/div>\n\n\t\n\n\t<div id=\"col-1118461209\" class=\"col medium-6 small-12 large-6\"  >\n\t\t\t\t<div class=\"col-inner\"  >\n\t\t\t\n\t\t\t\n\t\t<\/div>\n\t\t\t\t\t<\/div>\n\n\t\n<\/div>\n\t\t<\/div>\n\n\t\t\n<style>\n#section_187761952 {\n  padding-top: 116px;\n  padding-bottom: 116px;\n  margin-bottom: -85px;\n  min-height: 394px;\n}\n#section_187761952 .section-bg.bg-loaded {\n  background-image: url(https:\/\/amesgile.com\/wp-content\/uploads\/2021\/09\/helduak_oina.png);\n}\n@media (min-width:550px) {\n  #section_187761952 {\n    padding-top: 0px;\n    padding-bottom: 0px;\n    min-height: 1000px;\n  }\n}\n<\/style>\n\t<\/section>\n\t\n","protected":false},"excerpt":{"rendered":"","protected":false},"author":1,"featured_media":0,"parent":0,"menu_order":0,"comment_status":"closed","ping_status":"closed","template":"page-transparent-header-light.php","meta":{"footnotes":""},"_links":{"self":[{"href":"https:\/\/amesgile.com\/fr\/wp-json\/wp\/v2\/pages\/3203"}],"collection":[{"href":"https:\/\/amesgile.com\/fr\/wp-json\/wp\/v2\/pages"}],"about":[{"href":"https:\/\/amesgile.com\/fr\/wp-json\/wp\/v2\/types\/page"}],"author":[{"embeddable":true,"href":"https:\/\/amesgile.com\/fr\/wp-json\/wp\/v2\/users\/1"}],"replies":[{"embeddable":true,"href":"https:\/\/amesgile.com\/fr\/wp-json\/wp\/v2\/comments?post=3203"}],"version-history":[{"count":3,"href":"https:\/\/amesgile.com\/fr\/wp-json\/wp\/v2\/pages\/3203\/revisions"}],"predecessor-version":[{"id":3546,"href":"https:\/\/amesgile.com\/fr\/wp-json\/wp\/v2\/pages\/3203\/revisions\/3546"}],"wp:attachment":[{"href":"https:\/\/amesgile.com\/fr\/wp-json\/wp\/v2\/media?parent=3203"}],"curies":[{"name":"wp","href":"https:\/\/api.w.org\/{rel}","templated":true}]}}