{"id":3742,"date":"2022-01-12T16:56:08","date_gmt":"2022-01-12T16:56:08","guid":{"rendered":"https:\/\/amesgile.com\/produktua\/mary-and-the-amazing-world-of-amla\/"},"modified":"2023-02-02T06:41:50","modified_gmt":"2023-02-02T06:41:50","slug":"mary-and-the-amazing-world-of-amla","status":"publish","type":"product","link":"https:\/\/amesgile.com\/fr\/produktua\/mary-and-the-amazing-world-of-amla\/","title":{"rendered":"Marie et le monde \u00e9tonnant d\u00b4 Amla"},"content":{"rendered":"<p>Vous ne savez pas quelles surprises vous pouvez trouver.<\/p>\n<p>Ouvrez ce livre et voyez dans quel monde magnifique il vous emm\u00e8ne.<\/p>\n<p>Voyagez avec Marie dans le monde de l\u00b4Amla.<\/p>\n<p>Dans cette histoire illustr\u00e9e, les enfants travaillent sur les \u00e9motions \u00e0 travers les couleurs et sur le fait que les diff\u00e9rences sont bonnes. Il s&#8217;agit d&#8217;une histoire tendre, dans laquelle l&#8217;amiti\u00e9 est \u00e9galement enseign\u00e9e, avec des illustrations tr\u00e8s cool et color\u00e9es.<\/p>\n<p>&nbsp;<\/p>\n<p>*Livre illustr\u00e9 en fran\u00e7ais<\/p>\n<p>*Taille: 29x25cm<\/p>\n<p>*Couverture molle<\/p>\n<p>*Imprim\u00e9 \u00e0 100% au Pays basque (Espagne)<\/p>\n","protected":false},"excerpt":{"rendered":"<p>Vous ne savez pas quelles surprises vous pouvez trouver.<\/p>\n<p>Ouvrez ce livre et voyez dans quel monde magnifique il vous emm\u00e8ne.<\/p>\n<p>Voyagez avec Marie dans le monde de l\u00b4Amla.<\/p>\n<p>Dans cette histoire illustr\u00e9e, les enfants travaillent sur les \u00e9motions \u00e0 travers les couleurs et sur le fait que les diff\u00e9rences sont bonnes. Il s&#8217;agit d&#8217;une histoire tendre, dans laquelle l&#8217;amiti\u00e9 est \u00e9galement enseign\u00e9e, avec des illustrations tr\u00e8s cool et color\u00e9es.<\/p>\n<p>&nbsp;<\/p>\n<p>*Livre illustr\u00e9 en fran\u00e7ais<\/p>\n<p>*Taille: 29x25cm<\/p>\n<p>*Couverture molle<\/p>\n<p>*Imprim\u00e9 \u00e0 100% au Pays basque (Espagne)<\/p>\n","protected":false},"featured_media":3439,"template":"","meta":[],"product_cat":[129,127,130],"product_tag":[],"_links":{"self":[{"href":"https:\/\/amesgile.com\/fr\/wp-json\/wp\/v2\/product\/3742"}],"collection":[{"href":"https:\/\/amesgile.com\/fr\/wp-json\/wp\/v2\/product"}],"about":[{"href":"https:\/\/amesgile.com\/fr\/wp-json\/wp\/v2\/types\/product"}],"wp:featuredmedia":[{"embeddable":true,"href":"https:\/\/amesgile.com\/fr\/wp-json\/wp\/v2\/media\/3439"}],"wp:attachment":[{"href":"https:\/\/amesgile.com\/fr\/wp-json\/wp\/v2\/media?parent=3742"}],"wp:term":[{"taxonomy":"product_cat","embeddable":true,"href":"https:\/\/amesgile.com\/fr\/wp-json\/wp\/v2\/product_cat?post=3742"},{"taxonomy":"product_tag","embeddable":true,"href":"https:\/\/amesgile.com\/fr\/wp-json\/wp\/v2\/product_tag?post=3742"}],"curies":[{"name":"wp","href":"https:\/\/api.w.org\/{rel}","templated":true}]}}