{"id":4243,"date":"2022-10-20T11:25:45","date_gmt":"2022-10-20T11:25:45","guid":{"rendered":"https:\/\/amesgile.com\/?post_type=product&#038;p=4243"},"modified":"2023-02-02T06:25:07","modified_gmt":"2023-02-02T06:25:07","slug":"nuit","status":"publish","type":"product","link":"https:\/\/amesgile.com\/fr\/produktua\/nuit\/","title":{"rendered":"NUIT"},"content":{"rendered":"","protected":false},"excerpt":{"rendered":"<p>Une petite fille se perd dans la for\u00eat et la nuit tombe.<\/p>\n<p>Pourra-t-elle arriver chez elle? Qu\u00b4est-ce qu\u00b4elle va faire?<\/p>\n<p>Cette histoire illustr\u00e9e est un po\u00e8me o\u00f9 se m\u00ealent nuit et nature, pour apprendre \u00e0 affronter la solitude et la peur.<\/p>\n<p>*Livre illustr\u00e9 en fran\u00e7ais<\/p>\n<p>*Taille: 25x25cm<\/p>\n<p>*Couverture molle<\/p>\n","protected":false},"featured_media":3250,"template":"","meta":[],"product_cat":[128,129,130,131],"product_tag":[],"_links":{"self":[{"href":"https:\/\/amesgile.com\/fr\/wp-json\/wp\/v2\/product\/4243"}],"collection":[{"href":"https:\/\/amesgile.com\/fr\/wp-json\/wp\/v2\/product"}],"about":[{"href":"https:\/\/amesgile.com\/fr\/wp-json\/wp\/v2\/types\/product"}],"wp:featuredmedia":[{"embeddable":true,"href":"https:\/\/amesgile.com\/fr\/wp-json\/wp\/v2\/media\/3250"}],"wp:attachment":[{"href":"https:\/\/amesgile.com\/fr\/wp-json\/wp\/v2\/media?parent=4243"}],"wp:term":[{"taxonomy":"product_cat","embeddable":true,"href":"https:\/\/amesgile.com\/fr\/wp-json\/wp\/v2\/product_cat?post=4243"},{"taxonomy":"product_tag","embeddable":true,"href":"https:\/\/amesgile.com\/fr\/wp-json\/wp\/v2\/product_tag?post=4243"}],"curies":[{"name":"wp","href":"https:\/\/api.w.org\/{rel}","templated":true}]}}