{"id":4253,"date":"2022-10-20T13:07:13","date_gmt":"2022-10-20T13:07:13","guid":{"rendered":"https:\/\/amesgile.com\/?post_type=product&#038;p=4253"},"modified":"2023-02-02T06:41:33","modified_gmt":"2023-02-02T06:41:33","slug":"baisers-et-calins","status":"publish","type":"product","link":"https:\/\/amesgile.com\/fr\/produktua\/baisers-et-calins\/","title":{"rendered":"Baisers et c\u00e2lins"},"content":{"rendered":"<p>Tu aimes les bisous et les c\u00e2lins?<\/p>\n<p>D\u00e9couvrez les aventures d\u00b4Uxue et de sa cousine.<\/p>\n<p>Un beau et \u00e9motif livre qui exalte des expressions amoureuses si importantes et que nous avons oubli\u00e9. Pour jouer avec de petits et grands enfants, tout en apprenant les baisers et les c\u00e2lins des animaux.<\/p>\n<p>&nbsp;<\/p>\n<p>*Livre illustr\u00e9 en fran\u00e7ais<\/p>\n<p>*Taille: 29x25cm<\/p>\n<p>*Couverture molle<\/p>\n<p>*Imprim\u00e9 \u00e0 100% au Pays Basque (Espagne)<\/p>\n","protected":false},"excerpt":{"rendered":"<p>Tu aimes les bisous et les c\u00e2lins?<\/p>\n<p>D\u00e9couvrez les aventures d\u00b4Uxue et de sa cousine.<\/p>\n<p>Un beau et \u00e9motif livre qui exalte des expressions amoureuses si importantes et que nous avons oubli\u00e9. Pour jouer avec de petits et grands enfants, tout en apprenant les baisers et les c\u00e2lins des animaux.<\/p>\n<p>&nbsp;<\/p>\n<p>*Livre illustr\u00e9 en fran\u00e7ais<\/p>\n<p>*Taille: 29x25cm<\/p>\n<p>*Couverture molle<\/p>\n<p>*Imprim\u00e9 \u00e0 100% au Pays Basque (Espagne)<\/p>\n","protected":false},"featured_media":3860,"template":"","meta":[],"product_cat":[129,127,130],"product_tag":[],"_links":{"self":[{"href":"https:\/\/amesgile.com\/fr\/wp-json\/wp\/v2\/product\/4253"}],"collection":[{"href":"https:\/\/amesgile.com\/fr\/wp-json\/wp\/v2\/product"}],"about":[{"href":"https:\/\/amesgile.com\/fr\/wp-json\/wp\/v2\/types\/product"}],"wp:featuredmedia":[{"embeddable":true,"href":"https:\/\/amesgile.com\/fr\/wp-json\/wp\/v2\/media\/3860"}],"wp:attachment":[{"href":"https:\/\/amesgile.com\/fr\/wp-json\/wp\/v2\/media?parent=4253"}],"wp:term":[{"taxonomy":"product_cat","embeddable":true,"href":"https:\/\/amesgile.com\/fr\/wp-json\/wp\/v2\/product_cat?post=4253"},{"taxonomy":"product_tag","embeddable":true,"href":"https:\/\/amesgile.com\/fr\/wp-json\/wp\/v2\/product_tag?post=4253"}],"curies":[{"name":"wp","href":"https:\/\/api.w.org\/{rel}","templated":true}]}}