{"id":4617,"date":"2023-05-30T09:16:40","date_gmt":"2023-05-30T09:16:40","guid":{"rendered":"https:\/\/amesgile.com\/?post_type=product&#038;p=4617"},"modified":"2023-05-30T09:16:41","modified_gmt":"2023-05-30T09:16:41","slug":"baisers-et-calins-magiques","status":"publish","type":"product","link":"https:\/\/amesgile.com\/fr\/produktua\/baisers-et-calins-magiques\/","title":{"rendered":"Baisers et c\u00e2lins magiques"},"content":{"rendered":"<p>Tu te souviens d\u00b4Uxue?<br \/>\nTu aimes les bisous et les c\u00e2lins?<br \/>\nOuvrez ce beau livre et profitez de la magie.<\/p>\n<p>La deuxi\u00e8me partie du livre &#8220;Bisous et c\u00e2lins&#8221;, mais cette fois-ci avec des \u00eatres magiques. Un livre id\u00e9al pour apprendre les diff\u00e9rentes mani\u00e8res de donner de l&#8217;affection et d&#8217;approcher les animaux.<\/p>\n<p>*Livre illustr\u00e9 en fran\u00e7ais<br \/>\n*Livre audio via un code QR (avec musique)<br \/>\n*Dimension: 29x25cm<br \/>\n*Couverture molle<br \/>\n*Imprim\u00e9 \u00e0 100% au Pays Basque (Espagne)<\/p>\n","protected":false},"excerpt":{"rendered":"<p>Tu te souviens d\u00b4Uxue?<br \/>\nTu aimes les bisous et les c\u00e2lins?<br \/>\nOuvrez ce beau livre et profitez de la magie.<\/p>\n<p>La deuxi\u00e8me partie du livre &#8220;Bisous et c\u00e2lins&#8221;, mais cette fois-ci avec des \u00eatres magiques. Un livre id\u00e9al pour apprendre les diff\u00e9rentes mani\u00e8res de donner de l&#8217;affection et d&#8217;approcher les animaux.<\/p>\n<p>*Livre illustr\u00e9 en fran\u00e7ais<br \/>\n*Livre audio via un code QR (avec musique)<br \/>\n*Dimension: 29x25cm<br \/>\n*Couverture molle<br \/>\n*Imprim\u00e9 \u00e0 100% au Pays Basque (Espagne)<\/p>\n","protected":false},"featured_media":4618,"template":"","meta":[],"product_cat":[129,127,130],"product_tag":[],"_links":{"self":[{"href":"https:\/\/amesgile.com\/fr\/wp-json\/wp\/v2\/product\/4617"}],"collection":[{"href":"https:\/\/amesgile.com\/fr\/wp-json\/wp\/v2\/product"}],"about":[{"href":"https:\/\/amesgile.com\/fr\/wp-json\/wp\/v2\/types\/product"}],"wp:featuredmedia":[{"embeddable":true,"href":"https:\/\/amesgile.com\/fr\/wp-json\/wp\/v2\/media\/4618"}],"wp:attachment":[{"href":"https:\/\/amesgile.com\/fr\/wp-json\/wp\/v2\/media?parent=4617"}],"wp:term":[{"taxonomy":"product_cat","embeddable":true,"href":"https:\/\/amesgile.com\/fr\/wp-json\/wp\/v2\/product_cat?post=4617"},{"taxonomy":"product_tag","embeddable":true,"href":"https:\/\/amesgile.com\/fr\/wp-json\/wp\/v2\/product_tag?post=4617"}],"curies":[{"name":"wp","href":"https:\/\/api.w.org\/{rel}","templated":true}]}}