{"id":4634,"date":"2023-05-30T09:24:15","date_gmt":"2023-05-30T09:24:15","guid":{"rendered":"https:\/\/amesgile.com\/?post_type=product&#038;p=4634"},"modified":"2023-05-30T09:24:15","modified_gmt":"2023-05-30T09:24:15","slug":"musu-eta-besarkada-magikoak-baisers-et-calins-magiques","status":"publish","type":"product","link":"https:\/\/amesgile.com\/fr\/produktua\/musu-eta-besarkada-magikoak-baisers-et-calins-magiques\/","title":{"rendered":"MUSU ETA BESARKADA MAGIKOAK\/Baisers et c\u00e2lins magiques"},"content":{"rendered":"<p>UXUETAZ OROITZEN ZARETE?<br \/>\nMUXUAK ETA BESARKADAK GUSTATZEN ZAIZKIZUE?<br \/>\nIREKI LIBURU EDER HAU ETA GOZATU MAGIAZ.<\/p>\n<p>&#8220;Musuak eta besarkadak&#8221; ipuinaren bigarren zatia, baina oraingoan izaki magikoekin. Haurrak musukatzeko eta besarkatzeko modu ezberdin eta politak ikas dezaten, eta bide batez, animaliengana nola hurbildu behar diren ere jakin dezaten.<\/p>\n<p>Tu te souviens d\u00b4Uxue?<br \/>\nTu aimes les bisous et les c\u00e2lins?<br \/>\nOuvrez ce beau livre et profitez de la magie.<\/p>\n<p>La deuxi\u00e8me partie du livre &#8220;Bisous et c\u00e2lins&#8221;, mais cette fois-ci avec des \u00eatres magiques. Un livre id\u00e9al pour apprendre les diff\u00e9rentes mani\u00e8res de donner de l&#8217;affection et d&#8217;approcher les animaux.<\/p>\n<p>*Liburu elebiduna (euskara + frantsesa)\/Livre bilingue (basque + fran\u00e7ais)<br \/>\n*QR baten bitartez ipuina entzungai (musika eta guzti)\/Livre audio via un code QR (avec musique)<br \/>\n*Letra larriz idatzia<br \/>\n*Neurria\/Dimension: 29x25cm<br \/>\n*Estalki biguina\/Couverture molle<br \/>\n*Euskal Herrian inprimatua (berta-bertakoa)\/Imprim\u00e9 \u00e0 100% au Pays Basque <\/p>\n","protected":false},"excerpt":{"rendered":"<p>UXUETAZ OROITZEN ZARETE?<br \/>\nMUXUAK ETA BESARKADAK GUSTATZEN ZAIZKIZUE?<br \/>\nIREKI LIBURU EDER HAU ETA GOZATU MAGIAZ.<\/p>\n<p>&#8220;Musuak eta besarkadak&#8221; ipuinaren bigarren zatia, baina oraingoan izaki magikoekin. Haurrak musukatzeko eta besarkatzeko modu ezberdin eta politak ikas dezaten, eta bide batez, animaliengana nola hurbildu behar diren ere jakin dezaten.<\/p>\n<p>Tu te souviens d\u00b4Uxue?<br \/>\nTu aimes les bisous et les c\u00e2lins?<br \/>\nOuvrez ce beau livre et profitez de la magie.<\/p>\n<p>La deuxi\u00e8me partie du livre &#8220;Bisous et c\u00e2lins&#8221;, mais cette fois-ci avec des \u00eatres magiques. Un livre id\u00e9al pour apprendre les diff\u00e9rentes mani\u00e8res de donner de l&#8217;affection et d&#8217;approcher les animaux.<\/p>\n<p>*Liburu elebiduna (euskara + frantsesa)\/Livre bilingue (basque + fran\u00e7ais)<br \/>\n*QR baten bitartez ipuina entzungai (musika eta guzti)\/Livre audio via un code QR (avec musique)<br \/>\n*Letra larriz idatzia<br \/>\n*Neurria\/Dimension: 29x25cm<br \/>\n*Estalki biguina\/Couverture molle<br \/>\n*Euskal Herrian inprimatua (berta-bertakoa)\/Imprim\u00e9 \u00e0 100% au Pays Basque <\/p>\n","protected":false},"featured_media":4537,"template":"","meta":[],"product_cat":[129,127,130],"product_tag":[],"_links":{"self":[{"href":"https:\/\/amesgile.com\/fr\/wp-json\/wp\/v2\/product\/4634"}],"collection":[{"href":"https:\/\/amesgile.com\/fr\/wp-json\/wp\/v2\/product"}],"about":[{"href":"https:\/\/amesgile.com\/fr\/wp-json\/wp\/v2\/types\/product"}],"wp:featuredmedia":[{"embeddable":true,"href":"https:\/\/amesgile.com\/fr\/wp-json\/wp\/v2\/media\/4537"}],"wp:attachment":[{"href":"https:\/\/amesgile.com\/fr\/wp-json\/wp\/v2\/media?parent=4634"}],"wp:term":[{"taxonomy":"product_cat","embeddable":true,"href":"https:\/\/amesgile.com\/fr\/wp-json\/wp\/v2\/product_cat?post=4634"},{"taxonomy":"product_tag","embeddable":true,"href":"https:\/\/amesgile.com\/fr\/wp-json\/wp\/v2\/product_tag?post=4634"}],"curies":[{"name":"wp","href":"https:\/\/api.w.org\/{rel}","templated":true}]}}