{"id":3457,"date":"2021-09-22T07:47:31","date_gmt":"2021-09-22T07:47:31","guid":{"rendered":"http:\/\/amesagilezero.webprobak.com\/?page_id=3457"},"modified":"2021-09-22T07:48:51","modified_gmt":"2021-09-22T07:48:51","slug":"informacoes-uteis-e-entregas","status":"publish","type":"page","link":"https:\/\/amesgile.com\/pt-pt\/informacoes-uteis-e-entregas\/","title":{"rendered":"INFORMA\u00c7\u00d5ES \u00daTEIS E ENTREGAS"},"content":{"rendered":"<div class=\"container section-title-container\" ><h1 class=\"section-title section-title-center\"><b><\/b><span class=\"section-title-main\" >INFORMA\u00c7\u00d5ES \u00daTEIS E ENTREGAS<\/span><b><\/b><\/h1><\/div>\n<div class=\"row\"  id=\"row-1009876542\">\n\n\t<div id=\"col-1490479729\" class=\"col medium-4 small-12 large-4\"  >\n\t\t\t\t<div class=\"col-inner text-center\"  >\n\t\t\t\n\t\t\t\n\t<div class=\"img has-hover x md-x lg-x y md-y lg-y\" id=\"image_2093211231\">\n\t\t\t\t\t\t\t\t<div class=\"img-inner dark\" >\n\t\t\t<img width=\"500\" height=\"500\" src=\"https:\/\/amesgile.com\/wp-content\/uploads\/2021\/09\/fakturea.png\" class=\"attachment-large size-large\" alt=\"\" decoding=\"async\" loading=\"lazy\" srcset=\"https:\/\/amesgile.com\/wp-content\/uploads\/2021\/09\/fakturea.png 500w, https:\/\/amesgile.com\/wp-content\/uploads\/2021\/09\/fakturea-300x300.png 300w, https:\/\/amesgile.com\/wp-content\/uploads\/2021\/09\/fakturea-150x150.png 150w, https:\/\/amesgile.com\/wp-content\/uploads\/2021\/09\/fakturea-100x100.png 100w\" sizes=\"(max-width: 500px) 100vw, 500px\" \/>\t\t\t\t\t\t\n\t\t\t\t\t<\/div>\n\t\t\t\t\t\t\t\t\n<style>\n#image_2093211231 {\n  width: 49%;\n}\n<\/style>\n\t<\/div>\n\t\n<div class=\"container section-title-container\" style=\"margin-bottom:-8px;\"><h3 class=\"section-title section-title-center\"><b><\/b><span class=\"section-title-main\" >FACTURA<\/span><b><\/b><\/h3><\/div>\n<p><span style=\"font-size: 95%;\"><span lang=\"eu-ES\">Se precisar de uma factura, por favor escreva para <a href=\"mailto:info@amesgile.com-era\">info@amesgile.com<\/a> e enviar-lha-emos por e-mail.<\/span><\/span><\/p>\n<p>&nbsp;<\/p>\n\t\t<\/div>\n\t\t\t\t\t<\/div>\n\n\t\n\n\t<div id=\"col-1276535562\" class=\"col medium-4 small-12 large-4\"  >\n\t\t\t\t<div class=\"col-inner text-center\"  >\n\t\t\t\n\t\t\t\n\t<div class=\"img has-hover x md-x lg-x y md-y lg-y\" id=\"image_1124740741\">\n\t\t\t\t\t\t\t\t<div class=\"img-inner dark\" >\n\t\t\t<img width=\"500\" height=\"500\" src=\"https:\/\/amesgile.com\/wp-content\/uploads\/2021\/09\/ordainketa.png\" class=\"attachment-large size-large\" alt=\"\" decoding=\"async\" loading=\"lazy\" srcset=\"https:\/\/amesgile.com\/wp-content\/uploads\/2021\/09\/ordainketa.png 500w, https:\/\/amesgile.com\/wp-content\/uploads\/2021\/09\/ordainketa-300x300.png 300w, https:\/\/amesgile.com\/wp-content\/uploads\/2021\/09\/ordainketa-150x150.png 150w, https:\/\/amesgile.com\/wp-content\/uploads\/2021\/09\/ordainketa-100x100.png 100w\" sizes=\"(max-width: 500px) 100vw, 500px\" \/>\t\t\t\t\t\t\n\t\t\t\t\t<\/div>\n\t\t\t\t\t\t\t\t\n<style>\n#image_1124740741 {\n  width: 49%;\n}\n<\/style>\n\t<\/div>\n\t\n<div class=\"container section-title-container\" style=\"margin-bottom:-8px;\"><h3 class=\"section-title section-title-center\"><b><\/b><span class=\"section-title-main\" >FORMAS DE PAGAMENTO<\/span><b><\/b><\/h3><\/div>\n<p><span style=\"font-size: 95%;\"><span lang=\"eu-ES\">Pode pagar atrav\u00e9s de Paypal ou cart\u00e3o de cr\u00e9dito. O site \u00e9 certificado pela SLL para garantir uma compra segura. Ele tamb\u00e9m usa o sistema Redsys para aumentar a seguran\u00e7a. Sendo assim, o pr\u00f3prio comprador \u00e9 o respons\u00e1vel pela transa\u00e7\u00e3o. N\u00e3o h\u00e1 idade m\u00ednima para compradores<\/p>\n<p><\/span><\/span><span style=\"font-size: 95%;\"><span lang=\"eu-ES\"><br \/>\n<\/span><\/span><\/p>\n\t\t<\/div>\n\t\t\t\t\t<\/div>\n\n\t\n\n\t<div id=\"col-2013346967\" class=\"col medium-4 small-12 large-4\"  >\n\t\t\t\t<div class=\"col-inner text-center\"  >\n\t\t\t\n\t\t\t\n\t<div class=\"img has-hover x md-x lg-x y md-y lg-y\" id=\"image_1429266039\">\n\t\t\t\t\t\t\t\t<div class=\"img-inner dark\" >\n\t\t\t<img width=\"500\" height=\"500\" src=\"https:\/\/amesgile.com\/wp-content\/uploads\/2021\/09\/bidalketa.png\" class=\"attachment-large size-large\" alt=\"\" decoding=\"async\" loading=\"lazy\" srcset=\"https:\/\/amesgile.com\/wp-content\/uploads\/2021\/09\/bidalketa.png 500w, https:\/\/amesgile.com\/wp-content\/uploads\/2021\/09\/bidalketa-300x300.png 300w, https:\/\/amesgile.com\/wp-content\/uploads\/2021\/09\/bidalketa-150x150.png 150w, https:\/\/amesgile.com\/wp-content\/uploads\/2021\/09\/bidalketa-100x100.png 100w\" sizes=\"(max-width: 500px) 100vw, 500px\" \/>\t\t\t\t\t\t\n\t\t\t\t\t<\/div>\n\t\t\t\t\t\t\t\t\n<style>\n#image_1429266039 {\n  width: 49%;\n}\n<\/style>\n\t<\/div>\n\t\n<div class=\"container section-title-container\" style=\"margin-bottom:-8px;\"><h3 class=\"section-title section-title-center\"><b><\/b><span class=\"section-title-main\" >EXPEDI\u00c7\u00c3O<\/span><b><\/b><\/h3><\/div>\n<p><span style=\"font-size: 95%;\"><span lang=\"eu-ES\">Precisaremos de um dia para preparar a sua encomenda e processaremos os envios dentro de 24-48 horas. Desta forma, receber\u00e1 a sua encomenda dentro de 3-5 dias na peninsula espanhola. No estrangeiro dentro de  5-15 dias, dependendo do pa\u00eds e do tr\u00e2nsito, lembre-se que os fins-de-semana tamb\u00e9m s\u00e3o feriados para n\u00f3s!<\/span><\/span><\/p>\n<p>&nbsp;<\/p>\n\t\t<\/div>\n\t\t\t\t\t<\/div>\n\n\t\n<\/div>\n<div class=\"row\"  id=\"row-416120414\">\n\n\t<div id=\"col-1671209050\" class=\"col medium-4 small-12 large-4\"  >\n\t\t\t\t<div class=\"col-inner text-center\"  >\n\t\t\t\n\t\t\t\n\t<div class=\"img has-hover x md-x lg-x y md-y lg-y\" id=\"image_1586514349\">\n\t\t\t\t\t\t\t\t<div class=\"img-inner dark\" >\n\t\t\t<img width=\"500\" height=\"500\" src=\"https:\/\/amesgile.com\/wp-content\/uploads\/2021\/09\/eskuz_egina.png\" class=\"attachment-large size-large\" alt=\"\" decoding=\"async\" loading=\"lazy\" srcset=\"https:\/\/amesgile.com\/wp-content\/uploads\/2021\/09\/eskuz_egina.png 500w, https:\/\/amesgile.com\/wp-content\/uploads\/2021\/09\/eskuz_egina-300x300.png 300w, https:\/\/amesgile.com\/wp-content\/uploads\/2021\/09\/eskuz_egina-150x150.png 150w, https:\/\/amesgile.com\/wp-content\/uploads\/2021\/09\/eskuz_egina-100x100.png 100w\" sizes=\"(max-width: 500px) 100vw, 500px\" \/>\t\t\t\t\t\t\n\t\t\t\t\t<\/div>\n\t\t\t\t\t\t\t\t\n<style>\n#image_1586514349 {\n  width: 49%;\n}\n<\/style>\n\t<\/div>\n\t\n<div class=\"container section-title-container\" style=\"margin-bottom:-8px;\"><h3 class=\"section-title section-title-center\"><b><\/b><span class=\"section-title-main\" >LEMBRAN\u00c7AS FEITAS \u00c0 M\u00c3O<\/span><b><\/b><\/h3><\/div>\n<p><span style=\"font-size: 95%;\"><span lang=\"eu-ES\">Se ficamos sem lembran\u00e7as feitas \u00e1 mao, tenha em mente que \u00e9 preciso tempo para as criar. No entanto, tentaremos faz\u00ea-las no menor tempo poss\u00edvel. Agradecemos a sua compreens\u00e3o.<\/span><\/span><\/p>\n<p>&nbsp;<\/p>\n\t\t<\/div>\n\t\t\t\t\t<\/div>\n\n\t\n\n\t<div id=\"col-1349056599\" class=\"col medium-4 small-12 large-4\"  >\n\t\t\t\t<div class=\"col-inner text-center\"  >\n\t\t\t\n\t\t\t\n\t<div class=\"img has-hover x md-x lg-x y md-y lg-y\" id=\"image_1935302450\">\n\t\t\t\t\t\t\t\t<div class=\"img-inner dark\" >\n\t\t\t<img width=\"500\" height=\"500\" src=\"https:\/\/amesgile.com\/wp-content\/uploads\/2021\/09\/bidalketa_kostua.png\" class=\"attachment-large size-large\" alt=\"\" decoding=\"async\" loading=\"lazy\" srcset=\"https:\/\/amesgile.com\/wp-content\/uploads\/2021\/09\/bidalketa_kostua.png 500w, https:\/\/amesgile.com\/wp-content\/uploads\/2021\/09\/bidalketa_kostua-300x300.png 300w, https:\/\/amesgile.com\/wp-content\/uploads\/2021\/09\/bidalketa_kostua-150x150.png 150w, https:\/\/amesgile.com\/wp-content\/uploads\/2021\/09\/bidalketa_kostua-100x100.png 100w\" sizes=\"(max-width: 500px) 100vw, 500px\" \/>\t\t\t\t\t\t\n\t\t\t\t\t<\/div>\n\t\t\t\t\t\t\t\t\n<style>\n#image_1935302450 {\n  width: 49%;\n}\n<\/style>\n\t<\/div>\n\t\n<div class=\"container section-title-container\" style=\"margin-bottom:-8px;\"><h3 class=\"section-title section-title-center\"><b><\/b><span class=\"section-title-main\" >CUSTO DE ENVIO<\/span><b><\/b><\/h3><\/div>\n<p><span style=\"font-size: 95%;\"><span lang=\"eu-ES\">O custo de envio ser\u00e1 de 5 euros em Espanha e Portugal. 10 euros na Europa, 15 euros nas Am\u00e9ricas e 20 euros no resto do mundo. Os envios superiores a 50 euros ser\u00e3o gratuitos em Espanha e Portugal, e mais de 60 euros no estrangeiro. <\/span><\/span><\/p>\n<p>&nbsp;<\/p>\n<p><span style=\"font-size: 95%;\"><span lang=\"eu-ES\"> <\/span><\/span><\/p>\n\t\t<\/div>\n\t\t\t\t\t<\/div>\n\n\t\n\n\t<div id=\"col-77267163\" class=\"col medium-4 small-12 large-4\"  >\n\t\t\t\t<div class=\"col-inner text-center\"  >\n\t\t\t\n\t\t\t\n\t<div class=\"img has-hover x md-x lg-x y md-y lg-y\" id=\"image_896578594\">\n\t\t\t\t\t\t\t\t<div class=\"img-inner dark\" >\n\t\t\t<img width=\"800\" height=\"800\" src=\"https:\/\/amesgile.com\/wp-content\/uploads\/2021\/09\/itzulketak.png\" class=\"attachment-large size-large\" alt=\"\" decoding=\"async\" loading=\"lazy\" srcset=\"https:\/\/amesgile.com\/wp-content\/uploads\/2021\/09\/itzulketak.png 800w, https:\/\/amesgile.com\/wp-content\/uploads\/2021\/09\/itzulketak-300x300.png 300w, https:\/\/amesgile.com\/wp-content\/uploads\/2021\/09\/itzulketak-150x150.png 150w, https:\/\/amesgile.com\/wp-content\/uploads\/2021\/09\/itzulketak-768x768.png 768w, https:\/\/amesgile.com\/wp-content\/uploads\/2021\/09\/itzulketak-500x500.png 500w, https:\/\/amesgile.com\/wp-content\/uploads\/2021\/09\/itzulketak-700x700.png 700w, https:\/\/amesgile.com\/wp-content\/uploads\/2021\/09\/itzulketak-100x100.png 100w\" sizes=\"(max-width: 800px) 100vw, 800px\" \/>\t\t\t\t\t\t\n\t\t\t\t\t<\/div>\n\t\t\t\t\t\t\t\t\n<style>\n#image_896578594 {\n  width: 49%;\n}\n<\/style>\n\t<\/div>\n\t\n<div class=\"container section-title-container\" style=\"margin-bottom:-8px;\"><h3 class=\"section-title section-title-center\"><b><\/b><span class=\"section-title-main\" >REEMBOLSOS<\/span><b><\/b><\/h3><\/div>\n<p><span style=\"font-size: 95%;\"><span lang=\"eu-ES\">Pedimos desculpas pelo transtorno, mas reembolsos n\u00e3o s\u00e3o aceitos. \u00c9 poss\u00edvel cancelar o pedido, desde que antes do t\u00e9rmino do envio. Para fazer isso, escreva um e-mail para info@amesgile.com.<\/p>\n<p><\/span><\/span><\/p>\n\t\t<\/div>\n\t\t\t\t\t<\/div>\n\n\t\n<\/div>\n","protected":false},"excerpt":{"rendered":"","protected":false},"author":1,"featured_media":0,"parent":0,"menu_order":0,"comment_status":"closed","ping_status":"closed","template":"","meta":{"footnotes":""},"_links":{"self":[{"href":"https:\/\/amesgile.com\/pt-pt\/wp-json\/wp\/v2\/pages\/3457"}],"collection":[{"href":"https:\/\/amesgile.com\/pt-pt\/wp-json\/wp\/v2\/pages"}],"about":[{"href":"https:\/\/amesgile.com\/pt-pt\/wp-json\/wp\/v2\/types\/page"}],"author":[{"embeddable":true,"href":"https:\/\/amesgile.com\/pt-pt\/wp-json\/wp\/v2\/users\/1"}],"replies":[{"embeddable":true,"href":"https:\/\/amesgile.com\/pt-pt\/wp-json\/wp\/v2\/comments?post=3457"}],"version-history":[{"count":2,"href":"https:\/\/amesgile.com\/pt-pt\/wp-json\/wp\/v2\/pages\/3457\/revisions"}],"predecessor-version":[{"id":3459,"href":"https:\/\/amesgile.com\/pt-pt\/wp-json\/wp\/v2\/pages\/3457\/revisions\/3459"}],"wp:attachment":[{"href":"https:\/\/amesgile.com\/pt-pt\/wp-json\/wp\/v2\/media?parent=3457"}],"curies":[{"name":"wp","href":"https:\/\/api.w.org\/{rel}","templated":true}]}}