{"id":3465,"date":"2021-09-22T07:51:01","date_gmt":"2021-09-22T07:51:01","guid":{"rendered":"http:\/\/amesagilezero.webprobak.com\/?page_id=3465"},"modified":"2023-10-19T13:01:31","modified_gmt":"2023-10-19T11:01:31","slug":"literatura-infantil","status":"publish","type":"page","link":"https:\/\/amesgile.com\/pt-pt\/literatura-infantil\/","title":{"rendered":"Literatura infantil"},"content":{"rendered":"\t<section class=\"section\" id=\"section_309600770\">\n\t\t<div class=\"bg section-bg fill bg-fill  \" >\n\n\t\t\t\n\t\t\t<div class=\"effect-sparkle bg-effect fill no-click\"><\/div>\n\t\t\t\n\t<div class=\"is-border\"\n\t\tstyle=\"border-color:rgb(235, 235, 235);border-width:0px 0px 0px 0px;\">\n\t<\/div>\n\n\t\t<\/div>\n\n\t\t\n\n\t\t<div class=\"section-content relative\">\n\t\t\t\n<div class=\"container section-title-container titulua hide-for-small\" style=\"margin-top:82px;margin-bottom:36px;\"><h1 class=\"section-title section-title-center\"><b><\/b><span class=\"section-title-main\" style=\"font-size:242%;color:rgb(255, 255, 255);\">Literatura Infantil<\/span><b><\/b><\/h1><\/div>\n\t\t<\/div>\n\n\t\t\n<style>\n#section_309600770 {\n  padding-top: 54px;\n  padding-bottom: 54px;\n  margin-bottom: 0px;\n  min-height: 388px;\n  background-color: rgb(245, 245, 245);\n}\n#section_309600770 .section-bg.bg-loaded {\n  background-image: url(https:\/\/amesgile.com\/wp-content\/uploads\/2021\/09\/Umeak-fondoURDINA-2.jpg);\n}\n#section_309600770 .section-bg {\n  background-position: 0 000%;\n}\n@media (min-width:550px) {\n  #section_309600770 {\n    padding-top: 0px;\n    padding-bottom: 0px;\n    min-height: 1000px;\n  }\n}\n<\/style>\n\t<\/section>\n\t\n<div class=\"container section-title-container titulua show-for-small\" style=\"margin-top:1px;margin-bottom:22px;\"><h1 class=\"section-title section-title-normal\"><b><\/b><span class=\"section-title-main\" style=\"font-size:187%;color:rgb(0, 0, 0);\">Literatura Infantil<\/span><b><\/b><\/h1><\/div>\n<h3 style=\"text-align: center;\"><em><strong><span style=\"font-size: 110%;\">Dom\u00ednios da fantasia<br \/>\nNuvens coloridas<br \/>\nCheio de estrelas brilhantes<br \/>\nPara que as crian\u00e7as sonhem, desfrutem e aprendam<br \/>\nAtrav\u00e9s dos meus sonhos<\/span><\/strong><\/em><\/h3>\n<p style=\"text-align: center;\">Betzaida Urtaza Elizburu<\/p>\n<div class=\"row\"  id=\"row-1667630251\">\n\n\t<div id=\"col-226727257\" class=\"col small-12 large-12\"  >\n\t\t\t\t<div class=\"col-inner\"  >\n\t\t\t\n\t\t\t\n<div class=\"container section-title-container\" ><h1 class=\"section-title section-title-normal\"><b><\/b><span class=\"section-title-main\" style=\"font-size:165%;\">LIVROS ILUSTRADOS<\/span><b><\/b><\/h1><\/div>\n\t\t<\/div>\n\t\t\t\t\t<\/div>\n\n\t\n\n<style>\n#row-1667630251 > .col > .col-inner {\n  padding: 77px 0px 62px 0px;\n}\n<\/style>\n<\/div>\n\n  \n    <div id=\"product-grid-557474577\" class=\"row large-columns-3 medium-columns- small-columns-2 row-small row-masonry\" data-packery-options='{\"itemSelector\": \".col\", \"gutter\": 0, \"presentageWidth\" : true}'>\n\n  \t\n\t     <div class=\"col\" >\n\t\t\t\t\t\t<div class=\"col-inner\">\n\t\t\t\t\t\t\n<div class=\"badge-container absolute left top z-1\">\n\n<div class=\"badge callout badge-circle\"><div class=\"badge-inner callout-new-bg is-small new-bubble\">Pt<\/div><\/div><\/div>\n\t\t\t\t\t\t<div class=\"product-small box has-hover box-normal box-text-bottom\">\n\t\t\t\t\t\t\t<div class=\"box-image\" >\n\t\t\t\t\t\t\t\t<div class=\"\" >\n\t\t\t\t\t\t\t\t\t<a href=\"https:\/\/amesgile.com\/pt-pt\/produktua\/beijos-e-abracos-magicos\/\" aria-label=\"Beijos e abra\u00e7os m\u00e1gicos\">\n\t\t\t\t\t\t\t\t\t\t<img width=\"500\" height=\"500\" src=\"https:\/\/amesgile.com\/wp-content\/uploads\/2023\/05\/Beijos-pt-2-500x500.jpg\" class=\"show-on-hover absolute fill hide-for-small back-image\" alt=\"\" decoding=\"async\" loading=\"lazy\" srcset=\"https:\/\/amesgile.com\/wp-content\/uploads\/2023\/05\/Beijos-pt-2-500x500.jpg 500w, https:\/\/amesgile.com\/wp-content\/uploads\/2023\/05\/Beijos-pt-2-150x150.jpg 150w, https:\/\/amesgile.com\/wp-content\/uploads\/2023\/05\/Beijos-pt-2-100x100.jpg 100w\" sizes=\"(max-width: 500px) 100vw, 500px\" \/><img width=\"500\" height=\"500\" src=\"https:\/\/amesgile.com\/wp-content\/uploads\/2023\/05\/Beijos-pt-1-500x500.jpg\" class=\"attachment-woocommerce_thumbnail size-woocommerce_thumbnail\" alt=\"\" decoding=\"async\" loading=\"lazy\" srcset=\"https:\/\/amesgile.com\/wp-content\/uploads\/2023\/05\/Beijos-pt-1-500x500.jpg 500w, https:\/\/amesgile.com\/wp-content\/uploads\/2023\/05\/Beijos-pt-1-150x150.jpg 150w, https:\/\/amesgile.com\/wp-content\/uploads\/2023\/05\/Beijos-pt-1-100x100.jpg 100w\" sizes=\"(max-width: 500px) 100vw, 500px\" \/>\t\t\t\t\t\t\t\t\t<\/a>\n\t\t\t\t\t\t\t\t\t\t\t\t\t\t\t\t\t\t \t\t\t\t\t\t\t\t<\/div>\n\t\t\t\t\t\t\t\t<div class=\"image-tools top right show-on-hover\">\n\t\t\t\t\t\t\t\t\t\t\t\t\t\t\t\t\t<\/div>\n\t\t\t\t\t\t\t\t\t\t\t\t\t\t\t\t\t<div class=\"image-tools grid-tools text-center hide-for-small bottom hover-slide-in show-on-hover\">\n\t\t\t\t\t\t\t\t\t\t\t\t\t\t\t\t\t\t\t<\/div>\n\t\t\t\t\t\t\t\t\t\t\t\t\t\t\t\t\t\t\t\t\t\t\t<\/div>\n\n\t\t\t\t\t\t\t<div class=\"box-text text-center\" >\n\t\t\t\t\t\t\t\t<div class=\"title-wrapper\"><\/div><div class=\"price-wrapper\"><\/div>\t\t\t\t\t\t\t<\/div>\n\t\t\t\t\t\t<\/div>\n\t\t\t\t\t\t<\/div>\n\t\t\t\t\t<\/div><div class=\"col\" >\n\t\t\t\t\t\t<div class=\"col-inner\">\n\t\t\t\t\t\t\n<div class=\"badge-container absolute left top z-1\">\n\n<div class=\"badge callout badge-circle\"><div class=\"badge-inner callout-new-bg is-small new-bubble\">Pt<\/div><\/div><\/div>\n\t\t\t\t\t\t<div class=\"product-small box has-hover box-normal box-text-bottom\">\n\t\t\t\t\t\t\t<div class=\"box-image\" >\n\t\t\t\t\t\t\t\t<div class=\"\" >\n\t\t\t\t\t\t\t\t\t<a href=\"https:\/\/amesgile.com\/pt-pt\/produktua\/beijos-e-abracos\/\" aria-label=\"Beijos e abra\u00e7os\">\n\t\t\t\t\t\t\t\t\t\t<img width=\"500\" height=\"500\" src=\"https:\/\/amesgile.com\/wp-content\/uploads\/2022\/01\/Beijos2-500x500.jpg\" class=\"show-on-hover absolute fill hide-for-small back-image\" alt=\"\" decoding=\"async\" loading=\"lazy\" srcset=\"https:\/\/amesgile.com\/wp-content\/uploads\/2022\/01\/Beijos2-500x500.jpg 500w, https:\/\/amesgile.com\/wp-content\/uploads\/2022\/01\/Beijos2-150x150.jpg 150w, https:\/\/amesgile.com\/wp-content\/uploads\/2022\/01\/Beijos2-100x100.jpg 100w\" sizes=\"(max-width: 500px) 100vw, 500px\" \/><img width=\"500\" height=\"500\" src=\"https:\/\/amesgile.com\/wp-content\/uploads\/2022\/01\/Beijos1-500x500.jpg\" class=\"attachment-woocommerce_thumbnail size-woocommerce_thumbnail\" alt=\"\" decoding=\"async\" loading=\"lazy\" srcset=\"https:\/\/amesgile.com\/wp-content\/uploads\/2022\/01\/Beijos1-500x500.jpg 500w, https:\/\/amesgile.com\/wp-content\/uploads\/2022\/01\/Beijos1-150x150.jpg 150w, https:\/\/amesgile.com\/wp-content\/uploads\/2022\/01\/Beijos1-100x100.jpg 100w\" sizes=\"(max-width: 500px) 100vw, 500px\" \/>\t\t\t\t\t\t\t\t\t<\/a>\n\t\t\t\t\t\t\t\t\t\t\t\t\t\t\t\t\t\t \t\t\t\t\t\t\t\t<\/div>\n\t\t\t\t\t\t\t\t<div class=\"image-tools top right show-on-hover\">\n\t\t\t\t\t\t\t\t\t\t\t\t\t\t\t\t\t<\/div>\n\t\t\t\t\t\t\t\t\t\t\t\t\t\t\t\t\t<div class=\"image-tools grid-tools text-center hide-for-small bottom hover-slide-in show-on-hover\">\n\t\t\t\t\t\t\t\t\t\t\t\t\t\t\t\t\t\t\t<\/div>\n\t\t\t\t\t\t\t\t\t\t\t\t\t\t\t\t\t\t\t\t\t\t\t<\/div>\n\n\t\t\t\t\t\t\t<div class=\"box-text text-center\" >\n\t\t\t\t\t\t\t\t<div class=\"title-wrapper\"><\/div><div class=\"price-wrapper\"><\/div>\t\t\t\t\t\t\t<\/div>\n\t\t\t\t\t\t<\/div>\n\t\t\t\t\t\t<\/div>\n\t\t\t\t\t<\/div><div class=\"col\" >\n\t\t\t\t\t\t<div class=\"col-inner\">\n\t\t\t\t\t\t\n<div class=\"badge-container absolute left top z-1\">\n\n<div class=\"badge callout badge-circle\"><div class=\"badge-inner callout-new-bg is-small new-bubble\">Pt<\/div><\/div><\/div>\n\t\t\t\t\t\t<div class=\"product-small box has-hover box-normal box-text-bottom\">\n\t\t\t\t\t\t\t<div class=\"box-image\" >\n\t\t\t\t\t\t\t\t<div class=\"\" >\n\t\t\t\t\t\t\t\t\t<a href=\"https:\/\/amesgile.com\/pt-pt\/produktua\/malen-e-a-estrela-do-mar\/\" aria-label=\"Malen e a estrela-do-mar\">\n\t\t\t\t\t\t\t\t\t\t<img width=\"500\" height=\"500\" src=\"https:\/\/amesgile.com\/wp-content\/uploads\/2022\/01\/Malen-pt2-500x500.jpg\" class=\"show-on-hover absolute fill hide-for-small back-image\" alt=\"\" decoding=\"async\" loading=\"lazy\" srcset=\"https:\/\/amesgile.com\/wp-content\/uploads\/2022\/01\/Malen-pt2-500x500.jpg 500w, https:\/\/amesgile.com\/wp-content\/uploads\/2022\/01\/Malen-pt2-150x150.jpg 150w, https:\/\/amesgile.com\/wp-content\/uploads\/2022\/01\/Malen-pt2-100x100.jpg 100w\" sizes=\"(max-width: 500px) 100vw, 500px\" \/><img width=\"500\" height=\"500\" src=\"https:\/\/amesgile.com\/wp-content\/uploads\/2022\/01\/Malen-pt1-500x500.jpg\" class=\"attachment-woocommerce_thumbnail size-woocommerce_thumbnail\" alt=\"\" decoding=\"async\" loading=\"lazy\" srcset=\"https:\/\/amesgile.com\/wp-content\/uploads\/2022\/01\/Malen-pt1-500x500.jpg 500w, https:\/\/amesgile.com\/wp-content\/uploads\/2022\/01\/Malen-pt1-150x150.jpg 150w, https:\/\/amesgile.com\/wp-content\/uploads\/2022\/01\/Malen-pt1-100x100.jpg 100w\" sizes=\"(max-width: 500px) 100vw, 500px\" \/>\t\t\t\t\t\t\t\t\t<\/a>\n\t\t\t\t\t\t\t\t\t\t\t\t\t\t\t\t\t\t \t\t\t\t\t\t\t\t<\/div>\n\t\t\t\t\t\t\t\t<div class=\"image-tools top right show-on-hover\">\n\t\t\t\t\t\t\t\t\t\t\t\t\t\t\t\t\t<\/div>\n\t\t\t\t\t\t\t\t\t\t\t\t\t\t\t\t\t<div class=\"image-tools grid-tools text-center hide-for-small bottom hover-slide-in show-on-hover\">\n\t\t\t\t\t\t\t\t\t\t\t\t\t\t\t\t\t\t\t<\/div>\n\t\t\t\t\t\t\t\t\t\t\t\t\t\t\t\t\t\t\t\t\t\t\t<\/div>\n\n\t\t\t\t\t\t\t<div class=\"box-text text-center\" >\n\t\t\t\t\t\t\t\t<div class=\"title-wrapper\"><\/div><div class=\"price-wrapper\"><\/div>\t\t\t\t\t\t\t<\/div>\n\t\t\t\t\t\t<\/div>\n\t\t\t\t\t\t<\/div>\n\t\t\t\t\t<\/div><div class=\"col\" >\n\t\t\t\t\t\t<div class=\"col-inner\">\n\t\t\t\t\t\t\n<div class=\"badge-container absolute left top z-1\">\n\n<\/div>\n\t\t\t\t\t\t<div class=\"product-small box has-hover box-normal box-text-bottom\">\n\t\t\t\t\t\t\t<div class=\"box-image\" >\n\t\t\t\t\t\t\t\t<div class=\"\" >\n\t\t\t\t\t\t\t\t\t<a href=\"https:\/\/amesgile.com\/pt-pt\/produktua\/noite\/\" aria-label=\"NOITE\">\n\t\t\t\t\t\t\t\t\t\t<img width=\"500\" height=\"500\" src=\"https:\/\/amesgile.com\/wp-content\/uploads\/2021\/09\/PT2-500x500.jpg\" class=\"show-on-hover absolute fill hide-for-small back-image\" alt=\"\" decoding=\"async\" loading=\"lazy\" srcset=\"https:\/\/amesgile.com\/wp-content\/uploads\/2021\/09\/PT2-500x500.jpg 500w, https:\/\/amesgile.com\/wp-content\/uploads\/2021\/09\/PT2-300x300.jpg 300w, https:\/\/amesgile.com\/wp-content\/uploads\/2021\/09\/PT2-1024x1024.jpg 1024w, https:\/\/amesgile.com\/wp-content\/uploads\/2021\/09\/PT2-150x150.jpg 150w, https:\/\/amesgile.com\/wp-content\/uploads\/2021\/09\/PT2-768x768.jpg 768w, https:\/\/amesgile.com\/wp-content\/uploads\/2021\/09\/PT2-1536x1536.jpg 1536w, https:\/\/amesgile.com\/wp-content\/uploads\/2021\/09\/PT2-2048x2048.jpg 2048w, https:\/\/amesgile.com\/wp-content\/uploads\/2021\/09\/PT2-700x700.jpg 700w, https:\/\/amesgile.com\/wp-content\/uploads\/2021\/09\/PT2-100x100.jpg 100w\" sizes=\"(max-width: 500px) 100vw, 500px\" \/><img width=\"500\" height=\"500\" src=\"https:\/\/amesgile.com\/wp-content\/uploads\/2021\/09\/PT1-500x500.jpg\" class=\"attachment-woocommerce_thumbnail size-woocommerce_thumbnail\" alt=\"\" decoding=\"async\" loading=\"lazy\" srcset=\"https:\/\/amesgile.com\/wp-content\/uploads\/2021\/09\/PT1-500x500.jpg 500w, https:\/\/amesgile.com\/wp-content\/uploads\/2021\/09\/PT1-300x300.jpg 300w, https:\/\/amesgile.com\/wp-content\/uploads\/2021\/09\/PT1-1024x1024.jpg 1024w, https:\/\/amesgile.com\/wp-content\/uploads\/2021\/09\/PT1-150x150.jpg 150w, https:\/\/amesgile.com\/wp-content\/uploads\/2021\/09\/PT1-768x768.jpg 768w, https:\/\/amesgile.com\/wp-content\/uploads\/2021\/09\/PT1-1536x1536.jpg 1536w, https:\/\/amesgile.com\/wp-content\/uploads\/2021\/09\/PT1-2048x2048.jpg 2048w, https:\/\/amesgile.com\/wp-content\/uploads\/2021\/09\/PT1-700x700.jpg 700w, https:\/\/amesgile.com\/wp-content\/uploads\/2021\/09\/PT1-100x100.jpg 100w\" sizes=\"(max-width: 500px) 100vw, 500px\" \/>\t\t\t\t\t\t\t\t\t<\/a>\n\t\t\t\t\t\t\t\t\t\t\t\t\t\t\t\t\t\t \t\t\t\t\t\t\t\t<\/div>\n\t\t\t\t\t\t\t\t<div class=\"image-tools top right show-on-hover\">\n\t\t\t\t\t\t\t\t\t\t\t\t\t\t\t\t\t<\/div>\n\t\t\t\t\t\t\t\t\t\t\t\t\t\t\t\t\t<div class=\"image-tools grid-tools text-center hide-for-small bottom hover-slide-in show-on-hover\">\n\t\t\t\t\t\t\t\t\t\t\t\t\t\t\t\t\t\t\t<\/div>\n\t\t\t\t\t\t\t\t\t\t\t\t\t\t\t\t\t\t\t\t\t\t\t<\/div>\n\n\t\t\t\t\t\t\t<div class=\"box-text text-center\" >\n\t\t\t\t\t\t\t\t<div class=\"title-wrapper\"><\/div><div class=\"price-wrapper\"><\/div>\t\t\t\t\t\t\t<\/div>\n\t\t\t\t\t\t<\/div>\n\t\t\t\t\t\t<\/div>\n\t\t\t\t\t<\/div><div class=\"col\" >\n\t\t\t\t\t\t<div class=\"col-inner\">\n\t\t\t\t\t\t\n<div class=\"badge-container absolute left top z-1\">\n\n<\/div>\n\t\t\t\t\t\t<div class=\"product-small box has-hover box-normal box-text-bottom\">\n\t\t\t\t\t\t\t<div class=\"box-image\" >\n\t\t\t\t\t\t\t\t<div class=\"\" >\n\t\t\t\t\t\t\t\t\t<a href=\"https:\/\/amesgile.com\/pt-pt\/produktua\/amalia-e-a-viagem-ao-espaco\/\" aria-label=\"Amalia e a viagem ao espa\u00e7o\">\n\t\t\t\t\t\t\t\t\t\t<img width=\"500\" height=\"500\" src=\"https:\/\/amesgile.com\/wp-content\/uploads\/2021\/09\/IMG20210604174248Portugues-500x500.jpg\" class=\"show-on-hover absolute fill hide-for-small back-image\" alt=\"\" decoding=\"async\" loading=\"lazy\" srcset=\"https:\/\/amesgile.com\/wp-content\/uploads\/2021\/09\/IMG20210604174248Portugues-500x500.jpg 500w, https:\/\/amesgile.com\/wp-content\/uploads\/2021\/09\/IMG20210604174248Portugues-150x150.jpg 150w, https:\/\/amesgile.com\/wp-content\/uploads\/2021\/09\/IMG20210604174248Portugues-100x100.jpg 100w\" sizes=\"(max-width: 500px) 100vw, 500px\" \/><img width=\"500\" height=\"500\" src=\"https:\/\/amesgile.com\/wp-content\/uploads\/2021\/09\/IMG20210604174232-1-500x500.jpg\" class=\"attachment-woocommerce_thumbnail size-woocommerce_thumbnail\" alt=\"\" decoding=\"async\" loading=\"lazy\" srcset=\"https:\/\/amesgile.com\/wp-content\/uploads\/2021\/09\/IMG20210604174232-1-500x500.jpg 500w, https:\/\/amesgile.com\/wp-content\/uploads\/2021\/09\/IMG20210604174232-1-150x150.jpg 150w, https:\/\/amesgile.com\/wp-content\/uploads\/2021\/09\/IMG20210604174232-1-100x100.jpg 100w\" sizes=\"(max-width: 500px) 100vw, 500px\" \/>\t\t\t\t\t\t\t\t\t<\/a>\n\t\t\t\t\t\t\t\t\t\t\t\t\t\t\t\t\t\t \t\t\t\t\t\t\t\t<\/div>\n\t\t\t\t\t\t\t\t<div class=\"image-tools top right show-on-hover\">\n\t\t\t\t\t\t\t\t\t\t\t\t\t\t\t\t\t<\/div>\n\t\t\t\t\t\t\t\t\t\t\t\t\t\t\t\t\t<div class=\"image-tools grid-tools text-center hide-for-small bottom hover-slide-in show-on-hover\">\n\t\t\t\t\t\t\t\t\t\t\t\t\t\t\t\t\t\t\t<\/div>\n\t\t\t\t\t\t\t\t\t\t\t\t\t\t\t\t\t\t\t\t\t\t\t<\/div>\n\n\t\t\t\t\t\t\t<div class=\"box-text text-center\" >\n\t\t\t\t\t\t\t\t<div class=\"title-wrapper\"><\/div><div class=\"price-wrapper\"><\/div>\t\t\t\t\t\t\t<\/div>\n\t\t\t\t\t\t<\/div>\n\t\t\t\t\t\t<\/div>\n\t\t\t\t\t<\/div><div class=\"col\" >\n\t\t\t\t\t\t<div class=\"col-inner\">\n\t\t\t\t\t\t\n<div class=\"badge-container absolute left top z-1\">\n\n<div class=\"badge callout badge-circle\"><div class=\"badge-inner callout-new-bg is-small new-bubble\">Pt<\/div><\/div><\/div>\n\t\t\t\t\t\t<div class=\"product-small box has-hover box-normal box-text-bottom\">\n\t\t\t\t\t\t\t<div class=\"box-image\" >\n\t\t\t\t\t\t\t\t<div class=\"\" >\n\t\t\t\t\t\t\t\t\t<a href=\"https:\/\/amesgile.com\/pt-pt\/produktua\/maria-e-o-surpreendente-mundo-de-amla\/\" aria-label=\"Maria e o surpreendente mundo de Amla\">\n\t\t\t\t\t\t\t\t\t\t<img width=\"500\" height=\"500\" src=\"https:\/\/amesgile.com\/wp-content\/uploads\/2022\/01\/Maria-Pt-2-500x500.jpg\" class=\"show-on-hover absolute fill hide-for-small back-image\" alt=\"\" decoding=\"async\" loading=\"lazy\" srcset=\"https:\/\/amesgile.com\/wp-content\/uploads\/2022\/01\/Maria-Pt-2-500x500.jpg 500w, https:\/\/amesgile.com\/wp-content\/uploads\/2022\/01\/Maria-Pt-2-150x150.jpg 150w, https:\/\/amesgile.com\/wp-content\/uploads\/2022\/01\/Maria-Pt-2-100x100.jpg 100w\" sizes=\"(max-width: 500px) 100vw, 500px\" \/><img width=\"500\" height=\"500\" src=\"https:\/\/amesgile.com\/wp-content\/uploads\/2022\/01\/Maria-Pt-1-500x500.jpg\" class=\"attachment-woocommerce_thumbnail size-woocommerce_thumbnail\" alt=\"\" decoding=\"async\" loading=\"lazy\" srcset=\"https:\/\/amesgile.com\/wp-content\/uploads\/2022\/01\/Maria-Pt-1-500x500.jpg 500w, https:\/\/amesgile.com\/wp-content\/uploads\/2022\/01\/Maria-Pt-1-300x300.jpg 300w, https:\/\/amesgile.com\/wp-content\/uploads\/2022\/01\/Maria-Pt-1-1024x1024.jpg 1024w, https:\/\/amesgile.com\/wp-content\/uploads\/2022\/01\/Maria-Pt-1-150x150.jpg 150w, https:\/\/amesgile.com\/wp-content\/uploads\/2022\/01\/Maria-Pt-1-768x768.jpg 768w, https:\/\/amesgile.com\/wp-content\/uploads\/2022\/01\/Maria-Pt-1-1536x1536.jpg 1536w, https:\/\/amesgile.com\/wp-content\/uploads\/2022\/01\/Maria-Pt-1-2048x2048.jpg 2048w, https:\/\/amesgile.com\/wp-content\/uploads\/2022\/01\/Maria-Pt-1-700x700.jpg 700w, https:\/\/amesgile.com\/wp-content\/uploads\/2022\/01\/Maria-Pt-1-100x100.jpg 100w\" sizes=\"(max-width: 500px) 100vw, 500px\" \/>\t\t\t\t\t\t\t\t\t<\/a>\n\t\t\t\t\t\t\t\t\t\t\t\t\t\t\t\t\t\t \t\t\t\t\t\t\t\t<\/div>\n\t\t\t\t\t\t\t\t<div class=\"image-tools top right show-on-hover\">\n\t\t\t\t\t\t\t\t\t\t\t\t\t\t\t\t\t<\/div>\n\t\t\t\t\t\t\t\t\t\t\t\t\t\t\t\t\t<div class=\"image-tools grid-tools text-center hide-for-small bottom hover-slide-in show-on-hover\">\n\t\t\t\t\t\t\t\t\t\t\t\t\t\t\t\t\t\t\t<\/div>\n\t\t\t\t\t\t\t\t\t\t\t\t\t\t\t\t\t\t\t\t\t\t\t<\/div>\n\n\t\t\t\t\t\t\t<div class=\"box-text text-center\" >\n\t\t\t\t\t\t\t\t<div class=\"title-wrapper\"><\/div><div class=\"price-wrapper\"><\/div>\t\t\t\t\t\t\t<\/div>\n\t\t\t\t\t\t<\/div>\n\t\t\t\t\t\t<\/div>\n\t\t\t\t\t<\/div><\/div>\n\t<section class=\"section\" id=\"section_1994827453\">\n\t\t<div class=\"bg section-bg fill bg-fill  \" >\n\n\t\t\t\n\t\t\t<button class=\"scroll-for-more z-5 icon absolute bottom h-center\" aria-label=\"Scroll for more\"><i class=\"icon-angle-down\" style=\"font-size:42px;\" ><\/i><\/button>\n\t\t\t\n\n\t\t<\/div>\n\n\t\t\n\n\t\t<div class=\"section-content relative\">\n\t\t\t\n<div class=\"row\"  id=\"row-1382439553\">\n\n\t<div id=\"col-64822495\" class=\"col small-12 large-12\"  >\n\t\t\t\t<div class=\"col-inner\"  >\n\t\t\t\n\t\t\t\n\t<div id=\"gap-164877430\" class=\"gap-element clearfix\" style=\"display:block; height:auto;\">\n\t\t\n<style>\n#gap-164877430 {\n  padding-top: 0px;\n}\n@media (min-width:550px) {\n  #gap-164877430 {\n    padding-top: 172px;\n  }\n}\n@media (min-width:850px) {\n  #gap-164877430 {\n    padding-top: 726px;\n  }\n}\n<\/style>\n\t<\/div>\n\t\n\t\t<\/div>\n\t\t\t\t\n<style>\n#col-64822495 > .col-inner {\n  padding: 36px 0px 0px 0px;\n  margin: 57px 0px 7px 0px;\n}\n@media (min-width:550px) {\n  #col-64822495 > .col-inner {\n    padding: 78px 0px 0px 0px;\n    margin: 106px 0px 7px 0px;\n  }\n}\n@media (min-width:850px) {\n  #col-64822495 > .col-inner {\n    padding: 131px 0px 0px 0px;\n  }\n}\n<\/style>\n\t<\/div>\n\n\t\n\n<style>\n#row-1382439553 > .col > .col-inner {\n  padding: 100px 50px 10px 0px;\n}\n<\/style>\n<\/div>\n\t\t<\/div>\n\n\t\t\n<style>\n#section_1994827453 {\n  padding-top: 0px;\n  padding-bottom: 0px;\n  margin-bottom: 0px;\n  min-height: 0px;\n}\n#section_1994827453 .section-bg.bg-loaded {\n  background-image: url(https:\/\/amesgile.com\/wp-content\/uploads\/2021\/09\/Behekoa-umeak.png);\n}\n@media (min-width:550px) {\n  #section_1994827453 {\n    padding-top: 15px;\n    padding-bottom: 15px;\n  }\n}\n@media (min-width:850px) {\n  #section_1994827453 {\n    padding-top: 0px;\n    padding-bottom: 0px;\n    min-height: 1300px;\n  }\n}\n<\/style>\n\t<\/section>\n\t\n","protected":false},"excerpt":{"rendered":"<p>Dom\u00ednios da fantasia Nuvens coloridas Cheio de estrelas brilhantes Para que as crian\u00e7as sonhem, desfrutem e aprendam Atrav\u00e9s dos meus sonhos Betzaida Urtaza Elizburu<\/p>\n","protected":false},"author":1,"featured_media":0,"parent":0,"menu_order":0,"comment_status":"closed","ping_status":"closed","template":"page-transparent-header-light.php","meta":{"footnotes":""},"_links":{"self":[{"href":"https:\/\/amesgile.com\/pt-pt\/wp-json\/wp\/v2\/pages\/3465"}],"collection":[{"href":"https:\/\/amesgile.com\/pt-pt\/wp-json\/wp\/v2\/pages"}],"about":[{"href":"https:\/\/amesgile.com\/pt-pt\/wp-json\/wp\/v2\/types\/page"}],"author":[{"embeddable":true,"href":"https:\/\/amesgile.com\/pt-pt\/wp-json\/wp\/v2\/users\/1"}],"replies":[{"embeddable":true,"href":"https:\/\/amesgile.com\/pt-pt\/wp-json\/wp\/v2\/comments?post=3465"}],"version-history":[{"count":8,"href":"https:\/\/amesgile.com\/pt-pt\/wp-json\/wp\/v2\/pages\/3465\/revisions"}],"predecessor-version":[{"id":4880,"href":"https:\/\/amesgile.com\/pt-pt\/wp-json\/wp\/v2\/pages\/3465\/revisions\/4880"}],"wp:attachment":[{"href":"https:\/\/amesgile.com\/pt-pt\/wp-json\/wp\/v2\/media?parent=3465"}],"curies":[{"name":"wp","href":"https:\/\/api.w.org\/{rel}","templated":true}]}}