{"id":3791,"date":"2022-01-12T18:57:22","date_gmt":"2022-01-12T18:57:22","guid":{"rendered":"https:\/\/amesgile.com\/?post_type=product&#038;p=3791"},"modified":"2023-02-02T06:42:21","modified_gmt":"2023-02-02T06:42:21","slug":"maria-e-o-surpreendente-mundo-de-amla","status":"publish","type":"product","link":"https:\/\/amesgile.com\/pt-pt\/produktua\/maria-e-o-surpreendente-mundo-de-amla\/","title":{"rendered":"Maria e o surpreendente mundo de Amla"},"content":{"rendered":"<p>Nunca se sabe que surpresas se podem encontrar.<\/p>\n<p>Abra este livro e ver\u00e1 que belo mundo \u00e9 o que o leva a ter.<\/p>\n<p>Viaje com Maria para o mundo de Amla.<\/p>\n<p>Nesta hist\u00f3ria ilustrada eles trabalham as emo\u00e7\u00f5es atrav\u00e9s das cores e que as diferen\u00e7as s\u00e3o boas. \u00c9 uma hist\u00f3ria terna, em que a amizade tamb\u00e9m \u00e9 ensinada, com ilustra\u00e7\u00f5es muito bonitas e coloridas.<\/p>\n<p>&nbsp;<\/p>\n<p>*Livro ilustrado em portugu\u00eas<\/p>\n<p>*Tamanho: 29x25cm<\/p>\n<p>*Capa macia<\/p>\n<p>*Impresso a 100% no Pa\u00eds Basco (Espanha)<\/p>\n","protected":false},"excerpt":{"rendered":"<p>Nunca se sabe que surpresas se podem encontrar.<\/p>\n<p>Abra este livro e ver\u00e1 que belo mundo \u00e9 o que o leva a ter.<\/p>\n<p>Viaje com Maria para o mundo de Amla.<\/p>\n<p>Nesta hist\u00f3ria ilustrada eles trabalham as emo\u00e7\u00f5es atrav\u00e9s das cores e que as diferen\u00e7as s\u00e3o boas. \u00c9 uma hist\u00f3ria terna, em que a amizade tamb\u00e9m \u00e9 ensinada, com ilustra\u00e7\u00f5es muito bonitas e coloridas.<\/p>\n<p>&nbsp;<\/p>\n<p>*Livro ilustrado em portugu\u00eas<\/p>\n<p>*Tamanho: 29x25cm<\/p>\n<p>*Capa macia<\/p>\n<p>*Impresso a 100% no Pa\u00eds Basco (Espanha)<\/p>\n","protected":false},"featured_media":3792,"template":"","meta":[],"product_cat":[142,141,144],"product_tag":[],"_links":{"self":[{"href":"https:\/\/amesgile.com\/pt-pt\/wp-json\/wp\/v2\/product\/3791"}],"collection":[{"href":"https:\/\/amesgile.com\/pt-pt\/wp-json\/wp\/v2\/product"}],"about":[{"href":"https:\/\/amesgile.com\/pt-pt\/wp-json\/wp\/v2\/types\/product"}],"wp:featuredmedia":[{"embeddable":true,"href":"https:\/\/amesgile.com\/pt-pt\/wp-json\/wp\/v2\/media\/3792"}],"wp:attachment":[{"href":"https:\/\/amesgile.com\/pt-pt\/wp-json\/wp\/v2\/media?parent=3791"}],"wp:term":[{"taxonomy":"product_cat","embeddable":true,"href":"https:\/\/amesgile.com\/pt-pt\/wp-json\/wp\/v2\/product_cat?post=3791"},{"taxonomy":"product_tag","embeddable":true,"href":"https:\/\/amesgile.com\/pt-pt\/wp-json\/wp\/v2\/product_tag?post=3791"}],"curies":[{"name":"wp","href":"https:\/\/api.w.org\/{rel}","templated":true}]}}