{"id":4234,"date":"2022-10-20T11:01:56","date_gmt":"2022-10-20T11:01:56","guid":{"rendered":"https:\/\/amesgile.com\/?post_type=product&#038;p=4234"},"modified":"2023-02-09T05:00:52","modified_gmt":"2023-02-09T05:00:52","slug":"amalia-e-a-viagem-ao-espaco","status":"publish","type":"product","link":"https:\/\/amesgile.com\/pt-pt\/produktua\/amalia-e-a-viagem-ao-espaco\/","title":{"rendered":"Amalia e a viagem ao espa\u00e7o"},"content":{"rendered":"","protected":false},"excerpt":{"rendered":"<p>Um livro cheio de cor, fantasia e alegria. Junte-se \u00e0 nossa protagonista Amalia e ao seu c\u00e3o Malis nesta aventura espacial cheia de imagina\u00e7\u00e3o. Esta hist\u00f3ria \u00e9 cheia de surpresas, com uma ilustra\u00e7\u00e3o para as crian\u00e7as colorirem.<\/p>\n<p><em>*Livro Ilustrado em portugu\u00eas<\/em><br \/>\n<em>* Tamanho: 29x24cm<\/em><br \/>\n<em>* Capa mole<\/em><\/p>\n","protected":false},"featured_media":3418,"template":"","meta":[],"product_cat":[142,144],"product_tag":[],"_links":{"self":[{"href":"https:\/\/amesgile.com\/pt-pt\/wp-json\/wp\/v2\/product\/4234"}],"collection":[{"href":"https:\/\/amesgile.com\/pt-pt\/wp-json\/wp\/v2\/product"}],"about":[{"href":"https:\/\/amesgile.com\/pt-pt\/wp-json\/wp\/v2\/types\/product"}],"wp:featuredmedia":[{"embeddable":true,"href":"https:\/\/amesgile.com\/pt-pt\/wp-json\/wp\/v2\/media\/3418"}],"wp:attachment":[{"href":"https:\/\/amesgile.com\/pt-pt\/wp-json\/wp\/v2\/media?parent=4234"}],"wp:term":[{"taxonomy":"product_cat","embeddable":true,"href":"https:\/\/amesgile.com\/pt-pt\/wp-json\/wp\/v2\/product_cat?post=4234"},{"taxonomy":"product_tag","embeddable":true,"href":"https:\/\/amesgile.com\/pt-pt\/wp-json\/wp\/v2\/product_tag?post=4234"}],"curies":[{"name":"wp","href":"https:\/\/api.w.org\/{rel}","templated":true}]}}