{"id":4241,"date":"2022-10-20T11:22:53","date_gmt":"2022-10-20T11:22:53","guid":{"rendered":"https:\/\/amesgile.com\/?post_type=product&#038;p=4241"},"modified":"2023-02-09T05:00:29","modified_gmt":"2023-02-09T05:00:29","slug":"noite","status":"publish","type":"product","link":"https:\/\/amesgile.com\/pt-pt\/produktua\/noite\/","title":{"rendered":"NOITE"},"content":{"rendered":"","protected":false},"excerpt":{"rendered":"<p>Uma menina perde-se na floresta e escurece.<\/p>\n<p>Ser\u00e1 ela capaz de chegar a casa? O que lhe vai acontecer?<\/p>\n<p>Esta hist\u00f3ria ilustrada \u00e9 um poema onde a noite e a natureza se misturam, para aprender a enfrentar a solid\u00e3o e o medo.<\/p>\n<p>&nbsp;<\/p>\n<p>*Livro ilustrado em portugu\u00eas<\/p>\n<p>*Tamanho: 25x25cm<\/p>\n<p>*Capa macia<\/p>\n","protected":false},"featured_media":3396,"template":"","meta":[],"product_cat":[145,142,141,144,143],"product_tag":[],"_links":{"self":[{"href":"https:\/\/amesgile.com\/pt-pt\/wp-json\/wp\/v2\/product\/4241"}],"collection":[{"href":"https:\/\/amesgile.com\/pt-pt\/wp-json\/wp\/v2\/product"}],"about":[{"href":"https:\/\/amesgile.com\/pt-pt\/wp-json\/wp\/v2\/types\/product"}],"wp:featuredmedia":[{"embeddable":true,"href":"https:\/\/amesgile.com\/pt-pt\/wp-json\/wp\/v2\/media\/3396"}],"wp:attachment":[{"href":"https:\/\/amesgile.com\/pt-pt\/wp-json\/wp\/v2\/media?parent=4241"}],"wp:term":[{"taxonomy":"product_cat","embeddable":true,"href":"https:\/\/amesgile.com\/pt-pt\/wp-json\/wp\/v2\/product_cat?post=4241"},{"taxonomy":"product_tag","embeddable":true,"href":"https:\/\/amesgile.com\/pt-pt\/wp-json\/wp\/v2\/product_tag?post=4241"}],"curies":[{"name":"wp","href":"https:\/\/api.w.org\/{rel}","templated":true}]}}