{"id":4252,"date":"2022-10-20T13:05:07","date_gmt":"2022-10-20T13:05:07","guid":{"rendered":"https:\/\/amesgile.com\/?post_type=product&#038;p=4252"},"modified":"2023-12-12T17:01:12","modified_gmt":"2023-12-12T15:01:12","slug":"beijos-e-abracos","status":"publish","type":"product","link":"https:\/\/amesgile.com\/pt-pt\/produktua\/beijos-e-abracos\/","title":{"rendered":"Beijos e abra\u00e7os"},"content":{"rendered":"<p>Gosta de beijos e abra\u00e7os?<\/p>\n<p>Descubra as aventuras de Uxue e da sua prima.<\/p>\n<p>Um belo e emotivo livro que exalta express\u00f5es de amor t\u00e3o importantes e que esquecemos. Brincar com crian\u00e7as pequenas e mais velhas, \u00e0 medida que aprendem os beijos e abra\u00e7os de animais.<\/p>\n<p>&nbsp;<\/p>\n<p>*Livro ilustrado em portugu\u00eas<\/p>\n<p>*Tamanho: 29x25cm<\/p>\n<p>*Capa macia<\/p>\n<p>*Impresso a 100% no Pa\u00eds Basco (Espanha)<\/p>\n","protected":false},"excerpt":{"rendered":"<p>Gosta de beijos e abra\u00e7os?<\/p>\n<p>Descubra as aventuras de Uxue e da sua prima.<\/p>\n<p>Um belo e emotivo livro que exalta express\u00f5es de amor t\u00e3o importantes e que esquecemos. Brincar com crian\u00e7as pequenas e mais velhas, \u00e0 medida que aprendem os beijos e abra\u00e7os de animais.<\/p>\n<p>&nbsp;<\/p>\n<p>*Livro ilustrado em portugu\u00eas<\/p>\n<p>*Tamanho: 29x25cm<\/p>\n<p>*Capa macia<\/p>\n<p>*Impresso a 100% no Pa\u00eds Basco (Espanha)<\/p>\n","protected":false},"featured_media":3876,"template":"","meta":[],"product_cat":[142,141,144],"product_tag":[],"_links":{"self":[{"href":"https:\/\/amesgile.com\/pt-pt\/wp-json\/wp\/v2\/product\/4252"}],"collection":[{"href":"https:\/\/amesgile.com\/pt-pt\/wp-json\/wp\/v2\/product"}],"about":[{"href":"https:\/\/amesgile.com\/pt-pt\/wp-json\/wp\/v2\/types\/product"}],"wp:featuredmedia":[{"embeddable":true,"href":"https:\/\/amesgile.com\/pt-pt\/wp-json\/wp\/v2\/media\/3876"}],"wp:attachment":[{"href":"https:\/\/amesgile.com\/pt-pt\/wp-json\/wp\/v2\/media?parent=4252"}],"wp:term":[{"taxonomy":"product_cat","embeddable":true,"href":"https:\/\/amesgile.com\/pt-pt\/wp-json\/wp\/v2\/product_cat?post=4252"},{"taxonomy":"product_tag","embeddable":true,"href":"https:\/\/amesgile.com\/pt-pt\/wp-json\/wp\/v2\/product_tag?post=4252"}],"curies":[{"name":"wp","href":"https:\/\/api.w.org\/{rel}","templated":true}]}}