{"id":4583,"date":"2023-05-26T08:28:20","date_gmt":"2023-05-26T08:28:20","guid":{"rendered":"https:\/\/amesgile.com\/?post_type=product&#038;p=4583"},"modified":"2023-05-30T11:10:54","modified_gmt":"2023-05-30T11:10:54","slug":"beijos-e-abracos-magicos","status":"publish","type":"product","link":"https:\/\/amesgile.com\/pt-pt\/produktua\/beijos-e-abracos-magicos\/","title":{"rendered":"Beijos e abra\u00e7os m\u00e1gicos"},"content":{"rendered":"<p>Lembra-se de Uxue?<br \/>\nGosta de beijos e abra\u00e7os?<br \/>\nAbra este belo livro e desfrute da magia.<\/p>\n<p>A segunda parte do livro &#8220;Beijos e abra\u00e7os&#8221;, mas desta vez com seres m\u00e1gicos. Um livro ideal para aprender diferentes formas de dar afecto e como abordar os animais.<\/p>\n<p>*Livro ilustrado em portug\u00eas<br \/>\n*\u00c1udio livro atrav\u00e9s de c\u00f3digo QR (contem musica)<br \/>\n*Tamanho: 29x25cm<br \/>\n*Capa macia<br \/>\n*Impresso a 100% no Pa\u00eds Basco (Espanha)<\/p>\n","protected":false},"excerpt":{"rendered":"<p>Lembra-se de Uxue?<br \/>\nGosta de beijos e abra\u00e7os?<br \/>\nAbra este belo livro e desfrute da magia.<\/p>\n<p>A segunda parte do livro &#8220;Beijos e abra\u00e7os&#8221;, mas desta vez com seres m\u00e1gicos. Um livro ideal para aprender diferentes formas de dar afecto e como abordar os animais.<\/p>\n<p>*Livro ilustrado em portug\u00eas<br \/>\n*\u00c1udio livro atrav\u00e9s de c\u00f3digo QR (contem musica)<br \/>\n*Tamanho: 29x25cm<br \/>\n*Capa macia<br \/>\n*Impresso a 100% no Pa\u00eds Basco (Espanha)<\/p>\n","protected":false},"featured_media":4589,"template":"","meta":[],"product_cat":[142,141,144],"product_tag":[],"_links":{"self":[{"href":"https:\/\/amesgile.com\/pt-pt\/wp-json\/wp\/v2\/product\/4583"}],"collection":[{"href":"https:\/\/amesgile.com\/pt-pt\/wp-json\/wp\/v2\/product"}],"about":[{"href":"https:\/\/amesgile.com\/pt-pt\/wp-json\/wp\/v2\/types\/product"}],"wp:featuredmedia":[{"embeddable":true,"href":"https:\/\/amesgile.com\/pt-pt\/wp-json\/wp\/v2\/media\/4589"}],"wp:attachment":[{"href":"https:\/\/amesgile.com\/pt-pt\/wp-json\/wp\/v2\/media?parent=4583"}],"wp:term":[{"taxonomy":"product_cat","embeddable":true,"href":"https:\/\/amesgile.com\/pt-pt\/wp-json\/wp\/v2\/product_cat?post=4583"},{"taxonomy":"product_tag","embeddable":true,"href":"https:\/\/amesgile.com\/pt-pt\/wp-json\/wp\/v2\/product_tag?post=4583"}],"curies":[{"name":"wp","href":"https:\/\/api.w.org\/{rel}","templated":true}]}}